
  
{"id":57702,"date":"2021-10-19T17:17:02","date_gmt":"2021-10-19T14:17:02","guid":{"rendered":"https:\/\/old.seacretehotels.com\/?page_id=57702"},"modified":"2023-05-19T18:37:29","modified_gmt":"2023-05-19T15:37:29","slug":"allinclusive-plus","status":"publish","type":"page","link":"https:\/\/old.seacretehotels.com\/fr\/kianibeachresort\/allinclusive-plus\/","title":{"rendered":"Kiani Tout Compris Plus"},"content":{"rendered":"<h1>Kiani Tout Compris Plus<\/h1>\n<p><strong><a href=\"https:\/\/old.seacretehotels.com\/wp-content\/uploads\/2022\/11\/KBR_AI_PLUS_FRENCH.pdf\" target=\"_blank\" rel=\"noopener\">D\u00e9couvrez toutes les raisons de passer \u00e0 notre forfait All-Inclusive Plus<\/a><\/p>\n<p>Veuillez noter : <\/strong>Tous les clients adultes de chaque r\u00e9servation de chambre devront \u00eatre surclass\u00e9s.<strong><br \/>\n<\/strong><\/p>\n<p>Transformez vos vacances en quelque chose de tr\u00e8s sp\u00e9cial avec notre forfait All-Inclusive Plus. Pr\u00e9parez-vous \u00e0 profiter d&rsquo;avantages suppl\u00e9mentaires lorsque vous entrez dans votre chambre avec des friandises sp\u00e9ciales qui vous attendent, vous et vos enfants, y compris une bouteille de vin gratuite pendant votre repas. Accueillez le soleil en sirotant votre cocktail sur la plage et d\u00e9couvrez le c\u00f4t\u00e9 le plus luxueux de la vie insulaire.<\/p>\n<p>Vous trouverez ci-dessous un aper\u00e7u des services suppl\u00e9mentaires disponibles pour nos clients All-Inclusive Plus. Pour 20\u20ac par adulte\/par jour, vous pouvez profiter de tous les services standard<br \/>\nAll-Inclusive, notamment:<\/p>\n<h3>SERVICES DE L\u2019H\u00d4TEL<\/h3>\n<ul>\n<li>Internet deux fois plus rapide dans toutes les zones du complexe<\/li>\n<li>G\u00e2teau gratuit pour les \u00e9v\u00e9nements sp\u00e9ciaux (par ex. anniversaires, etc.)<\/li>\n<li>Sup\u00e9rette &#8211; 10\u00a0% de r\u00e9duction<\/li>\n<li>Excursions et location de voiture (agence sur site) &#8211; 10\u00a0% de r\u00e9duction<\/li>\n<li>Utilisation en journ\u00e9e jusqu&rsquo;\u00e0 18h00 (selon disponibilit\u00e9) &#8211; 50% de r\u00e9duction<\/li>\n<\/ul>\n<h3>SERVICES DE CHAMBRE<\/h3>\n<ul>\n<li>Surclassement de la chambre (selon disponibilit\u00e9)<\/li>\n<li>Service de lavage de la vaisselle<\/li>\n<li>Blanchisserie (30% de remise)<\/li>\n<li>Service de m\u00e9nage en apr\u00e8s-midi (sur demande)<\/li>\n<li>Panier de bienvenue (vin de la maison, fruits, eau, jus et boissons sans alcool)<\/li>\n<li>Cadeau pour enfants<\/li>\n<li>Utilisation quotidienne jusqu\u2019\u00e0 18\u00a0h (selon disponibilit\u00e9)<\/li>\n<li>Machine expresso (2 capsules GRATUITES remplac\u00e9es avec le service de m\u00e9nage)<\/li>\n<li>1 bouteille d\u2019eau remplac\u00e9e chaque jour<\/li>\n<\/ul>\n<h3>REPAS ET BOISSONS<\/h3>\n<h4>Les clients peuvent profiter de tous les suppl\u00e9ments en nourriture et boissons du forfait tout-inclus ainsi que des produits suppl\u00e9mentaires suivants\u00a0:<\/h4>\n<ul>\n<li>Restaurant sur le toit (40 % de r\u00e9duction)<\/li>\n<li>Boissons alcoolis\u00e9es de marque premium gratuites<\/li>\n<li>Vin p\u00e9tillant<\/li>\n<li>Cocktails premium alcoolis\u00e9s et non alcoolis\u00e9s gratuits<\/li>\n<li>Boissons gazeuses locales<\/li>\n<li>Vin de la maison en bouteille 375\u00a0ml (2 bouteilles par personne\/jour)<\/li>\n<li>Bi\u00e8re premium gratuite<\/li>\n<li>Jus d\u2019orange frais au petit-d\u00e9jeuner et toute la journ\u00e9e au bar de la piscine et au bar de la plage<\/li>\n<li>Caf\u00e9\/th\u00e9 en libre-service de marque (espresso, cappuccino, chocolat chaud, etc.)<\/li>\n<li>Caf\u00e9 Barrista (Freddo Cappuccino, Caf\u00e9 Grec, etc.)<\/li>\n<\/ul>\n<p><strong>Vous trouverez ci-dessous une liste compl\u00e8te des spiritueux de marque premium propos\u00e9s dans notre programme All-Inclusive Plus:<\/strong><\/p>\n<p><strong>Whisky<\/strong>\u00a0: Johnnie Walker Red Label, Ballantine\u2019s, Cutty Sark, Dewar\u2019s, Haig, J&amp;B, Label 5, Jameson, Jim Beam<\/p>\n<p><strong>Rhum<\/strong>\u00a0: Bacardi, Havana Club, Captain Morgan Black, Bacardi Black<\/p>\n<p><strong>Cognacs<\/strong>\u00a0: Metaxa 3*<\/p>\n<p><strong>Vermouth &#8211; Aperitifs &#8211; Liqueurs am\u00e8res\u00a0<\/strong>: Aperol, Campari Bitter, Jagermeister, Martini Blanco, Martini Dry, Martini Rosato, Martini Rosso<\/p>\n<p><strong>Gin<\/strong>\u00a0: Beefeater, Gordons<\/p>\n<p><strong>Vodka\u00a0<\/strong>: Finlandia, Serkova, Smirnoff Red, Smirnoff North, Ursus Roter<\/p>\n<p><strong>Liqueurs<\/strong>\u00a0: Amaretto Disaronno, Archer\u2019s Peach, Baileys, Batida De Coco, Tia Maria<\/p>\n<p><strong>Sambuca<\/strong>\u00a0: Ramazzotti<\/p>\n<p><strong>Tequila\u00a0<\/strong>: Jose Cuervo Especial, Jose Cuervo Silver, Sierra Reposado, Sierra Silver<\/p>\n<h3>SPORT ET FITNESS<\/h3>\n<ul>\n<li>Utilisation du terrain de tennis (r\u00e9servation obligatoire)<\/li>\n<li>Plong\u00e9e &#8211; 10\u00a0% de r\u00e9duction<\/li>\n<\/ul>\n<h3>SPA DU KIANI BEACH RESORT<\/h3>\n<ul>\n<li>Massages, soins et installations de spa\u00a0-30\u00a0% de r\u00e9duction<\/li>\n<\/ul>\n<h3>INSTALLATIONS POUR LES ENFANTS<\/h3>\n<ul>\n<li>Peinture sur T-shirt &#8211; 20\u00a0% de r\u00e9duction<\/li>\n<\/ul>\n","protected":false},"excerpt":{"rendered":"<p>Kiani Tout Compris Plus D\u00e9couvrez toutes les raisons de passer \u00e0 notre forfait All-Inclusive Plus Veuillez noter : Tous les <\/p>\n","protected":false},"author":1,"featured_media":57707,"parent":57567,"menu_order":0,"comment_status":"closed","ping_status":"closed","template":"templates\/template--single.php","meta":[],"acf":[],"_links":{"self":[{"href":"https:\/\/old.seacretehotels.com\/fr\/wp-json\/wp\/v2\/pages\/57702"}],"collection":[{"href":"https:\/\/old.seacretehotels.com\/fr\/wp-json\/wp\/v2\/pages"}],"about":[{"href":"https:\/\/old.seacretehotels.com\/fr\/wp-json\/wp\/v2\/types\/page"}],"author":[{"embeddable":true,"href":"https:\/\/old.seacretehotels.com\/fr\/wp-json\/wp\/v2\/users\/1"}],"replies":[{"embeddable":true,"href":"https:\/\/old.seacretehotels.com\/fr\/wp-json\/wp\/v2\/comments?post=57702"}],"version-history":[{"count":19,"href":"https:\/\/old.seacretehotels.com\/fr\/wp-json\/wp\/v2\/pages\/57702\/revisions"}],"predecessor-version":[{"id":101370,"href":"https:\/\/old.seacretehotels.com\/fr\/wp-json\/wp\/v2\/pages\/57702\/revisions\/101370"}],"up":[{"embeddable":true,"href":"https:\/\/old.seacretehotels.com\/fr\/wp-json\/wp\/v2\/pages\/57567"}],"wp:featuredmedia":[{"embeddable":true,"href":"https:\/\/old.seacretehotels.com\/fr\/wp-json\/wp\/v2\/media\/57707"}],"wp:attachment":[{"href":"https:\/\/old.seacretehotels.com\/fr\/wp-json\/wp\/v2\/media?parent=57702"}],"curies":[{"name":"wp","href":"https:\/\/api.w.org\/{rel}","templated":true}]}}