
  
{"id":57689,"date":"2021-10-19T17:16:57","date_gmt":"2021-10-19T14:16:57","guid":{"rendered":"https:\/\/old.seacretehotels.com\/?page_id=57689"},"modified":"2022-11-09T12:25:20","modified_gmt":"2022-11-09T10:25:20","slug":"allinclusive-holidays","status":"publish","type":"page","link":"https:\/\/old.seacretehotels.com\/fr\/kianibeachresort\/allinclusive-holidays\/","title":{"rendered":"Kiani Forfait tout-inclus"},"content":{"rendered":"<h1>Kiani Beach Forfait tout-inclus<\/h1>\n<p>Le forfait tout-inclus standard GRATUIT propos\u00e9 au Kiani Beach Resort comprend tout depuis les repas du jour jusqu\u2019aux en-cas et aux rafra\u00eechissements tout au long de la journ\u00e9e, jusqu\u2019aux possibilit\u00e9s d\u2019activit\u00e9s, de loisirs et de divertissement pour les enfants ainsi qu\u2019\u00e0 de nombreuses aventures sportives, le tout offert par l\u2019h\u00f4tel. Organisez votre s\u00e9jour au Kiani Beach Resort et profitez de vacances sans soucis sur la plage, sans avoir \u00e0 vous inqui\u00e9ter de frais suppl\u00e9mentaires \u00e0 payer. Voici une description de ce qui est compris dans le forfait tout-inclus du Kiani Beach Resort\u00a0:<\/p>\n<h3>Services de l\u2019h\u00f4tel<\/h3>\n<p>\u2013 Serviettes de plage gratuites fournies dans votre chambre (1 jeu par semaine)<br \/>\n\u2013 Transats gratuits (Ne peuvent \u00eatre r\u00e9serv\u00e9s)<br \/>\n\u2013 Internet Wifi dans toutes les zones de la station<br \/>\n\u2013 Coffre-fort (gratuit)<\/p>\n<h3>Services de chambre<\/h3>\n<p>\u2013\u00a0Service de m\u00e9nage<\/p>\n<h3>Repas et boissons inclus dans le programme tout-inclus<\/h3>\n<p>\u2013 Tous les repas quotidiens, collations et glaces<br \/>\n\u2013 Restaurant sur le toit (payant)<br \/>\n\u2013 Du vin cr\u00e9tois local \u00e0 la pression (rouge, blanc, rose)<br \/>\n\u2013 Bi\u00e8re pression cr\u00e9toise locale<br \/>\n\u2013 Spiritueux locaux sans marque (Ouzo, Raki)<br \/>\n\u2013 Spiritueux locaux sans marque (Gin, Tequila, Rhum, Vodka, Brandy, Whisky)<br \/>\n\u2013 Du jus d\u2019orange frais au petit-d\u00e9jeuner<br \/>\n\u2013 des boissons gazeuses locales provenant d\u2019une fontaine \u00e0 soda et de l\u2019eau du robinet<br \/>\n\u2013 Caf\u00e9\/th\u00e9 en libre-service de marque (espresso, cappuccino, chocolat chaud, etc.)<\/p>\n<h3>Divertissements pour adultes<\/h3>\n<p>\u2013 Soir\u00e9es spectacle tous les jours<\/p>\n<h3>Installations pour les enfants<\/h3>\n<ul>\n<li>Aire de jeux pour enfants<\/li>\n<li>Mini disco<\/li>\n<li>Chaises hautes dans le restaurant<\/li>\n<li>Balades \u00e0 dos d\u2019\u00e2ne<\/li>\n<li>Programme d\u2019animations et club pour les enfants, 6 jours par semaine<\/li>\n<li>Maquillage pour enfants<\/li>\n<li>Peinture sur T-shirt (10\u00a0\u20ac)<\/li>\n<\/ul>\n<h3>D\u00e9tente et relaxation<\/h3>\n<ul>\n<li>Un nombre suffisant de parasols et de transats autour de la piscine sont \u00e0 la disposition de nos clients (gratuitement)<\/li>\n<li>Programme d\u2019animations avec activit\u00e9s en journ\u00e9e et spectacles en soir\u00e9e 6 jours par semaine<\/li>\n<li>WiFi gratuit dans toutes les chambres, sur la plage et dans les parties communes de l\u2019h\u00f4tel<\/li>\n<li>Internet c\u00e2bl\u00e9 gratuit dans les chambres<\/li>\n<\/ul>\n<h3>Sport and fitness<\/h3>\n<ul>\n<li>Salle de sport\/programmes de fitness organis\u00e9s (yoga, Zumba, aquagym, etc.)<\/li>\n<li>Utilisation du terrain de tennis (r\u00e9servation obligatoire, 10\u00a0\u20ac\/heure)<\/li>\n<li>Utilisation gratuite de la piscine int\u00e9rieure chauff\u00e9e<\/li>\n<\/ul>\n<h3>Services avec frais en suppl\u00e9ment (r\u00e9servations \u00e0 la r\u00e9ception)<\/h3>\n<ul>\n<li>Boutique de souvenirs<\/li>\n<li>Lavage de la vaisselle<\/li>\n<li>Plong\u00e9e<\/li>\n<li>Forfait b\u00e9b\u00e9 (lit b\u00e9b\u00e9, poussette, chaise b\u00e9b\u00e9)<\/li>\n<li>Salle de jeux avec billards et jeux \u00e9lectroniques<\/li>\n<li>Utilisation quotidienne<\/li>\n<li>M\u00e9decin de garde<\/li>\n<li>Service de taxi<\/li>\n<li>Sup\u00e9rette<\/li>\n<\/ul>\n","protected":false},"excerpt":{"rendered":"<p>Kiani Beach Forfait tout-inclus Le forfait tout-inclus standard GRATUIT propos\u00e9 au Kiani Beach Resort comprend tout depuis les repas du <\/p>\n","protected":false},"author":1,"featured_media":57700,"parent":57567,"menu_order":0,"comment_status":"closed","ping_status":"closed","template":"templates\/template--single.php","meta":[],"acf":[],"_links":{"self":[{"href":"https:\/\/old.seacretehotels.com\/fr\/wp-json\/wp\/v2\/pages\/57689"}],"collection":[{"href":"https:\/\/old.seacretehotels.com\/fr\/wp-json\/wp\/v2\/pages"}],"about":[{"href":"https:\/\/old.seacretehotels.com\/fr\/wp-json\/wp\/v2\/types\/page"}],"author":[{"embeddable":true,"href":"https:\/\/old.seacretehotels.com\/fr\/wp-json\/wp\/v2\/users\/1"}],"replies":[{"embeddable":true,"href":"https:\/\/old.seacretehotels.com\/fr\/wp-json\/wp\/v2\/comments?post=57689"}],"version-history":[{"count":10,"href":"https:\/\/old.seacretehotels.com\/fr\/wp-json\/wp\/v2\/pages\/57689\/revisions"}],"predecessor-version":[{"id":81562,"href":"https:\/\/old.seacretehotels.com\/fr\/wp-json\/wp\/v2\/pages\/57689\/revisions\/81562"}],"up":[{"embeddable":true,"href":"https:\/\/old.seacretehotels.com\/fr\/wp-json\/wp\/v2\/pages\/57567"}],"wp:featuredmedia":[{"embeddable":true,"href":"https:\/\/old.seacretehotels.com\/fr\/wp-json\/wp\/v2\/media\/57700"}],"wp:attachment":[{"href":"https:\/\/old.seacretehotels.com\/fr\/wp-json\/wp\/v2\/media?parent=57689"}],"curies":[{"name":"wp","href":"https:\/\/api.w.org\/{rel}","templated":true}]}}