
  
{"id":57644,"date":"2021-10-19T16:44:40","date_gmt":"2021-10-19T13:44:40","guid":{"rendered":"https:\/\/old.seacretehotels.com\/?page_id=57644"},"modified":"2021-12-21T15:39:31","modified_gmt":"2021-12-21T13:39:31","slug":"baby-care-en","status":"publish","type":"page","link":"https:\/\/old.seacretehotels.com\/fr\/kianibeachresort\/baby-care-en\/","title":{"rendered":"Kiani B\u00e9b\u00e9s"},"content":{"rendered":"<h1>Kiani Beach Resort &#8211; B\u00e9b\u00e9s<\/h1>\n<p>Au Kiani Beach Hotel, nous comprenons que des vacances en famille peuvent \u00eatre plus \u00e9puisantes que relaxantes quand on voyage avec un b\u00e9b\u00e9 ou un enfant en bas \u00e2ge. En plus du fait que vous devez toujours rester sur vos gardes, vous devez \u00e9galement transporter de nombreuses choses avec vous pour r\u00e9pondre aux besoins de vos tout-petits. Pour cette raison, nous sommes pr\u00eats \u00e0 vous fournir tout ce dont votre b\u00e9b\u00e9 a besoin pendant les vacances pour vous garantir un s\u00e9jour sans inqui\u00e9tude pour toute la famille. Le confort de ton enfant et le v\u00f4tre ont beaucoup d\u2019importance pour nous. C\u2019est pourquoi nous avons pris toutes les mesures n\u00e9cessaires pour que votre enfant garde le sourire, et vous aussi.<\/p>\n<h2>Profitez de vos vacances sans inqui\u00e9tude et laissez votre enfant profiter lui aussi de certains des meilleurs moments de sa vie\u00a0!<\/h2>\n<p><strong>Nous fournissons tout ce dont vous pouvez avoir besoin, y compris\u00a0:<\/strong><\/p>\n<ul>\n<li>Poussettes<\/li>\n<li>Chaises hautes dans le restaurant<\/li>\n<li>Talkies walkies<\/li>\n<li>Baignoire pour b\u00e9b\u00e9 dans la chambre<\/li>\n<li>Lit pour b\u00e9b\u00e9 dans la chambre<\/li>\n<li>St\u00e9rilisateurs<\/li>\n<\/ul>\n<p>Veuillez nous contacter directement \u00e0 <a href=\"mailto:reservations@kianibeach.com\">reservations@kianibeach.com<\/a> pour l\u2019un des services ci-dessus pour votre enfant, afin que nous puissions \u00eatre compl\u00e8tement pr\u00eats pour r\u00e9pondre \u00e0 vos besoins et \u00e0 ceux de votre enfants.<\/p>\n","protected":false},"excerpt":{"rendered":"<p>Kiani Beach Resort &#8211; B\u00e9b\u00e9s Au Kiani Beach Hotel, nous comprenons que des vacances en famille peuvent \u00eatre plus \u00e9puisantes <\/p>\n","protected":false},"author":1,"featured_media":57649,"parent":57567,"menu_order":0,"comment_status":"closed","ping_status":"closed","template":"templates\/template--single.php","meta":[],"acf":[],"_links":{"self":[{"href":"https:\/\/old.seacretehotels.com\/fr\/wp-json\/wp\/v2\/pages\/57644"}],"collection":[{"href":"https:\/\/old.seacretehotels.com\/fr\/wp-json\/wp\/v2\/pages"}],"about":[{"href":"https:\/\/old.seacretehotels.com\/fr\/wp-json\/wp\/v2\/types\/page"}],"author":[{"embeddable":true,"href":"https:\/\/old.seacretehotels.com\/fr\/wp-json\/wp\/v2\/users\/1"}],"replies":[{"embeddable":true,"href":"https:\/\/old.seacretehotels.com\/fr\/wp-json\/wp\/v2\/comments?post=57644"}],"version-history":[{"count":3,"href":"https:\/\/old.seacretehotels.com\/fr\/wp-json\/wp\/v2\/pages\/57644\/revisions"}],"predecessor-version":[{"id":57650,"href":"https:\/\/old.seacretehotels.com\/fr\/wp-json\/wp\/v2\/pages\/57644\/revisions\/57650"}],"up":[{"embeddable":true,"href":"https:\/\/old.seacretehotels.com\/fr\/wp-json\/wp\/v2\/pages\/57567"}],"wp:featuredmedia":[{"embeddable":true,"href":"https:\/\/old.seacretehotels.com\/fr\/wp-json\/wp\/v2\/media\/57649"}],"wp:attachment":[{"href":"https:\/\/old.seacretehotels.com\/fr\/wp-json\/wp\/v2\/media?parent=57644"}],"curies":[{"name":"wp","href":"https:\/\/api.w.org\/{rel}","templated":true}]}}