
  
{"id":57635,"date":"2021-10-19T16:57:38","date_gmt":"2021-10-19T13:57:38","guid":{"rendered":"https:\/\/old.seacretehotels.com\/?page_id=57635"},"modified":"2023-05-18T09:05:09","modified_gmt":"2023-05-18T06:05:09","slug":"kids-club-indoors","status":"publish","type":"page","link":"https:\/\/old.seacretehotels.com\/fr\/kianibeachresort\/kids-club-indoors\/","title":{"rendered":"Club pour enfants de 4 \u00e0 8 ans en int\u00e9rieur"},"content":{"rendered":"<h1>Club pour enfants en int\u00e9rieur<\/h1>\n<p><strong>Heures d&rsquo;ouverture:<\/strong><br \/>\n10h30 \u00e0 13h00 Apr\u00e8s-midi : 15:30 to 17:30 (6 jours par semaine)<\/p>\n<p><strong>Restrictions d&rsquo;\u00e2ge:<\/strong><br \/>\nLe club pour enfants int\u00e9rieur est destin\u00e9 aux enfants de 0 \u00e0 4 ans et de 4 \u00e0 8 ans.<\/p>\n<p><strong>Club indoor 4-8 ans<\/strong><br \/>\nLes parents peuvent laisser leurs enfants \u00e2g\u00e9s de 4 \u00e0 8 ans sous la garde de nos animateurs professionnels. Les parents sont \u00e9galement tenus de remplir un formulaire \u00e0 la sortie de leur enfant avec le nom de l&rsquo;enfant, les coordonn\u00e9es des parents et plus encore. Les enfants de moins de 4 ans ne sont pas autoris\u00e9s \u00e0 \u00eatre laiss\u00e9s sans surveillance dans notre club pour enfants. Si un enfant de moins de 4 ans souhaite participer au club pour enfants int\u00e9rieur ou participer \u00e0 des activit\u00e9s int\u00e9rieures, il doit \u00eatre accompagn\u00e9 d&rsquo;un ou des deux parents.<\/p>\n<p><strong>Salle de jeux int\u00e9rieure 0-4 ans<\/strong><br \/>\nNotre salle de jeux pour b\u00e9b\u00e9s est situ\u00e9e dans l&rsquo;aile sud du Kiani Beach Resort, derri\u00e8re la piscine int\u00e9rieure. La salle est r\u00e9serv\u00e9e aux parents avec de jeunes enfants s&rsquo;ils souhaitent jouer seuls et elle fonctionne pendant les p\u00e9riodes d&rsquo;activit\u00e9s d&rsquo;animation, de 10h30 \u00e0 13h00 et de 15:00 to 17:00. Il n&rsquo;y a pas d&rsquo;activit\u00e9s organis\u00e9es. Il est n\u00e9cessaire de r\u00e9server la salle aupr\u00e8s des animateurs.<\/p>\n<p><strong>Restrictions parentales:<\/strong><br \/>\nLes parents ne sont pas autoris\u00e9s \u00e0 quitter les locaux du Kiani Beach Resort pendant que leurs enfants participent \u00e0 toute forme de jeu ou d&rsquo;activit\u00e9 gratuite dans notre Kiani Kids Club.<\/p>\n<p><strong>Activit\u00e9s<\/strong><br \/>\nLe club pour enfants Indoors de l&rsquo;h\u00f4tel propose d&rsquo;innombrables heures de plaisir et de divertissement pour les enfants de tous \u00e2ges. Les enfants sont invit\u00e9s \u00e0 cultiver leur cr\u00e9ativit\u00e9 avec des s\u00e9ances d&rsquo;art, de design et de peinture, \u00e0 jouer gratuitement avec tous nos jouets et jeux, \u00e0 participer \u00e0 des activit\u00e9s d&rsquo;art et d&rsquo;artisanat, et plus encore.<\/p>\n","protected":false},"excerpt":{"rendered":"<p>Club pour enfants en int\u00e9rieur Heures d&rsquo;ouverture: 10h30 \u00e0 13h00 Apr\u00e8s-midi : 15:30 to 17:30 (6 jours par semaine) Restrictions <\/p>\n","protected":false},"author":1,"featured_media":57617,"parent":57567,"menu_order":0,"comment_status":"closed","ping_status":"closed","template":"templates\/template--single.php","meta":[],"acf":[],"_links":{"self":[{"href":"https:\/\/old.seacretehotels.com\/fr\/wp-json\/wp\/v2\/pages\/57635"}],"collection":[{"href":"https:\/\/old.seacretehotels.com\/fr\/wp-json\/wp\/v2\/pages"}],"about":[{"href":"https:\/\/old.seacretehotels.com\/fr\/wp-json\/wp\/v2\/types\/page"}],"author":[{"embeddable":true,"href":"https:\/\/old.seacretehotels.com\/fr\/wp-json\/wp\/v2\/users\/1"}],"replies":[{"embeddable":true,"href":"https:\/\/old.seacretehotels.com\/fr\/wp-json\/wp\/v2\/comments?post=57635"}],"version-history":[{"count":11,"href":"https:\/\/old.seacretehotels.com\/fr\/wp-json\/wp\/v2\/pages\/57635\/revisions"}],"predecessor-version":[{"id":101263,"href":"https:\/\/old.seacretehotels.com\/fr\/wp-json\/wp\/v2\/pages\/57635\/revisions\/101263"}],"up":[{"embeddable":true,"href":"https:\/\/old.seacretehotels.com\/fr\/wp-json\/wp\/v2\/pages\/57567"}],"wp:featuredmedia":[{"embeddable":true,"href":"https:\/\/old.seacretehotels.com\/fr\/wp-json\/wp\/v2\/media\/57617"}],"wp:attachment":[{"href":"https:\/\/old.seacretehotels.com\/fr\/wp-json\/wp\/v2\/media?parent=57635"}],"curies":[{"name":"wp","href":"https:\/\/api.w.org\/{rel}","templated":true}]}}