
  
{"id":57622,"date":"2021-10-19T16:57:35","date_gmt":"2021-10-19T13:57:35","guid":{"rendered":"https:\/\/old.seacretehotels.com\/?page_id=57622"},"modified":"2023-05-18T09:01:21","modified_gmt":"2023-05-18T06:01:21","slug":"kids-club-outdoors","status":"publish","type":"page","link":"https:\/\/old.seacretehotels.com\/fr\/kianibeachresort\/kids-club-outdoors\/","title":{"rendered":"Club enfants en plein air"},"content":{"rendered":"<h1>H\u00f4tel avec club pour enfants en Cr\u00e8te<\/h1>\n<p><strong>Heures de service :<\/strong><br \/>\n<strong>Heures d\u2019ouverture :<\/strong> (le matin de 10 h 30 \u00e0 13 h, l\u2019apr\u00e8s-midi de 15:30 to 17:30 , 6 jours par semaine, ferm\u00e9 le mercredi.)<br \/>\n<strong>Spectacles du soir pour enfants<\/strong> 21:00 &#8211; 22:00<\/p>\n<p><strong>Notre Kiani Kids Club propose :<\/strong><\/p>\n<ul>\n<li>Activit\u00e9s ludiques organis\u00e9es par des animateurs<\/li>\n<li>Ch\u00e2teau de saut gonflable<\/li>\n<li>Balade \u00e0 dos d&rsquo;\u00e2ne avec Hercule<\/li>\n<li>Rencontre avec notre mascotte<\/li>\n<li>Mini Disco<\/li>\n<li>Journ\u00e9es environnementales<\/li>\n<li>Soir\u00e9es Cin\u00e9ma Enfants<\/li>\n<\/ul>\n<p><strong>Restrictions d&rsquo;\u00e2ge du Kiani Kids Club:<\/strong><br \/>\nRestrictions d&rsquo;\u00e2ge\u00a0: le club pour enfants est r\u00e9serv\u00e9 aux enfants \u00e2g\u00e9s de 4 \u00e0 8\u00a0ans. Les parents peuvent laisser leurs enfants \u00e2g\u00e9s de 4 \u00e0 8 ans sous la surveillance de nos animateurs. Les parents sont \u00e9galement tenus de remplir un formulaire d&rsquo;inscription au moment de laisser leur enfant au Kiani Kids Club. Les enfants de moins de 4 ans ne sont pas autoris\u00e9s \u00e0 \u00eatre laiss\u00e9s sans surveillance dans notre club pour enfants. Si un enfant de moins de 4 ans souhaite participer aux activit\u00e9s, il doit \u00eatre accompagn\u00e9 d&rsquo;un membre de sa famille.<\/p>\n<p><strong>Restrictions parentales:<\/strong><br \/>\nLes parents ne sont pas autoris\u00e9s \u00e0 quitter les locaux du Kiani Beach Resort pendant que leurs enfants participent \u00e0 toute forme de jeu ou d&rsquo;activit\u00e9 gratuite dans notre Kiani Kids Club.<\/p>\n<p><strong>Activit\u00e9s club enfants:<\/strong><br \/>\nLe club pour enfants offre d&rsquo;innombrables heures de plaisir et de divertissement pour vos enfants. Qu&rsquo;il s&rsquo;agisse de barboter dans la piscine ou de p\u00eacher en mer, de fabriquer des masques ou de peindre des visages ou des t-shirts, d&rsquo;explorer le monde \u00e0 travers divers jeux et activit\u00e9s, vos tout-petits peuvent choisir de passer une semaine active au Kiani Kids Club.<\/p>\n<p>Alors que les restrictions de Covid-19 se l\u00e8vent, nous sommes heureux d&rsquo;utiliser \u00e0 nouveau notre salle int\u00e9rieure de club pour enfants, principalement pour les activit\u00e9s de l&rsquo;apr\u00e8s-midi. La salle du Kiani Kids Club est situ\u00e9e dans l&rsquo;aile nord du Kiani Beach Resort, il suffit de suivre les marches au sol depuis l&rsquo;ascenseur au premier \u00e9tage, \u00e0 c\u00f4t\u00e9 de notre restaurant pour la trouver.<\/p>\n<p><strong>Salle de jeux 0-4 ans:<\/strong> Notre salle de jeux pour b\u00e9b\u00e9s est situ\u00e9e dans l&rsquo;aile sud du Kiani Beach Resort, derri\u00e8re la piscine int\u00e9rieure. La salle est r\u00e9serv\u00e9e aux parents avec de jeunes enfants s&rsquo;ils souhaitent jouer seuls et elle fonctionne pendant les p\u00e9riodes d&rsquo;activit\u00e9s d&rsquo;animation, de 10h30 \u00e0 13h00 et de 16h00 \u00e0 18h00. Il n&rsquo;y a pas d&rsquo;activit\u00e9s organis\u00e9es. Il est n\u00e9cessaire de r\u00e9server la salle aupr\u00e8s des animateurs.<\/p>\n<p><strong>Pour vos tout-petits, le Kiani Beach Resort offre aussi:\u00a0<\/strong><\/p>\n<ul>\n<li>Deux piscines pour enfants (dont une avec toboggans)<\/li>\n<li>Un Jumping Castle gonflable.\u00a0 Restrictions d&rsquo;\u00e2ge : 4 \u2013 13 ans<\/li>\n<li>Deux grandes aires de jeux pour enfants avec balan\u00e7oires, obstacles d&rsquo;escalade et plus encore, ouvertes toute la journ\u00e9e 7 jours sur 7<\/li>\n<li>Balades \u00e0 dos d&rsquo;\u00e2ne 12h30-13h00, 6 fois par semaine (sauf le mercredi)<\/li>\n<li>Interaction avec notre sympathique mascotte Figlo qui vient avant le Kids Disco pour encourager les enfants de tous \u00e2ges \u00e0 participer<\/li>\n<li>Kids Disco 20h30-21h00, 6 fois par semaine (sauf le mercredi) pour les enfants de tous \u00e2ges<\/li>\n<li>Spectacles du soir pour enfants de 21h00 \u00e0 environ 22h00, 6 fois par semaine (sauf le mercredi) pour les enfants de tous \u00e2ges<\/li>\n<\/ul>\n<p>Quand vous voyagez en famille, quel meilleur endroit pouvez-vous choisir pour vos vacances qu\u2019un h\u00f4tel de plage 5 \u00e9toiles en Cr\u00e8te avec un club pour les enfants\u00a0? Magnifiquement situ\u00e9 dans le village de Kalyves pr\u00e8s de La Can\u00e9e, le Kiani Beach Resort et un h\u00f4tel adapt\u00e9 pour les enfants en Cr\u00e8te, pour garantir des vacances en familles agr\u00e9ables au bord de la mer. Son cadre idyllique avec ses services exceptionnels sp\u00e9cialement pr\u00e9vus pour les enfants, les commodit\u00e9s pour les b\u00e9b\u00e9s et les installations pour les enfants, permettent d\u2019avoir des vacances sans soucis et inoubliables sur une \u00eele de Cr\u00e8te en Gr\u00e8ce.<\/p>\n<h2>H\u00f4tel adapt\u00e9 aux enfants \u00e0 La Can\u00e9e<\/h2>\n<p>Situ\u00e9 dans un complexe familial merveilleux pr\u00e8s de la mer, cet h\u00f4tel adapt\u00e9 aux enfants \u00e0 La Can\u00e9e propose un grand nombre d\u2019installations et de services pour garantir que votre s\u00e9jour en Cr\u00e8te avec vos enfants soit un souvenir \u00e0 ch\u00e9rir toute votre vie. Depuis les menus pour enfants sp\u00e9cialement \u00e9labor\u00e9s pour eux, le club pour enfants en ext\u00e9rieur enti\u00e8rement \u00e9quip\u00e9 et un large \u00e9ventail d\u2019activit\u00e9s pour les enfants jusqu\u2019aux nombreuses options de divertissement propos\u00e9es \u00e0 toute la famille, le Kiani Beach Resort se d\u00e9marque comme \u00e9tant le meilleur h\u00f4tel familial avec club pour enfants de Cr\u00e8te. Si vous planifiez vos vacances \u00e0 La Can\u00e9e avec des enfants, c\u2019est votre meilleur choix. Laissez vos enfants profiter des meilleurs moments de leur vie pendant que vous vous d\u00e9tendez compl\u00e8tement sur la plage.<\/p>\n","protected":false},"excerpt":{"rendered":"<p>H\u00f4tel avec club pour enfants en Cr\u00e8te Heures de service : Heures d\u2019ouverture : (le matin de 10 h 30 <\/p>\n","protected":false},"author":1,"featured_media":65558,"parent":57567,"menu_order":0,"comment_status":"closed","ping_status":"closed","template":"templates\/template--single.php","meta":[],"acf":[],"_links":{"self":[{"href":"https:\/\/old.seacretehotels.com\/fr\/wp-json\/wp\/v2\/pages\/57622"}],"collection":[{"href":"https:\/\/old.seacretehotels.com\/fr\/wp-json\/wp\/v2\/pages"}],"about":[{"href":"https:\/\/old.seacretehotels.com\/fr\/wp-json\/wp\/v2\/types\/page"}],"author":[{"embeddable":true,"href":"https:\/\/old.seacretehotels.com\/fr\/wp-json\/wp\/v2\/users\/1"}],"replies":[{"embeddable":true,"href":"https:\/\/old.seacretehotels.com\/fr\/wp-json\/wp\/v2\/comments?post=57622"}],"version-history":[{"count":12,"href":"https:\/\/old.seacretehotels.com\/fr\/wp-json\/wp\/v2\/pages\/57622\/revisions"}],"predecessor-version":[{"id":101256,"href":"https:\/\/old.seacretehotels.com\/fr\/wp-json\/wp\/v2\/pages\/57622\/revisions\/101256"}],"up":[{"embeddable":true,"href":"https:\/\/old.seacretehotels.com\/fr\/wp-json\/wp\/v2\/pages\/57567"}],"wp:featuredmedia":[{"embeddable":true,"href":"https:\/\/old.seacretehotels.com\/fr\/wp-json\/wp\/v2\/media\/65558"}],"wp:attachment":[{"href":"https:\/\/old.seacretehotels.com\/fr\/wp-json\/wp\/v2\/media?parent=57622"}],"curies":[{"name":"wp","href":"https:\/\/api.w.org\/{rel}","templated":true}]}}