
  
{"id":57607,"date":"2021-10-19T16:57:31","date_gmt":"2021-10-19T13:57:31","guid":{"rendered":"https:\/\/old.seacretehotels.com\/?page_id=57607"},"modified":"2022-04-01T12:50:17","modified_gmt":"2022-04-01T09:50:17","slug":"family-holidays","status":"publish","type":"page","link":"https:\/\/old.seacretehotels.com\/fr\/kianibeachresort\/family-holidays\/","title":{"rendered":"Vacances en famille \u00e0 Kiani"},"content":{"rendered":"<h1>Des vacances en famille inoubliables en Cr\u00e8te<\/h1>\n<p>Le Kiani Beach Resort de La Can\u00e9e offre un large \u00e9ventail d\u2019\u00e9quipements pour b\u00e9b\u00e9 et d\u2019installations pour les enfants qui transformeront vos vacances en famille en Cr\u00e8te en des souvenirs qui dureront longtemps. Les parents peuvent aller nager pour se d\u00e9tendre pendant que les enfants pataugent en toute s\u00e9curit\u00e9 dans la piscine pour enfants sp\u00e9cialement con\u00e7ue pour eux dans l\u2019un des meilleurs complexes familiaux de Cr\u00e8te, ou passer du temps de qualit\u00e9 tous ensemble sur la plage baign\u00e9e de soleil. Id\u00e9al pour des vacances passionnantes en famille \u00e0 la Can\u00e9e, le Kiani Beach Resort offre tout ce qu\u2019il faut pour un s\u00e9jour agr\u00e9able et luxueux en famille \u00e0 La Can\u00e9e.<\/p>\n<h2>H\u00f4tel de plage 5 \u00e9toiles avec club pour enfants \u00e0 La Can\u00e9e<\/h2>\n<p>Ce complexe enchanteur adapt\u00e9 aux enfants dans le village de Kalyves, en Cr\u00e8te, offre un choix vari\u00e9 de divertissements, de sports et d\u2019aventures nautiques ainsi que des activit\u00e9s de loisir pour les enfants et pour les adultes. Les enfants sont invit\u00e9s \u00e0 utiliser l\u2019incroyable club pour enfants de l\u2019h\u00f4tel \u00e0 La Can\u00e9e, en Cr\u00e8te, ainsi que la mini discoth\u00e8que, et de profiter de leurs vacances sur la plage. L\u2019\u00e9quipe d\u2019animations professionnelle et exp\u00e9riment\u00e9e de l\u2019h\u00f4tel s\u2019assure que tous les enfants s\u2019amusent beaucoup toute la journ\u00e9e. Depuis les activit\u00e9s amusantes organis\u00e9es dans la piscine pour enfants, sp\u00e9cialement con\u00e7ue pour eux, jusqu\u2019au maquillage pour enfants et aux aventures de chasse au tr\u00e9sor, aux moments de films et aux cours de danse dans notre mini disco, les jeunes clients auront l\u2019impression de vivre dans un vrai paradis.<\/p>\n<h3>Des vacances en famille exceptionnelles en Cr\u00e8te<\/h3>\n<p>Les familles qui s\u00e9journent au Kiani Beach Resort sont invit\u00e9es \u00e0 vivre l\u2019exp\u00e9rience des meilleurs vacances en famille \u00e0 La Can\u00e9e dans l\u2019un des complexes familiaux les plus exceptionnels de l\u2019\u00eele de Cr\u00e8te en Gr\u00e8ce. Profitez des vacances les plus relaxantes avec votre moiti\u00e9 pendant que vos enfants s\u2019amusent de leur c\u00f4t\u00e9, ou passez un s\u00e9jour de qualit\u00e9 avec votre famille, juste sur la plage. Le Kiani Beach Resort propose un club pour enfants en int\u00e9rieur, un club pour enfants en ext\u00e9rieur ainsi que plusieurs installations pour les enfants et des services pour les tout-petits et les b\u00e9b\u00e9s, afin que vos vacances en famille \u00e0 La Can\u00e9e soient plus qu\u2019un simple recueil de souvenirs.<\/p>\n<p><strong>Installations et services<\/strong><\/p>\n<ul>\n<li>2 aires de jeux pour enfants<\/li>\n<li>2 piscines pour enfants<\/li>\n<li>Ch\u00e2teau de saut gonflable<\/li>\n<li>Chaises hautes dans le restaurant<\/li>\n<li>Programme d\u2019animations et club pour les enfants, 6 jours par semaine<\/li>\n<li>Mini disco<\/li>\n<li>Balades \u00e0 dos d\u2019\u00e2ne<\/li>\n<li>Maquillage pour enfants<\/li>\n<\/ul>\n","protected":false},"excerpt":{"rendered":"<p>Des vacances en famille inoubliables en Cr\u00e8te Le Kiani Beach Resort de La Can\u00e9e offre un large \u00e9ventail d\u2019\u00e9quipements pour <\/p>\n","protected":false},"author":1,"featured_media":65475,"parent":57567,"menu_order":0,"comment_status":"closed","ping_status":"closed","template":"templates\/template--single.php","meta":[],"acf":[],"_links":{"self":[{"href":"https:\/\/old.seacretehotels.com\/fr\/wp-json\/wp\/v2\/pages\/57607"}],"collection":[{"href":"https:\/\/old.seacretehotels.com\/fr\/wp-json\/wp\/v2\/pages"}],"about":[{"href":"https:\/\/old.seacretehotels.com\/fr\/wp-json\/wp\/v2\/types\/page"}],"author":[{"embeddable":true,"href":"https:\/\/old.seacretehotels.com\/fr\/wp-json\/wp\/v2\/users\/1"}],"replies":[{"embeddable":true,"href":"https:\/\/old.seacretehotels.com\/fr\/wp-json\/wp\/v2\/comments?post=57607"}],"version-history":[{"count":5,"href":"https:\/\/old.seacretehotels.com\/fr\/wp-json\/wp\/v2\/pages\/57607\/revisions"}],"predecessor-version":[{"id":63451,"href":"https:\/\/old.seacretehotels.com\/fr\/wp-json\/wp\/v2\/pages\/57607\/revisions\/63451"}],"up":[{"embeddable":true,"href":"https:\/\/old.seacretehotels.com\/fr\/wp-json\/wp\/v2\/pages\/57567"}],"wp:featuredmedia":[{"embeddable":true,"href":"https:\/\/old.seacretehotels.com\/fr\/wp-json\/wp\/v2\/media\/65475"}],"wp:attachment":[{"href":"https:\/\/old.seacretehotels.com\/fr\/wp-json\/wp\/v2\/media?parent=57607"}],"curies":[{"name":"wp","href":"https:\/\/api.w.org\/{rel}","templated":true}]}}