
  
{"id":57567,"date":"2021-10-19T16:29:52","date_gmt":"2021-10-19T13:29:52","guid":{"rendered":"https:\/\/old.seacretehotels.com\/?page_id=57567"},"modified":"2023-10-30T15:56:13","modified_gmt":"2023-10-30T13:56:13","slug":"kianibeachresort","status":"publish","type":"page","link":"https:\/\/old.seacretehotels.com\/fr\/kianibeachresort\/","title":{"rendered":"Page d\u2019accueil Kiani"},"content":{"rendered":"<p><strong>Kiani Beach Resort a \u00e9t\u00e9 \u00e9lu:<\/strong> Top 10 All Inclusive Resorts en Gr\u00e8ce pour 2022 &amp; Top 25 All Inclusive Resorts en Europe pour 2022<\/p>\n<h1>Complexe familial tout inclus dans la r\u00e9gion de La Can\u00e9e, Cr\u00e8te<\/h1>\n<p>Le Kiani Beach Resort est <a href=\"https:\/\/old.seacretehotels.com\/fr\/kianibeachresort\/allinclusive-hotel\/\">un complexe h\u00f4telier familial tout inclus \u00e0 La Can\u00e9e<\/a>, situ\u00e9 en plein sur la plage labellis\u00e9e Pavillon bleu de Kiani Akti, juste \u00e0 la sortie du village de Kalyves en Cr\u00e8te. Ce complexe exceptionnel de la r\u00e9gion de La Can\u00e9e, au bord de la mer, offre une retraite incroyable pour les familles avec des enfants en bas \u00e2ge, car il a \u00e9t\u00e9 sp\u00e9cialement con\u00e7u pour h\u00e9berger confortablement \u00e0 la fois les adultes et les plus jeunes clients. Sa large gamme d\u2019installations et de services d\u2019exception pour tous les \u00e2ges garantit un s\u00e9jour en famille r\u00e9ellement relaxant en Cr\u00e8te. Pr\u00e9parez-vous \u00e0 plonger dans un univers de luxe et \u00e0 profiter de vos vacances dans l\u2019un des meilleurs complexes h\u00f4teliers de bord de mer de Gr\u00e8ce.<\/p>\n<h2>Complexe familial dans la r\u00e9gion de La Can\u00e9e<\/h2>\n<p>Lors de votre s\u00e9jour dans ce remarquable complexe familial de Cr\u00e8te, vous \u00eates invit\u00e9 \u00e0 vous baigner dans les eaux cristallines de la mer cr\u00e9toise ou de la piscine, \u00e0 profiter de cocktails rafra\u00eechissants et de repas d\u00e9licieux, \u00e0 participer \u00e0 une s\u00e9rie de loisirs et de programmes de divertissement ou \u00e0 d\u00e9compresser compl\u00e8tement dans un cadre des plus enchanteurs. Quel que soit votre \u00e2ge, abandonnez-vous \u00e0 l\u2019atmosph\u00e8re exquise de ce complexe 5 \u00e9toiles de luxe \u00e0 La Can\u00e9e et pr\u00e9parez-vous \u00e0 faire l\u2019exp\u00e9rience de l\u2019inattendu.<\/p>\n","protected":false},"excerpt":{"rendered":"<p>Kiani Beach Resort a \u00e9t\u00e9 \u00e9lu: Top 10 All Inclusive Resorts en Gr\u00e8ce pour 2022 &amp; Top 25 All Inclusive <\/p>\n","protected":false},"author":1,"featured_media":57604,"parent":0,"menu_order":0,"comment_status":"closed","ping_status":"closed","template":"templates\/template--hotel.php","meta":[],"acf":[],"_links":{"self":[{"href":"https:\/\/old.seacretehotels.com\/fr\/wp-json\/wp\/v2\/pages\/57567"}],"collection":[{"href":"https:\/\/old.seacretehotels.com\/fr\/wp-json\/wp\/v2\/pages"}],"about":[{"href":"https:\/\/old.seacretehotels.com\/fr\/wp-json\/wp\/v2\/types\/page"}],"author":[{"embeddable":true,"href":"https:\/\/old.seacretehotels.com\/fr\/wp-json\/wp\/v2\/users\/1"}],"replies":[{"embeddable":true,"href":"https:\/\/old.seacretehotels.com\/fr\/wp-json\/wp\/v2\/comments?post=57567"}],"version-history":[{"count":28,"href":"https:\/\/old.seacretehotels.com\/fr\/wp-json\/wp\/v2\/pages\/57567\/revisions"}],"predecessor-version":[{"id":108348,"href":"https:\/\/old.seacretehotels.com\/fr\/wp-json\/wp\/v2\/pages\/57567\/revisions\/108348"}],"wp:featuredmedia":[{"embeddable":true,"href":"https:\/\/old.seacretehotels.com\/fr\/wp-json\/wp\/v2\/media\/57604"}],"wp:attachment":[{"href":"https:\/\/old.seacretehotels.com\/fr\/wp-json\/wp\/v2\/media?parent=57567"}],"curies":[{"name":"wp","href":"https:\/\/api.w.org\/{rel}","templated":true}]}}