
  
{"id":57501,"date":"2021-10-19T16:26:04","date_gmt":"2021-10-19T13:26:04","guid":{"rendered":"https:\/\/old.seacretehotels.com\/?page_id=57501"},"modified":"2023-10-30T15:48:18","modified_gmt":"2023-10-30T13:48:18","slug":"kalyvesbeachhotel","status":"publish","type":"page","link":"https:\/\/old.seacretehotels.com\/fr\/kalyvesbeachhotel\/","title":{"rendered":"Page d\u2019accueil Kalyves"},"content":{"rendered":"<h1>H\u00f4tel de plage idyllique \u00e0 La Can\u00e9e<\/h1>\n<p>Kalyves Beach Hotel est un h\u00f4tel idyllique avec vue sur la mer situ\u00e9 en Cr\u00e8te, pr\u00e8s de la rivi\u00e8re \u00ab Xydas \u00bb, au c\u0153ur du village traditionnel de Kalyves \u00e0 La Can\u00e9e. Entour\u00e9 d\u2019une part par les eaux cristallines de notre plage r\u00e9compens\u00e9e du label Pavillon bleu et d\u2019autre part par des environs verdoyantes, cet h\u00f4tel 4 \u00e9toiles en Cr\u00e8te offre la retraite parfaite pour les couples, les familles et les amis qui visitent la magnifique r\u00e9gion de La Can\u00e9e. Son emplacement privil\u00e9gi\u00e9 dans le village de Kalyves permet aux voyageurs de d\u00e9couvrir les sites arch\u00e9ologiques voisins, les villages traditionnels pittoresques, les plages sublimes et les zones de shopping, et de percer les secrets de l\u2019authentique mode de vie \u00e0 la cr\u00e9toise.<\/p>\n","protected":false},"excerpt":{"rendered":"<p>H\u00f4tel de plage idyllique \u00e0 La Can\u00e9e Kalyves Beach Hotel est un h\u00f4tel idyllique avec vue sur la mer situ\u00e9 <\/p>\n","protected":false},"author":1,"featured_media":100840,"parent":0,"menu_order":0,"comment_status":"closed","ping_status":"closed","template":"templates\/template--hotel.php","meta":[],"acf":[],"_links":{"self":[{"href":"https:\/\/old.seacretehotels.com\/fr\/wp-json\/wp\/v2\/pages\/57501"}],"collection":[{"href":"https:\/\/old.seacretehotels.com\/fr\/wp-json\/wp\/v2\/pages"}],"about":[{"href":"https:\/\/old.seacretehotels.com\/fr\/wp-json\/wp\/v2\/types\/page"}],"author":[{"embeddable":true,"href":"https:\/\/old.seacretehotels.com\/fr\/wp-json\/wp\/v2\/users\/1"}],"replies":[{"embeddable":true,"href":"https:\/\/old.seacretehotels.com\/fr\/wp-json\/wp\/v2\/comments?post=57501"}],"version-history":[{"count":23,"href":"https:\/\/old.seacretehotels.com\/fr\/wp-json\/wp\/v2\/pages\/57501\/revisions"}],"predecessor-version":[{"id":108341,"href":"https:\/\/old.seacretehotels.com\/fr\/wp-json\/wp\/v2\/pages\/57501\/revisions\/108341"}],"wp:featuredmedia":[{"embeddable":true,"href":"https:\/\/old.seacretehotels.com\/fr\/wp-json\/wp\/v2\/media\/100840"}],"wp:attachment":[{"href":"https:\/\/old.seacretehotels.com\/fr\/wp-json\/wp\/v2\/media?parent=57501"}],"curies":[{"name":"wp","href":"https:\/\/api.w.org\/{rel}","templated":true}]}}