
  
{"id":57493,"date":"2016-09-07T11:44:55","date_gmt":"2016-09-07T08:44:55","guid":{"rendered":"https:\/\/old.seacretehotels.com\/?page_id=57493"},"modified":"2023-09-12T12:31:52","modified_gmt":"2023-09-12T09:31:52","slug":"sustainability","status":"publish","type":"page","link":"https:\/\/old.seacretehotels.com\/fr\/kalyvesbeachhotel\/sustainability\/","title":{"rendered":"Kalyves &#8211; Sustainability"},"content":{"rendered":"<h1>Kalyves Beach D\u00e9veloppement durable<\/h1>\n<h2>Une des choses qui font du Kalyves Beach Hotel un h\u00f4tel aussi unique est le cadre qui l\u2019entoure.<\/h2>\n<p>Que ce soit la mer d\u2019un bleu limpide, la plage dor\u00e9e, les collines verdoyantes ou l\u2019\u00e9clatante lumi\u00e8re du soleil de Cr\u00e8te, on ne peut qu\u2019\u00eatre fascin\u00e9 par le d\u00e9cor naturel magnifique qui domine l\u2019ambiance du complexe. Quoi de plus pr\u00e9cieux que notre environnement ?<\/p>\n<p>En tant qu\u2019h\u00f4tel respectueux de l\u2019environnement, le Kalyves Beach Hotel se fond dans le milieu naturel et respecte l\u2019environnement, non seulement par son architecture, mais aussi par une solide philosophie de conscience \u00e9cologique et des actions \u00e9cologiques au quotidien. Nous avons re\u00e7u la r\u00e9compense HACCP &amp; TRAVELIFE pour notre engagement. Voici quelques-unes de nos bonnes pratiques :<\/p>\n<p><a href=\"https:\/\/old.seacretehotels.com\/wp-content\/uploads\/2021\/04\/SeaCrete-Children-Policy_March2021_EN.pdf\" target=\"_blank\" rel=\"nofollow noopener noreferrer\">Politique de protection de l\u2019enfance<\/a><\/p>\n<p><a href=\"https:\/\/old.seacretehotels.com\/wp-content\/uploads\/2021\/04\/SeaCrete-Local-Community-Policy_March2021_EN.pdf\" target=\"_blank\" rel=\"nofollow noopener noreferrer\">Politiques relatives aux employ\u00e9s et \u00e0 la communaut\u00e9 locale<\/a><\/p>\n<p><a href=\"https:\/\/old.seacretehotels.com\/wp-content\/uploads\/2021\/04\/SeaCrete-Environmental-Policy-March2021_EN.pdf\" target=\"_blank\" rel=\"noopener noreferrer\">Politique relative \u00e0 l\u2019environnement<\/a><\/p>\n<p><a href=\"https:\/\/old.seacretehotels.com\/wp-content\/uploads\/2021\/04\/SeaCrete-HealthSafety-Policy_March2021_EN.pdf\" target=\"_blank\" rel=\"nofollow noopener noreferrer\">Politique relative \u00e0 la sant\u00e9 et \u00e0 la s\u00e9curit\u00e9<\/a><\/p>\n<p><a href=\"https:\/\/old.seacretehotels.com\/wp-content\/uploads\/2021\/04\/SeaCrete-Human-Rights-and-employees_March2021_EN.pdf\" target=\"_blank\" rel=\"noopener noreferrer\">Produits locaux<\/a><\/p>\n<p><a href=\"https:\/\/old.seacretehotels.com\/wp-content\/uploads\/2021\/04\/SeaCrete-Quality-policy_March2021_EN.pdf\" target=\"_blank\" rel=\"noopener noreferrer\">Politique relative \u00e0 l\u2019assurance qualit\u00e9<\/a><\/p>\n<p><a href=\"https:\/\/old.seacretehotels.com\/wp-content\/uploads\/2023\/09\/2023_KALYVES-SUSTAIN-REPORT-2021-2022_final.pdf\" target=\"_blank\" rel=\"nofollow noopener noreferrer\">Rapport sur le d\u00e9veloppement durable<\/a><\/p>\n<p><a href=\"https:\/\/old.seacretehotels.com\/wp-content\/uploads\/2022\/12\/\u0395\u039d\u0397\u039c\u0395\u03a1\u03a9\u03a3\u0397-\u0392-\u0395\u03a0\u0399\u03a0\u0395\u0394\u039f\u03a5-\u039a\u0391\u039c\u0395\u03a1\u0395\u03a3.pdf\" target=\"_blank\" rel=\"noopener\">Informations sur l&rsquo;appareil photo<\/a><\/p>\n<p><a href=\"https:\/\/old.seacretehotels.com\/wp-content\/uploads\/2021\/10\/SeaCreteHotels_Sustainability.pdf\" target=\"_blank\" rel=\"noopener\">T\u00e9l\u00e9chargez la pr\u00e9sentation compl\u00e8te de SeaCrete Hotels D\u00e9veloppement durable ici<\/a><\/p>\n<p>&nbsp;<\/p>\n","protected":false},"excerpt":{"rendered":"<p>Kalyves Beach D\u00e9veloppement durable Une des choses qui font du Kalyves Beach Hotel un h\u00f4tel aussi unique est le cadre <\/p>\n","protected":false},"author":1,"featured_media":0,"parent":57501,"menu_order":0,"comment_status":"closed","ping_status":"closed","template":"templates\/template--hotel.php","meta":[],"acf":[],"_links":{"self":[{"href":"https:\/\/old.seacretehotels.com\/fr\/wp-json\/wp\/v2\/pages\/57493"}],"collection":[{"href":"https:\/\/old.seacretehotels.com\/fr\/wp-json\/wp\/v2\/pages"}],"about":[{"href":"https:\/\/old.seacretehotels.com\/fr\/wp-json\/wp\/v2\/types\/page"}],"author":[{"embeddable":true,"href":"https:\/\/old.seacretehotels.com\/fr\/wp-json\/wp\/v2\/users\/1"}],"replies":[{"embeddable":true,"href":"https:\/\/old.seacretehotels.com\/fr\/wp-json\/wp\/v2\/comments?post=57493"}],"version-history":[{"count":14,"href":"https:\/\/old.seacretehotels.com\/fr\/wp-json\/wp\/v2\/pages\/57493\/revisions"}],"predecessor-version":[{"id":107005,"href":"https:\/\/old.seacretehotels.com\/fr\/wp-json\/wp\/v2\/pages\/57493\/revisions\/107005"}],"up":[{"embeddable":true,"href":"https:\/\/old.seacretehotels.com\/fr\/wp-json\/wp\/v2\/pages\/57501"}],"wp:attachment":[{"href":"https:\/\/old.seacretehotels.com\/fr\/wp-json\/wp\/v2\/media?parent=57493"}],"curies":[{"name":"wp","href":"https:\/\/api.w.org\/{rel}","templated":true}]}}