
  
{"id":57488,"date":"2021-10-19T16:06:01","date_gmt":"2021-10-19T13:06:01","guid":{"rendered":"https:\/\/old.seacretehotels.com\/?page_id=57488"},"modified":"2023-05-12T09:29:54","modified_gmt":"2023-05-12T06:29:54","slug":"location-map","status":"publish","type":"page","link":"https:\/\/old.seacretehotels.com\/fr\/kalyvesbeachhotel\/location-map\/","title":{"rendered":"Kalyves Emplacement et carte"},"content":{"rendered":"<h1>Emplacement et carte<\/h1>\n<p>Le Kalyves Beach Hotel est admirablement nich\u00e9 dans le village pittoresque de Kalyves, un charmant petit village qui a pr\u00e9serv\u00e9 son caract\u00e8re authentique et sa beaut\u00e9 naturelle. Pr\u00e9parez-vous \u00e0 appr\u00e9ciez vos vacances dans un endroit o\u00f9 nature et tradition se c\u00f4toient, o\u00f9 la rivi\u00e8re et la mer rencontrent les montagnes et o\u00f9 le rythme de la vie quotidienne est tout simplement suspendu.<\/p>\n<p>Situ\u00e9 sur les rives de la baie de Souda dans la r\u00e9gion d\u2019Apokoronas, pr\u00e8s de la rivi\u00e8re Xidas, le village pittoresque de Kalyves est consid\u00e9r\u00e9 comme \u00e9tant l\u2019un des meilleurs centres de vill\u00e9giature de bord de mer de La Can\u00e9e, en Cr\u00e8te. La rivi\u00e8re Xidas qui y passe ainsi que la plage fascinante de Kalyves composent le cadre id\u00e9al pour des vacances relaxantes loin de la foule. Faites l\u2019exp\u00e9rience du mode de vie authentique de l\u2019\u00eele en fl\u00e2nant dans les rues du village et en passant par la place centrale avec ses boutiques traditionnelles, ses caf\u00e9s et ses restaurants. Visitez les villages voisins de Almyrida, Plaka, Kokkino Horio, Armeni, Nio Horio, Stylos et Gavalochori et d\u00e9couvrez le site arch\u00e9ologique d\u2019Aptera. Testez vos limites avec une large gamme de sports aquatiques propos\u00e9e sur la plage ou partez pour une excursion en rafting depuis Armeni. Explorez la grande r\u00e9gion d\u2019Apokoronas et profitez d\u2019une balade nature le long de la rivi\u00e8re Kiliaris. Visitez St. John \u00e0 Platanakia, Ombrosgialos \u00e0 Cape Drapano, les villages traditionnels de Vamos et de Vrisses ainsi que le lac de Kournas. Quelle que soit la direction que vous prendrez, les paysages pittoresques et les villages authentiques vous laisseront sans voix\u00a0!<\/p>\n<h2>Liens utiles<\/h2>\n<ul>\n<li>Incredible Crete <a href=\"http:\/\/www.incrediblecrete.gr\" target=\"_blank\" rel=\"nofollow noopener noreferrer\">www.incrediblecrete.gr<\/a><\/li>\n<li>Cretan Beaches <a href=\"http:\/\/www.cretanbeaches.com\/en\/\" target=\"_blank\" rel=\"nofollow noopener noreferrer\">www.cretanbeaches.com<\/a><\/li>\n<li>Municipality of Chania <a href=\"http:\/\/www.chaniacrete.gr\/index.php\/en\/\" target=\"_blank\" rel=\"nofollow noopener noreferrer\">www.chania.gr<\/a>,<a href=\"http:\/\/www.chaniatourism.com\/\" target=\"_blank\" rel=\"nofollow noopener noreferrer\"> www.chaniacrete.gr<\/a><\/li>\n<li>Aegean Airlines <a href=\"http:\/\/www.aegeanair.com\" target=\"_blank\" rel=\"nofollow noopener noreferrer\">www.aegeanair.com<\/a><\/li>\n<li>EasyJet <a href=\"http:\/\/www.easyjet.com\" target=\"_blank\" rel=\"nofollow noopener noreferrer\">www.easyjet.com<\/a><\/li>\n<li>Ryanair <a href=\"http:\/\/www.ryanair.com\" target=\"_blank\" rel=\"nofollow noopener noreferrer\">www.ryanair.com<\/a><\/li>\n<li>British Airways <a href=\"http:\/\/www.britishairways.com\/\" target=\"_blank\" rel=\"nofollow noopener noreferrer\">www.britishairways.com<\/a><\/li>\n<li>Norwegian Air\u00a0<a href=\"https:\/\/www.norwegian.com\" target=\"_blank\" rel=\"noopener noreferrer\">www.norwegian.com<\/a><\/li>\n<\/ul>\n","protected":false},"excerpt":{"rendered":"<p>Emplacement et carte Le Kalyves Beach Hotel est admirablement nich\u00e9 dans le village pittoresque de Kalyves, un charmant petit village <\/p>\n","protected":false},"author":1,"featured_media":0,"parent":57501,"menu_order":0,"comment_status":"closed","ping_status":"closed","template":"templates\/template--location.php","meta":[],"acf":[],"_links":{"self":[{"href":"https:\/\/old.seacretehotels.com\/fr\/wp-json\/wp\/v2\/pages\/57488"}],"collection":[{"href":"https:\/\/old.seacretehotels.com\/fr\/wp-json\/wp\/v2\/pages"}],"about":[{"href":"https:\/\/old.seacretehotels.com\/fr\/wp-json\/wp\/v2\/types\/page"}],"author":[{"embeddable":true,"href":"https:\/\/old.seacretehotels.com\/fr\/wp-json\/wp\/v2\/users\/1"}],"replies":[{"embeddable":true,"href":"https:\/\/old.seacretehotels.com\/fr\/wp-json\/wp\/v2\/comments?post=57488"}],"version-history":[{"count":4,"href":"https:\/\/old.seacretehotels.com\/fr\/wp-json\/wp\/v2\/pages\/57488\/revisions"}],"predecessor-version":[{"id":100272,"href":"https:\/\/old.seacretehotels.com\/fr\/wp-json\/wp\/v2\/pages\/57488\/revisions\/100272"}],"up":[{"embeddable":true,"href":"https:\/\/old.seacretehotels.com\/fr\/wp-json\/wp\/v2\/pages\/57501"}],"wp:attachment":[{"href":"https:\/\/old.seacretehotels.com\/fr\/wp-json\/wp\/v2\/media?parent=57488"}],"curies":[{"name":"wp","href":"https:\/\/api.w.org\/{rel}","templated":true}]}}