
  
{"id":57471,"date":"2021-10-19T16:01:34","date_gmt":"2021-10-19T13:01:34","guid":{"rendered":"https:\/\/old.seacretehotels.com\/?page_id=57471"},"modified":"2021-10-22T09:43:36","modified_gmt":"2021-10-22T06:43:36","slug":"experiences","status":"publish","type":"page","link":"https:\/\/old.seacretehotels.com\/fr\/kalyvesbeachhotel\/experiences\/","title":{"rendered":"Kalyves &#8211; Les exp\u00e9riences"},"content":{"rendered":"<h1>Les exp\u00e9riences au Kalyves Beach Hotel<\/h1>\n<h2>Le Kalyves Beach Hotel de La Can\u00e9e vous invite \u00e0 ouvrir les yeux et \u00e0 contempler tout un nouvel univers d\u2019exp\u00e9riences exaltantes.<\/h2>\n<p>Nagez dans les eaux cristallines de nos piscines ou plongez dans la mer cr\u00e9toise aux eaux couleur \u00e9meraude, installez-vous pour boire et manger devant un horizon sans fin et ravivez votre flamme avec des d\u00eeners en t\u00eate \u00e0 t\u00eate ou des balades sur la plage. Partez pour une s\u00e9rie d\u2019excursions exaltantes vers les meilleurs sites de Cr\u00e8te, appr\u00e9ciez la vie comme un habitant local dans le village charmant de Kalyves, dansez et chantez toute la nuit au rythme d\u2019une musique internationale et d\u00e9couvrez l\u2019esprit de la Gr\u00e8ce pendant nos soir\u00e9es th\u00e9matiques grecques ! S\u00e9lectionnez l\u2019exp\u00e9rience que vous souhaitez conna\u00eetre en vacances, et nous l\u2019organiserons pour vous !<\/p>\n","protected":false},"excerpt":{"rendered":"<p>Les exp\u00e9riences au Kalyves Beach Hotel Le Kalyves Beach Hotel de La Can\u00e9e vous invite \u00e0 ouvrir les yeux et <\/p>\n","protected":false},"author":1,"featured_media":57480,"parent":57501,"menu_order":0,"comment_status":"closed","ping_status":"closed","template":"templates\/template--single.php","meta":[],"acf":[],"_links":{"self":[{"href":"https:\/\/old.seacretehotels.com\/fr\/wp-json\/wp\/v2\/pages\/57471"}],"collection":[{"href":"https:\/\/old.seacretehotels.com\/fr\/wp-json\/wp\/v2\/pages"}],"about":[{"href":"https:\/\/old.seacretehotels.com\/fr\/wp-json\/wp\/v2\/types\/page"}],"author":[{"embeddable":true,"href":"https:\/\/old.seacretehotels.com\/fr\/wp-json\/wp\/v2\/users\/1"}],"replies":[{"embeddable":true,"href":"https:\/\/old.seacretehotels.com\/fr\/wp-json\/wp\/v2\/comments?post=57471"}],"version-history":[{"count":3,"href":"https:\/\/old.seacretehotels.com\/fr\/wp-json\/wp\/v2\/pages\/57471\/revisions"}],"predecessor-version":[{"id":57487,"href":"https:\/\/old.seacretehotels.com\/fr\/wp-json\/wp\/v2\/pages\/57471\/revisions\/57487"}],"up":[{"embeddable":true,"href":"https:\/\/old.seacretehotels.com\/fr\/wp-json\/wp\/v2\/pages\/57501"}],"wp:featuredmedia":[{"embeddable":true,"href":"https:\/\/old.seacretehotels.com\/fr\/wp-json\/wp\/v2\/media\/57480"}],"wp:attachment":[{"href":"https:\/\/old.seacretehotels.com\/fr\/wp-json\/wp\/v2\/media?parent=57471"}],"curies":[{"name":"wp","href":"https:\/\/api.w.org\/{rel}","templated":true}]}}