
  
{"id":57452,"date":"2021-10-19T15:55:54","date_gmt":"2021-10-19T12:55:54","guid":{"rendered":"https:\/\/old.seacretehotels.com\/?page_id=57452"},"modified":"2021-10-22T09:44:45","modified_gmt":"2021-10-22T06:44:45","slug":"entertainment","status":"publish","type":"page","link":"https:\/\/old.seacretehotels.com\/fr\/kalyvesbeachhotel\/entertainment\/","title":{"rendered":"Kalyves Divertissements"},"content":{"rendered":"<h1><strong>Kalyves Beach Divertissements<\/strong><\/h1>\n<p>Au Kalyves Beach Hotel, nous proposons un programme de divertissements plein d\u2019animation pour les enfants comme pour les adultes, car nous sommes convaincus qu\u2019un divertissement de qualit\u00e9 est un \u00e9l\u00e9ment essentiel de vos vacances. \u00c9merveillez-vous devant les tours de magie pr\u00e9sent\u00e9s par notre magicien, pr\u00e9parez-vous \u00e0 danser et \u00e0 valser, \u00e0 faire du karaok\u00e9, \u00e0 apprendre la danse du ventre, \u00e0 participer aux danses en groupe sur la piste de danse au rythme de nos DJ invit\u00e9s, et faites danser vos enfants sur leur propre musique dans notre discoth\u00e8que pour enfants.<\/p>\n<p>Faites-vous plaisir avec une partie de billard ou de tennis de table pendant que vos enfants jouent en toute s\u00e9curit\u00e9 dans les aires de jeux de l\u2019h\u00f4tel sur la plage. Laissez vos enfants mettre en \u0153uvre leurs talents en cr\u00e9ant des objets de loisir cr\u00e9atif amusants et regardez vos petits pirates partir pour une chasse au tr\u00e9sor ou participer \u00e0 plusieurs autres jeux et \u00e0 des spectacles de magie qui stimuleront sans aucun doute leur imagination.<\/p>\n<h2>Spectacles et \u00e9v\u00e9nements<\/h2>\n<ul>\n<li><strong>Spectacle de magie<\/strong><\/li>\n<\/ul>\n<p>Essayez de d\u00e9couvrir les myst\u00e8res des illusions pr\u00e9sent\u00e9es par nos magiciens, participez \u00e0 nos tours de magie, et que vous soyez ou non un enfant, pr\u00e9parez-vous \u00e0 croire \u00e0 nouveau en la magie\u00a0!<\/p>\n<ul>\n<li><strong>Soir\u00e9e piano<\/strong><\/li>\n<\/ul>\n<p>D\u00e9gustez des plats aux saveurs vari\u00e9es tout en \u00e9coutant des airs m\u00e9lodieux au piano. Y a-t-il une meilleure fa\u00e7on de terminer une magnifique journ\u00e9e d\u2019\u00e9t\u00e9 \u00e0 La Can\u00e9e\u00a0?<\/p>\n<ul>\n<li><strong>Soir\u00e9e grecque<\/strong><\/li>\n<\/ul>\n<p>Apprenez \u00e0 danser comme les grecs au rythme de la musique folklorique grecque et des danses cr\u00e9toises traditionnelles. Pr\u00e9parez-vous \u00e0 crier \u00ab\u00a0Opa\u00a0\u00bb sur la piste de danse et \u00e0 bien vous amuser.<\/p>\n","protected":false},"excerpt":{"rendered":"<p>Kalyves Beach Divertissements Au Kalyves Beach Hotel, nous proposons un programme de divertissements plein d\u2019animation pour les enfants comme pour <\/p>\n","protected":false},"author":1,"featured_media":57467,"parent":57501,"menu_order":0,"comment_status":"closed","ping_status":"closed","template":"templates\/template--single.php","meta":[],"acf":[],"_links":{"self":[{"href":"https:\/\/old.seacretehotels.com\/fr\/wp-json\/wp\/v2\/pages\/57452"}],"collection":[{"href":"https:\/\/old.seacretehotels.com\/fr\/wp-json\/wp\/v2\/pages"}],"about":[{"href":"https:\/\/old.seacretehotels.com\/fr\/wp-json\/wp\/v2\/types\/page"}],"author":[{"embeddable":true,"href":"https:\/\/old.seacretehotels.com\/fr\/wp-json\/wp\/v2\/users\/1"}],"replies":[{"embeddable":true,"href":"https:\/\/old.seacretehotels.com\/fr\/wp-json\/wp\/v2\/comments?post=57452"}],"version-history":[{"count":3,"href":"https:\/\/old.seacretehotels.com\/fr\/wp-json\/wp\/v2\/pages\/57452\/revisions"}],"predecessor-version":[{"id":57468,"href":"https:\/\/old.seacretehotels.com\/fr\/wp-json\/wp\/v2\/pages\/57452\/revisions\/57468"}],"up":[{"embeddable":true,"href":"https:\/\/old.seacretehotels.com\/fr\/wp-json\/wp\/v2\/pages\/57501"}],"wp:featuredmedia":[{"embeddable":true,"href":"https:\/\/old.seacretehotels.com\/fr\/wp-json\/wp\/v2\/media\/57467"}],"wp:attachment":[{"href":"https:\/\/old.seacretehotels.com\/fr\/wp-json\/wp\/v2\/media?parent=57452"}],"curies":[{"name":"wp","href":"https:\/\/api.w.org\/{rel}","templated":true}]}}