
  
{"id":57447,"date":"2021-10-19T15:57:21","date_gmt":"2021-10-19T12:57:21","guid":{"rendered":"https:\/\/old.seacretehotels.com\/?page_id=57447"},"modified":"2021-10-22T09:44:27","modified_gmt":"2021-10-22T06:44:27","slug":"romantic-getaway","status":"publish","type":"page","link":"https:\/\/old.seacretehotels.com\/fr\/kalyvesbeachhotel\/romantic-getaway\/","title":{"rendered":"Kalyves Romantisme"},"content":{"rendered":"<h1>Un h\u00f4tel romantique \u00e0 La Can\u00e9e<\/h1>\n<p>Les \u00e9ternels romantiques sont invit\u00e9s \u00e0 c\u00e9l\u00e9brer leur amour dans un cadre enchanteur au bord de la mer et de la rivi\u00e8re. L\u2019h\u00f4tel romantique Kalyves Beach de La Can\u00e9e offre la retraite parfaite pour les couples qui souhaitent se d\u00e9tendre et passer du temps de qualit\u00e9 ensemble, loin des tracas de la vie quotidienne. Marchez sur la plage ou dans le port pittoresque du village de Kalyves et admirez les bateaux de p\u00eache et les lumi\u00e8res scintillantes des tavernes et des caf\u00e9s quand le soir commence \u00e0 tomber sur la mer \u00e9tincelante de Cr\u00e8te.<\/p>\n<h2>Complexe h\u00f4telier pour un voyage de noces en Cr\u00e8te pour les couples<\/h2>\n<p>L\u2019ambiance cr\u00e9toise chaleureuse et authentique se marie admirablement bien avec le cadre exceptionnel du bord de mer et tous les plaisirs d\u2019un s\u00e9jour de luxe, faisant de Kalyves Beach Hotel l\u2019h\u00f4tel le plus romantique de Cr\u00e8te pour un voyage de noces inoubliable. Les jeunes mari\u00e9s sont invit\u00e9s \u00e0 se d\u00e9tendre dans leurs chambres spacieuses, \u00e0 d\u00e9compresser dans le jacuzzi et \u00e0 savourer des d\u00eeners succulents \u00e0 la lumi\u00e8re des chandelles en plein air dans cet h\u00f4tel romantique de Cr\u00e8te. Si vous avez besoin de passer avec votre moiti\u00e9 les vacances les plus romantiques qui soient, le Kalyves Beach Hotel est ce qu\u2019il vous faut.<\/p>\n<h3>La plus belle escapade romantique de La Can\u00e9e<\/h3>\n<p>Le Kalyves Beach Hotel est consid\u00e9r\u00e9 comme \u00e9tant la meilleure escapade romantique de La Can\u00e9e, car il offre tout ce dont un couple peut avoir besoin pendant ses vacances. Depuis son cadre envo\u00fbtant jusqu\u2019aux alentours divins, aux installations haut de gamme, aux services, aux choix de restauration et au large \u00e9ventail de divertissements et de loisirs disponibles, cet h\u00f4tel de luxe en bord de mer \u00e0 La Can\u00e9e est un vrai paradis pour les couples amoureux.<\/p>\n","protected":false},"excerpt":{"rendered":"<p>Un h\u00f4tel romantique \u00e0 La Can\u00e9e Les \u00e9ternels romantiques sont invit\u00e9s \u00e0 c\u00e9l\u00e9brer leur amour dans un cadre enchanteur au <\/p>\n","protected":false},"author":1,"featured_media":100208,"parent":57501,"menu_order":0,"comment_status":"closed","ping_status":"closed","template":"templates\/template--single.php","meta":[],"acf":[],"_links":{"self":[{"href":"https:\/\/old.seacretehotels.com\/fr\/wp-json\/wp\/v2\/pages\/57447"}],"collection":[{"href":"https:\/\/old.seacretehotels.com\/fr\/wp-json\/wp\/v2\/pages"}],"about":[{"href":"https:\/\/old.seacretehotels.com\/fr\/wp-json\/wp\/v2\/types\/page"}],"author":[{"embeddable":true,"href":"https:\/\/old.seacretehotels.com\/fr\/wp-json\/wp\/v2\/users\/1"}],"replies":[{"embeddable":true,"href":"https:\/\/old.seacretehotels.com\/fr\/wp-json\/wp\/v2\/comments?post=57447"}],"version-history":[{"count":4,"href":"https:\/\/old.seacretehotels.com\/fr\/wp-json\/wp\/v2\/pages\/57447\/revisions"}],"predecessor-version":[{"id":57469,"href":"https:\/\/old.seacretehotels.com\/fr\/wp-json\/wp\/v2\/pages\/57447\/revisions\/57469"}],"up":[{"embeddable":true,"href":"https:\/\/old.seacretehotels.com\/fr\/wp-json\/wp\/v2\/pages\/57501"}],"wp:featuredmedia":[{"embeddable":true,"href":"https:\/\/old.seacretehotels.com\/fr\/wp-json\/wp\/v2\/media\/100208"}],"wp:attachment":[{"href":"https:\/\/old.seacretehotels.com\/fr\/wp-json\/wp\/v2\/media?parent=57447"}],"curies":[{"name":"wp","href":"https:\/\/api.w.org\/{rel}","templated":true}]}}