
  
{"id":57441,"date":"2021-10-19T15:58:02","date_gmt":"2021-10-19T12:58:02","guid":{"rendered":"https:\/\/old.seacretehotels.com\/?page_id=57441"},"modified":"2021-10-22T09:43:55","modified_gmt":"2021-10-22T06:43:55","slug":"wine-dine","status":"publish","type":"page","link":"https:\/\/old.seacretehotels.com\/fr\/kalyvesbeachhotel\/wine-dine\/","title":{"rendered":"Kalyves Boire et manger"},"content":{"rendered":"<h1>Kalyves Boire et manger<\/h1>\n<p>D\u00e9gustez les saveurs du petit matin, juste au bord de l\u2019eau, en regardant passer les canards, puis dans la journ\u00e9e pr\u00e9parez vos papilles \u00e0 des r\u00e9v\u00e9lations passionnantes pr\u00e9par\u00e9es par nos chefs plein de talent.\u00a0Go\u00fbtez l\u2019essence de la M\u00e9diterran\u00e9e avec des touches de gastronomie internationale, et embarquez pour un voyage culinaire vers la fameuse cuisine cr\u00e9toise, avec des plats et sp\u00e9cialit\u00e9s cr\u00e9\u00e9es avec les meilleurs ingr\u00e9dients locaux.<\/p>\n<p>Profitez d\u2019un repas exquis sur la v\u00e9randa de notre restaurant buffet, accompagn\u00e9 d\u2019un verre de vin de notre large s\u00e9lection de vins et ravivez votre flamme avec un d\u00eener aux chandelles sous le ciel \u00e9toil\u00e9.<\/p>\n<p>Apr\u00e8s quelques longueurs relaxantes dans la piscine ou dans la mer azur\u00e9e, \u00e9panchez votre soif avec un cocktail rafra\u00eechissant pris \u00e0 notre bar de plage et d\u00e9tendez-vous dans un cadre divin. Mangez et buvez dans une oasis de d\u00e9tente et de calme en contemplant les teintes \u00e9carlates du coucher de soleil.<\/p>\n<p><strong>Au Kalyves Beach Hotel, vous avez acc\u00e8s \u00e0<\/strong><\/p>\n<ul>\n<li>Un menu \u00e0 la carte (dont une s\u00e9lection pour les enfants)<\/li>\n<li>Une bouteille de vin<\/li>\n<li>Divers jus faits \u00e0 partir de fruits frais<\/li>\n<li>Des boissons sans alcool et des glaces<\/li>\n<li>Des cocktails et du champagne<\/li>\n<\/ul>\n","protected":false},"excerpt":{"rendered":"<p>Kalyves Boire et manger D\u00e9gustez les saveurs du petit matin, juste au bord de l\u2019eau, en regardant passer les canards, <\/p>\n","protected":false},"author":1,"featured_media":100217,"parent":57501,"menu_order":0,"comment_status":"closed","ping_status":"closed","template":"templates\/template--single.php","meta":[],"acf":[],"_links":{"self":[{"href":"https:\/\/old.seacretehotels.com\/fr\/wp-json\/wp\/v2\/pages\/57441"}],"collection":[{"href":"https:\/\/old.seacretehotels.com\/fr\/wp-json\/wp\/v2\/pages"}],"about":[{"href":"https:\/\/old.seacretehotels.com\/fr\/wp-json\/wp\/v2\/types\/page"}],"author":[{"embeddable":true,"href":"https:\/\/old.seacretehotels.com\/fr\/wp-json\/wp\/v2\/users\/1"}],"replies":[{"embeddable":true,"href":"https:\/\/old.seacretehotels.com\/fr\/wp-json\/wp\/v2\/comments?post=57441"}],"version-history":[{"count":4,"href":"https:\/\/old.seacretehotels.com\/fr\/wp-json\/wp\/v2\/pages\/57441\/revisions"}],"predecessor-version":[{"id":57470,"href":"https:\/\/old.seacretehotels.com\/fr\/wp-json\/wp\/v2\/pages\/57441\/revisions\/57470"}],"up":[{"embeddable":true,"href":"https:\/\/old.seacretehotels.com\/fr\/wp-json\/wp\/v2\/pages\/57501"}],"wp:featuredmedia":[{"embeddable":true,"href":"https:\/\/old.seacretehotels.com\/fr\/wp-json\/wp\/v2\/media\/100217"}],"wp:attachment":[{"href":"https:\/\/old.seacretehotels.com\/fr\/wp-json\/wp\/v2\/media?parent=57441"}],"curies":[{"name":"wp","href":"https:\/\/api.w.org\/{rel}","templated":true}]}}