
  
{"id":57423,"date":"2021-10-19T15:25:48","date_gmt":"2021-10-19T12:25:48","guid":{"rendered":"https:\/\/old.seacretehotels.com\/?page_id=57423"},"modified":"2021-10-22T09:43:16","modified_gmt":"2021-10-22T06:43:16","slug":"room-facilities","status":"publish","type":"page","link":"https:\/\/old.seacretehotels.com\/fr\/kalyvesbeachhotel\/room-facilities\/","title":{"rendered":"Kalyves \u00c9quipement des chambres"},"content":{"rendered":"<h1>Kalyves Installations et \u00e9quipements des chambres<\/h1>\n<p>Avec une vue sur la mer, les jardins ou les montagnes, toutes les chambres du Kalyves Beach Hotel respirent une atmosph\u00e8re divine pour des heures de repos paisible. Magnifiquement \u00e9quip\u00e9es, avec un mobilier charmant et les commodit\u00e9s modernes, les chambres garantissent un s\u00e9jour relaxant sans commune mesure. Spacieuses et joliment con\u00e7ues, les chambres comportent toutes les commodit\u00e9s modernes pour assurer un s\u00e9jour r\u00e9ellement confortable, avec salle de bains priv\u00e9e, TV satellite, r\u00e9frig\u00e9rateur et bouilloire, climatisation et balcon tout meubl\u00e9.<\/p>\n<h2>\u00c9quipement des chambres<\/h2>\n<ul>\n<li>TV satellite<\/li>\n<li>R\u00e9frig\u00e9rateur<\/li>\n<li>Bouilloire<\/li>\n<li>Coffre-fort<\/li>\n<li>S\u00e8che-cheveux<\/li>\n<li>Connexion WiFi<\/li>\n<li>Climatisation<\/li>\n<li>Balcon<\/li>\n<li>Douche ou baignoire<\/li>\n<li>Ligne t\u00e9l\u00e9phonique directe<\/li>\n<\/ul>\n","protected":false},"excerpt":{"rendered":"<p>Kalyves Installations et \u00e9quipements des chambres Avec une vue sur la mer, les jardins ou les montagnes, toutes les chambres <\/p>\n","protected":false},"author":1,"featured_media":57430,"parent":57501,"menu_order":0,"comment_status":"closed","ping_status":"closed","template":"templates\/template--single.php","meta":[],"acf":[],"_links":{"self":[{"href":"https:\/\/old.seacretehotels.com\/fr\/wp-json\/wp\/v2\/pages\/57423"}],"collection":[{"href":"https:\/\/old.seacretehotels.com\/fr\/wp-json\/wp\/v2\/pages"}],"about":[{"href":"https:\/\/old.seacretehotels.com\/fr\/wp-json\/wp\/v2\/types\/page"}],"author":[{"embeddable":true,"href":"https:\/\/old.seacretehotels.com\/fr\/wp-json\/wp\/v2\/users\/1"}],"replies":[{"embeddable":true,"href":"https:\/\/old.seacretehotels.com\/fr\/wp-json\/wp\/v2\/comments?post=57423"}],"version-history":[{"count":3,"href":"https:\/\/old.seacretehotels.com\/fr\/wp-json\/wp\/v2\/pages\/57423\/revisions"}],"predecessor-version":[{"id":57431,"href":"https:\/\/old.seacretehotels.com\/fr\/wp-json\/wp\/v2\/pages\/57423\/revisions\/57431"}],"up":[{"embeddable":true,"href":"https:\/\/old.seacretehotels.com\/fr\/wp-json\/wp\/v2\/pages\/57501"}],"wp:featuredmedia":[{"embeddable":true,"href":"https:\/\/old.seacretehotels.com\/fr\/wp-json\/wp\/v2\/media\/57430"}],"wp:attachment":[{"href":"https:\/\/old.seacretehotels.com\/fr\/wp-json\/wp\/v2\/media?parent=57423"}],"curies":[{"name":"wp","href":"https:\/\/api.w.org\/{rel}","templated":true}]}}