
  
{"id":57414,"date":"2021-10-19T15:29:29","date_gmt":"2021-10-19T12:29:29","guid":{"rendered":"https:\/\/old.seacretehotels.com\/?page_id=57414"},"modified":"2021-10-21T18:16:21","modified_gmt":"2021-10-21T15:16:21","slug":"children-facilities","status":"publish","type":"page","link":"https:\/\/old.seacretehotels.com\/fr\/kalyvesbeachhotel\/children-facilities\/","title":{"rendered":"Kalyves Installations pour les enfants"},"content":{"rendered":"<h1>Installations pour les enfants<\/h1>\n<p>Le Kalyves Beach Hotel est un complexe familiale qui propose un choix incroyable d\u2019installations pour les enfants, pour que nos plus jeunes clients puissent s\u2019amuser toute la journ\u00e9e. Le club pour enfants de notre \u00e9tablissement partenaire Kiani Beach Resort et la mini discoth\u00e8que, disponibles deux fois par semaine, invitent les enfants \u00e0 passer toute la journ\u00e9e \u00e0 participer \u00e0 toute une s\u00e9rie d\u2019activit\u00e9s ludiques et agr\u00e9ables, \u00e0 jouer avec d\u2019autres enfants de leur \u00e2ge et \u00e0 stimuler leur cr\u00e9ativit\u00e9 et leur imagination. Depuis les jeux de piscine jusqu\u2019au maquillage pour enfants, \u00e0 la chasse au tr\u00e9sor, aux tours de magie, aux loisirs cr\u00e9atifs, il y a toujours une activit\u00e9 \u00e0 faire pour vos enfants au Kalyves Beach Hotel. L\u2019\u00e9quipe d\u2019animateurs professionnels de l\u2019h\u00f4tel est l\u00e0 pour mettre un sourire sur le visage de votre enfant deux fois par semaine&#8230; Et pour le reste du temps, vos enfants trouveront forc\u00e9ment quelque chose d\u2019amusant \u00e0 faire au Kalyves Beach Hotel !<\/p>\n","protected":false},"excerpt":{"rendered":"<p>Installations pour les enfants Le Kalyves Beach Hotel est un complexe familiale qui propose un choix incroyable d\u2019installations pour les <\/p>\n","protected":false},"author":1,"featured_media":100540,"parent":57501,"menu_order":0,"comment_status":"closed","ping_status":"closed","template":"templates\/template--single.php","meta":[],"acf":[],"_links":{"self":[{"href":"https:\/\/old.seacretehotels.com\/fr\/wp-json\/wp\/v2\/pages\/57414"}],"collection":[{"href":"https:\/\/old.seacretehotels.com\/fr\/wp-json\/wp\/v2\/pages"}],"about":[{"href":"https:\/\/old.seacretehotels.com\/fr\/wp-json\/wp\/v2\/types\/page"}],"author":[{"embeddable":true,"href":"https:\/\/old.seacretehotels.com\/fr\/wp-json\/wp\/v2\/users\/1"}],"replies":[{"embeddable":true,"href":"https:\/\/old.seacretehotels.com\/fr\/wp-json\/wp\/v2\/comments?post=57414"}],"version-history":[{"count":4,"href":"https:\/\/old.seacretehotels.com\/fr\/wp-json\/wp\/v2\/pages\/57414\/revisions"}],"predecessor-version":[{"id":57432,"href":"https:\/\/old.seacretehotels.com\/fr\/wp-json\/wp\/v2\/pages\/57414\/revisions\/57432"}],"up":[{"embeddable":true,"href":"https:\/\/old.seacretehotels.com\/fr\/wp-json\/wp\/v2\/pages\/57501"}],"wp:featuredmedia":[{"embeddable":true,"href":"https:\/\/old.seacretehotels.com\/fr\/wp-json\/wp\/v2\/media\/100540"}],"wp:attachment":[{"href":"https:\/\/old.seacretehotels.com\/fr\/wp-json\/wp\/v2\/media?parent=57414"}],"curies":[{"name":"wp","href":"https:\/\/api.w.org\/{rel}","templated":true}]}}