
  
{"id":57403,"date":"2021-10-19T15:42:57","date_gmt":"2021-10-19T12:42:57","guid":{"rendered":"https:\/\/old.seacretehotels.com\/?page_id=57403"},"modified":"2021-10-22T09:42:57","modified_gmt":"2021-10-22T06:42:57","slug":"recreation","status":"publish","type":"page","link":"https:\/\/old.seacretehotels.com\/fr\/kalyvesbeachhotel\/recreation\/","title":{"rendered":"Kalyves Activit\u00e9s r\u00e9cr\u00e9atives"},"content":{"rendered":"<h1>Kalyves Activit\u00e9s r\u00e9cr\u00e9atives<\/h1>\n<h2>Les vacances au Kalyves Beach Hotel sont bien plus qu\u2019une \u00e9vasion relaxante de votre vie quotidienne et un moment de d\u00e9tente dans un environnement merveilleux.<\/h2>\n<p>Un s\u00e9jour dans notre h\u00f4tel, c\u2019est un moment de loisir, de divertissement et d\u2019activit\u00e9s r\u00e9cr\u00e9atives, l\u2019occasion de vous faire plaisir de toutes les mani\u00e8res possibles.<\/p>\n<p>Pr\u00e9parez-vous \u00e0 danser au rythme de nos DJ invit\u00e9s, familiarisez-vous avec la fa\u00e7on de vivre authentique des insulaires pendant nos soir\u00e9es grecques et apprenez \u00e0 danser la danse du ventre ou les danses grecques. Craquez pour la magie en regardant notre magicien r\u00e9aliser une s\u00e9rie de tours et chantez votre chanson pr\u00e9f\u00e9r\u00e9e pendant la soir\u00e9e karaok\u00e9. D\u00e9tendez-vous en \u00e9coutant du piano en live et d\u00e9couvrez certains de nos spectacles et \u00e9v\u00e9nements en live.<\/p>\n<p>Les enfants aussi peuvent s\u2019amuser au Kalyves Beach Resort, avec le club pour les enfants de notre \u00e9tablissement partenaire Kiani Beach Resort, situ\u00e9 \u00e0 proximit\u00e9. Laissez nos experts stimuler leur imagination et leur cr\u00e9ativit\u00e9 avec une s\u00e9rie d\u2019activit\u00e9s, de loisirs cr\u00e9atifs, etc., puis laissez-les jouer sur les installations des aires de jeux pour enfants ou danser dans la mini discoth\u00e8que.<\/p>\n<p>Le complexe Kalyves Beach Resort offre une grande s\u00e9lection de divertissements pour les enfants et les adultes, car nous sommes convaincus que s\u2019amuser est l\u2019ingr\u00e9dient essentiel pour des vacances magiques !<\/p>\n","protected":false},"excerpt":{"rendered":"<p>Kalyves Activit\u00e9s r\u00e9cr\u00e9atives Les vacances au Kalyves Beach Hotel sont bien plus qu\u2019une \u00e9vasion relaxante de votre vie quotidienne et <\/p>\n","protected":false},"author":1,"featured_media":57412,"parent":57501,"menu_order":0,"comment_status":"closed","ping_status":"closed","template":"templates\/template--single.php","meta":[],"acf":[],"_links":{"self":[{"href":"https:\/\/old.seacretehotels.com\/fr\/wp-json\/wp\/v2\/pages\/57403"}],"collection":[{"href":"https:\/\/old.seacretehotels.com\/fr\/wp-json\/wp\/v2\/pages"}],"about":[{"href":"https:\/\/old.seacretehotels.com\/fr\/wp-json\/wp\/v2\/types\/page"}],"author":[{"embeddable":true,"href":"https:\/\/old.seacretehotels.com\/fr\/wp-json\/wp\/v2\/users\/1"}],"replies":[{"embeddable":true,"href":"https:\/\/old.seacretehotels.com\/fr\/wp-json\/wp\/v2\/comments?post=57403"}],"version-history":[{"count":4,"href":"https:\/\/old.seacretehotels.com\/fr\/wp-json\/wp\/v2\/pages\/57403\/revisions"}],"predecessor-version":[{"id":57438,"href":"https:\/\/old.seacretehotels.com\/fr\/wp-json\/wp\/v2\/pages\/57403\/revisions\/57438"}],"up":[{"embeddable":true,"href":"https:\/\/old.seacretehotels.com\/fr\/wp-json\/wp\/v2\/pages\/57501"}],"wp:featuredmedia":[{"embeddable":true,"href":"https:\/\/old.seacretehotels.com\/fr\/wp-json\/wp\/v2\/media\/57412"}],"wp:attachment":[{"href":"https:\/\/old.seacretehotels.com\/fr\/wp-json\/wp\/v2\/media?parent=57403"}],"curies":[{"name":"wp","href":"https:\/\/api.w.org\/{rel}","templated":true}]}}