
  
{"id":57394,"date":"2021-10-19T15:42:46","date_gmt":"2021-10-19T12:42:46","guid":{"rendered":"https:\/\/old.seacretehotels.com\/?page_id=57394"},"modified":"2021-10-22T09:42:36","modified_gmt":"2021-10-22T06:42:36","slug":"fitness","status":"publish","type":"page","link":"https:\/\/old.seacretehotels.com\/fr\/kalyvesbeachhotel\/fitness\/","title":{"rendered":"Kalyves Salle de sport"},"content":{"rendered":"<h1>Salle de sport<\/h1>\n<h2>Gardez vos habitudes de fitness en vacances avec notre salle de sport enti\u00e8rement \u00e9quip\u00e9e.<\/h2>\n<p>Profitez de faire quelques longueurs relaxantes dans les eaux tranquille de la piscine, plongez dans le jacuzzi, r\u00e9veillez vos sens dans le sauna ou d\u00e9tendez-vous compl\u00e8tement dans notre mini-spa. Laissez vos sens s\u2019\u00e9vader avec la douce brise marine et b\u00e9n\u00e9ficiez de son action r\u00e9g\u00e9n\u00e9rante sur le corps, l\u2019\u00e2me et l\u2019esprit.<\/p>\n","protected":false},"excerpt":{"rendered":"<p>Salle de sport Gardez vos habitudes de fitness en vacances avec notre salle de sport enti\u00e8rement \u00e9quip\u00e9e. Profitez de faire <\/p>\n","protected":false},"author":1,"featured_media":100352,"parent":57501,"menu_order":0,"comment_status":"closed","ping_status":"closed","template":"templates\/template--single.php","meta":[],"acf":[],"_links":{"self":[{"href":"https:\/\/old.seacretehotels.com\/fr\/wp-json\/wp\/v2\/pages\/57394"}],"collection":[{"href":"https:\/\/old.seacretehotels.com\/fr\/wp-json\/wp\/v2\/pages"}],"about":[{"href":"https:\/\/old.seacretehotels.com\/fr\/wp-json\/wp\/v2\/types\/page"}],"author":[{"embeddable":true,"href":"https:\/\/old.seacretehotels.com\/fr\/wp-json\/wp\/v2\/users\/1"}],"replies":[{"embeddable":true,"href":"https:\/\/old.seacretehotels.com\/fr\/wp-json\/wp\/v2\/comments?post=57394"}],"version-history":[{"count":4,"href":"https:\/\/old.seacretehotels.com\/fr\/wp-json\/wp\/v2\/pages\/57394\/revisions"}],"predecessor-version":[{"id":57436,"href":"https:\/\/old.seacretehotels.com\/fr\/wp-json\/wp\/v2\/pages\/57394\/revisions\/57436"}],"up":[{"embeddable":true,"href":"https:\/\/old.seacretehotels.com\/fr\/wp-json\/wp\/v2\/pages\/57501"}],"wp:featuredmedia":[{"embeddable":true,"href":"https:\/\/old.seacretehotels.com\/fr\/wp-json\/wp\/v2\/media\/100352"}],"wp:attachment":[{"href":"https:\/\/old.seacretehotels.com\/fr\/wp-json\/wp\/v2\/media?parent=57394"}],"curies":[{"name":"wp","href":"https:\/\/api.w.org\/{rel}","templated":true}]}}