
  
{"id":57385,"date":"2021-10-19T15:38:48","date_gmt":"2021-10-19T12:38:48","guid":{"rendered":"https:\/\/old.seacretehotels.com\/?page_id=57385"},"modified":"2021-10-21T18:15:51","modified_gmt":"2021-10-21T15:15:51","slug":"business","status":"publish","type":"page","link":"https:\/\/old.seacretehotels.com\/fr\/kalyvesbeachhotel\/business\/","title":{"rendered":"Kalyves R\u00e9unions"},"content":{"rendered":"<h1>Kalyves R\u00e9unions<\/h1>\n<h2>Au Kalyves Beach Hotel, nous nous targuons de pouvoir satisfaire tous vos besoins et tous vos d\u00e9sirs.<\/h2>\n<p>C\u2019est pourquoi nous avons cr\u00e9\u00e9 un centre de conf\u00e9rence, pour veiller \u00e0 ce que vous puissiez respecter vos obligations professionnelles tout en profitant de votre s\u00e9jour. Enti\u00e8rement \u00e9quip\u00e9 des derni\u00e8res technologies de pointe, notre centre de conf\u00e9rence garantit le d\u00e9roulement harmonieux de n\u2019importe quel \u00e9v\u00e9nement.<\/p>\n","protected":false},"excerpt":{"rendered":"<p>Kalyves R\u00e9unions Au Kalyves Beach Hotel, nous nous targuons de pouvoir satisfaire tous vos besoins et tous vos d\u00e9sirs. C\u2019est <\/p>\n","protected":false},"author":1,"featured_media":57390,"parent":57501,"menu_order":0,"comment_status":"closed","ping_status":"closed","template":"templates\/template--single.php","meta":[],"acf":[],"_links":{"self":[{"href":"https:\/\/old.seacretehotels.com\/fr\/wp-json\/wp\/v2\/pages\/57385"}],"collection":[{"href":"https:\/\/old.seacretehotels.com\/fr\/wp-json\/wp\/v2\/pages"}],"about":[{"href":"https:\/\/old.seacretehotels.com\/fr\/wp-json\/wp\/v2\/types\/page"}],"author":[{"embeddable":true,"href":"https:\/\/old.seacretehotels.com\/fr\/wp-json\/wp\/v2\/users\/1"}],"replies":[{"embeddable":true,"href":"https:\/\/old.seacretehotels.com\/fr\/wp-json\/wp\/v2\/comments?post=57385"}],"version-history":[{"count":4,"href":"https:\/\/old.seacretehotels.com\/fr\/wp-json\/wp\/v2\/pages\/57385\/revisions"}],"predecessor-version":[{"id":57433,"href":"https:\/\/old.seacretehotels.com\/fr\/wp-json\/wp\/v2\/pages\/57385\/revisions\/57433"}],"up":[{"embeddable":true,"href":"https:\/\/old.seacretehotels.com\/fr\/wp-json\/wp\/v2\/pages\/57501"}],"wp:featuredmedia":[{"embeddable":true,"href":"https:\/\/old.seacretehotels.com\/fr\/wp-json\/wp\/v2\/media\/57390"}],"wp:attachment":[{"href":"https:\/\/old.seacretehotels.com\/fr\/wp-json\/wp\/v2\/media?parent=57385"}],"curies":[{"name":"wp","href":"https:\/\/api.w.org\/{rel}","templated":true}]}}