
  
{"id":57376,"date":"2021-10-19T14:48:54","date_gmt":"2021-10-19T11:48:54","guid":{"rendered":"https:\/\/old.seacretehotels.com\/?page_id=57376"},"modified":"2021-10-21T18:15:30","modified_gmt":"2021-10-21T15:15:30","slug":"sports","status":"publish","type":"page","link":"https:\/\/old.seacretehotels.com\/fr\/kalyvesbeachhotel\/sports\/","title":{"rendered":"Kalyves Sport"},"content":{"rendered":"<h1>Kalyves Sports<\/h1>\n<h2>Si vous \u00eates un fan de sport, pr\u00e9parez-vous \u00e0 participer \u00e0 des activit\u00e9s sportives et fitness palpitantes.<\/h2>\n<p>Int\u00e9grez notre programme de fitness, dansez au rythme de la Zumba, relaxez-vous avec du yoga et du Pilates deux fois par semaine, participez \u00e0 une classe d\u2019aquagym ou partez pour une aventure de plong\u00e9e pour d\u00e9couvrir les fonds marins de La Can\u00e9e. Vous pouvez m\u00eame tester votre habilet\u00e9 au billard ou au tennis de table ou partir explorer les environs en randonn\u00e9e ou en trek.<\/p>\n","protected":false},"excerpt":{"rendered":"<p>Kalyves Sports Si vous \u00eates un fan de sport, pr\u00e9parez-vous \u00e0 participer \u00e0 des activit\u00e9s sportives et fitness palpitantes. Int\u00e9grez <\/p>\n","protected":false},"author":1,"featured_media":57381,"parent":57501,"menu_order":0,"comment_status":"closed","ping_status":"closed","template":"templates\/template--single.php","meta":[],"acf":[],"_links":{"self":[{"href":"https:\/\/old.seacretehotels.com\/fr\/wp-json\/wp\/v2\/pages\/57376"}],"collection":[{"href":"https:\/\/old.seacretehotels.com\/fr\/wp-json\/wp\/v2\/pages"}],"about":[{"href":"https:\/\/old.seacretehotels.com\/fr\/wp-json\/wp\/v2\/types\/page"}],"author":[{"embeddable":true,"href":"https:\/\/old.seacretehotels.com\/fr\/wp-json\/wp\/v2\/users\/1"}],"replies":[{"embeddable":true,"href":"https:\/\/old.seacretehotels.com\/fr\/wp-json\/wp\/v2\/comments?post=57376"}],"version-history":[{"count":4,"href":"https:\/\/old.seacretehotels.com\/fr\/wp-json\/wp\/v2\/pages\/57376\/revisions"}],"predecessor-version":[{"id":57434,"href":"https:\/\/old.seacretehotels.com\/fr\/wp-json\/wp\/v2\/pages\/57376\/revisions\/57434"}],"up":[{"embeddable":true,"href":"https:\/\/old.seacretehotels.com\/fr\/wp-json\/wp\/v2\/pages\/57501"}],"wp:featuredmedia":[{"embeddable":true,"href":"https:\/\/old.seacretehotels.com\/fr\/wp-json\/wp\/v2\/media\/57381"}],"wp:attachment":[{"href":"https:\/\/old.seacretehotels.com\/fr\/wp-json\/wp\/v2\/media?parent=57376"}],"curies":[{"name":"wp","href":"https:\/\/api.w.org\/{rel}","templated":true}]}}