
  
{"id":57363,"date":"2021-10-19T15:42:51","date_gmt":"2021-10-19T12:42:51","guid":{"rendered":"https:\/\/old.seacretehotels.com\/?page_id=57363"},"modified":"2023-06-21T11:21:28","modified_gmt":"2023-06-21T08:21:28","slug":"beach-pools","status":"publish","type":"page","link":"https:\/\/old.seacretehotels.com\/fr\/kalyvesbeachhotel\/beach-pools\/","title":{"rendered":"Plage et piscines du Kalyves"},"content":{"rendered":"<h1>Plage et piscines du Kalyves<\/h1>\n<p>Que vous pr\u00e9f\u00e9riez nager dans les eaux tranquilles de la piscine ou plonger dans les eaux azur\u00e9es de la mer, le Kalyves Beach Hotel vous offre la possibilit\u00e9 de faire les deux, puisque l\u2019h\u00f4tel dispose de 3 piscines \u00e9tincelantes en int\u00e9rieur et en ext\u00e9rieur ainsi qu\u2019une plage Pavillon bleu sur laquelle vous pouvez profiter du soleil tout en sirotant un cocktail rafra\u00eechissant. Traversez simplement le pont pour rejoindre la plage de Kalyves et nagez dans ses eaux peu profondes avec vos enfants. L\u2019h\u00f4tel comporte aussi une piscine sp\u00e9cialement con\u00e7ue pour nos plus jeunes clients, dans laquelle ils peuvent nager et barboter en toute s\u00e9curit\u00e9 sous le soleil de Cr\u00e8te.<\/p>\n<p><strong>\u00a0 \u00a0 Type de piscine\u00a0 \u00a0 \u00a0 Dimensions\u00a0 \u00a0 Eau\u00a0 \u00a0 \u00a0 \u00a0 \u00a0Forme \u00a0 \u00a0 \u00a0 \u00a0Profondeur<\/strong><br \/>\nA. Piscine int\u00e9rieure\u00a0 \u00a0 \u00a0 \u00a0 \u00a043m2\u00a0 \u00a0 \u00a0 \u00a0 \u00a0 \u00a0 \u00a0 \u00a0 Douce \u00a0 \u00a0 \u00a0 R\u00e9guli\u00e8re\u00a0 \u00a0 \u00a0 \u00a0 \u00a01.10m<br \/>\nB. Piscine ext\u00e9rieure\u00a0 \u00a0 \u00a0 \u00a0 116m2\u00a0 \u00a0 \u00a0 \u00a0 \u00a0 \u00a0 \u00a0 \u00a0Douce\u00a0 \u00a0 \u00a0 \u00a0Irr\u00e9guli\u00e8re \u00a0 \u00a0 \u00a0 1.60m<br \/>\nC. Piscine ext\u00e9rieure\u00a0 \u00a0 \u00a0 \u00a0 \u00a052m2\u00a0 \u00a0 \u00a0 \u00a0 \u00a0 \u00a0 \u00a0 \u00a0 Douce\u00a0 \u00a0 \u00a0 \u00a0R\u00e9guli\u00e8re\u00a0 \u00a0 \u00a0 \u00a0 \u00a01.60m<br \/>\nD. Piscine pour enfants\u00a0 \u00a0 18m2\u00a0 \u00a0 \u00a0 \u00a0 \u00a0 \u00a0 \u00a0 \u00a0 Douce\u00a0 \u00a0 \u00a0 \u00a0 Ronde\u00a0 \u00a0 \u00a0 \u00a0 \u00a0 \u00a0 \u00a0 0.60m<\/p>\n<p><strong>Remarque sp\u00e9ciale:<\/strong> Nous tenons \u00e0 vous informer que pour des raisons de durabilit\u00e9 afin de ne pas consommer d&rsquo;\u00e9lectricit\u00e9 inutilement, notre piscine int\u00e9rieure entre les mois de <strong>juin, juillet et ao\u00fbt ne sera pas chauff\u00e9e.<\/strong><\/p>\n","protected":false},"excerpt":{"rendered":"<p>Plage et piscines du Kalyves Que vous pr\u00e9f\u00e9riez nager dans les eaux tranquilles de la piscine ou plonger dans les <\/p>\n","protected":false},"author":1,"featured_media":100483,"parent":57501,"menu_order":0,"comment_status":"closed","ping_status":"closed","template":"templates\/template--single.php","meta":[],"acf":[],"_links":{"self":[{"href":"https:\/\/old.seacretehotels.com\/fr\/wp-json\/wp\/v2\/pages\/57363"}],"collection":[{"href":"https:\/\/old.seacretehotels.com\/fr\/wp-json\/wp\/v2\/pages"}],"about":[{"href":"https:\/\/old.seacretehotels.com\/fr\/wp-json\/wp\/v2\/types\/page"}],"author":[{"embeddable":true,"href":"https:\/\/old.seacretehotels.com\/fr\/wp-json\/wp\/v2\/users\/1"}],"replies":[{"embeddable":true,"href":"https:\/\/old.seacretehotels.com\/fr\/wp-json\/wp\/v2\/comments?post=57363"}],"version-history":[{"count":5,"href":"https:\/\/old.seacretehotels.com\/fr\/wp-json\/wp\/v2\/pages\/57363\/revisions"}],"predecessor-version":[{"id":103166,"href":"https:\/\/old.seacretehotels.com\/fr\/wp-json\/wp\/v2\/pages\/57363\/revisions\/103166"}],"up":[{"embeddable":true,"href":"https:\/\/old.seacretehotels.com\/fr\/wp-json\/wp\/v2\/pages\/57501"}],"wp:featuredmedia":[{"embeddable":true,"href":"https:\/\/old.seacretehotels.com\/fr\/wp-json\/wp\/v2\/media\/100483"}],"wp:attachment":[{"href":"https:\/\/old.seacretehotels.com\/fr\/wp-json\/wp\/v2\/media?parent=57363"}],"curies":[{"name":"wp","href":"https:\/\/api.w.org\/{rel}","templated":true}]}}