
  
{"id":57331,"date":"2021-10-19T14:39:39","date_gmt":"2021-10-19T11:39:39","guid":{"rendered":"https:\/\/old.seacretehotels.com\/?page_id=57331"},"modified":"2021-10-21T18:14:30","modified_gmt":"2021-10-21T15:14:30","slug":"facilities","status":"publish","type":"page","link":"https:\/\/old.seacretehotels.com\/fr\/kalyvesbeachhotel\/facilities\/","title":{"rendered":"Kalyves Installations"},"content":{"rendered":"<h1>Installations du Kalyves Beach Hotel<\/h1>\n<p>Kalyves Beach Hotel offre un havre de paix pour se relaxer et se ressourcer, pour les enfants comme pour les adultes. Les clients sont invit\u00e9s \u00e0 profiter d\u2019une baignade dans l\u2019une des deux piscines ext\u00e9rieures, dans la piscine int\u00e9rieure et sur la plage r\u00e9compens\u00e9e du label Pavillon bleu, tandis que les enfants barbotent en toute s\u00e9curit\u00e9 dans la piscine sp\u00e9cialement con\u00e7ue pour les enfants.<\/p>\n<p>Comme l\u2019activit\u00e9 physique est essentielle pour vivre en bonne sant\u00e9, Kalyves Beach Hotel offre \u00e0 ses clients une large gamme de sports et d\u2019activit\u00e9s de fitness qui d\u00e9velopperont leur endurance et boosteront leur \u00e9nergie. Depuis la plong\u00e9e jusqu\u2019\u00e0 l\u2019entra\u00eenement physique, la Zumba, le Pilates, l\u2019aquagym et les s\u00e9ances de stretching, c\u2019est \u00e0 vous de faire votre choix.<\/p>\n<p>Participez \u00e0 plusieurs programmes de divertissement et de fitness et testez votre habilet\u00e9 au billard et au tennis de table, ou suivez votre programme de fitness dans notre mini-spa, qui comprend une piscine int\u00e9rieure, un jacuzzi, un sauna et du mat\u00e9riel de fitness.<\/p>\n<p>Les animations ne s\u2019arr\u00eatent jamais au Kalyves Beach Hotel. Les voyageurs se voient proposer un large \u00e9ventail d\u2019\u00e9v\u00e9nements en live, de spectacles et de programmes de soir\u00e9e qui sauront leur donner du baume au c\u0153ur. Dansez au rythme de nos DJ invit\u00e9s, laissez-vous convaincre par nos magiciens et leurs tours de magie, apprenez les danses grecques ou la danse du ventre, et faites du karaok\u00e9 avec votre famille et vos amis.<\/p>\n<p>Si vous voyagez avec des enfants, nous vous garantissons que vos enfants vont s\u2019amuser plus ce que ce que vous pouvez imaginer. Notre club pour enfants et notre mini discoth\u00e8que offrent une large gamme d\u2019activit\u00e9s, dont le maquillage pour enfants, la chasse au tr\u00e9sor, les jeux de piscine et une quantit\u00e9 d\u2019autres possibilit\u00e9s de s\u2019amuser qui mettront un sourire sur le visage de vos enfants pendant toute la journ\u00e9e, ce qui vous laissera du temps pour vous d\u00e9tendre. Les animations pour enfants sont propos\u00e9es deux fois par semaine, mais il y a \u00e9galement de nombreuses autres activit\u00e9s dans l\u2019h\u00f4tel pour les enfants.<\/p>\n<p>Pendant que les enfants jouent en toute s\u00e9curit\u00e9 au club pour enfants sous la surveillance de nos professionnels, vous avez l\u2019occasion de faire une pause, de profiter d\u2019une baignade dans la piscine, de vous immerger dans le jacuzzi et le mini-spa ou de faire un peu d\u2019exercice dans la salle de sports. Partez faire une promenade sur la plage ou savourez un d\u00eener en t\u00eate \u00e0 t\u00eate sous les \u00e9toiles.<\/p>\n<p>Le Kalyves Beach Hotel offre \u00e9galement une large s\u00e9lection d\u2019excursions pour le plaisir de chacun, ainsi que des aventures de randonn\u00e9e et de trekking qui vous donnent l\u2019occasion d\u2019explorer les villages pittoresques de Cr\u00e8te, sa nature g\u00e9n\u00e9reuse et ses rivi\u00e8res.<\/p>\n<p>Pour les personnes qui allient le travail \u00e0 la d\u00e9tente, il n\u2019y a pas de meilleur endroit que le Kalyves Beach Hotel. L\u2019h\u00f4tel peut organiser pour vous toute sorte de r\u00e9unions, de conf\u00e9rences ou d\u2019\u00e9v\u00e9nements dans des zones r\u00e9serv\u00e9es, avec un \u00e9quipement high-tech pour garantir le bon d\u00e9roulement de toute activit\u00e9 professionnelle.<\/p>\n<p>Quelle que soit la raison pour laquelle vous venez nous voir, une chose est certaine, nous veillerons \u00e0 ce que vous vous souveniez toujours de votre s\u00e9jour au Kalyves Beach Hotel\u00a0!<\/p>\n<h2>Installations de l\u2019h\u00f4tel<\/h2>\n<ul>\n<li>Piscine<\/li>\n<li>Piscine d\u2019int\u00e9rieur chauff\u00e9e<\/li>\n<li>Transats et parasols gratuits pr\u00e8s de la piscine et sur la plage<\/li>\n<li>Restaurant buffet<\/li>\n<li>Bar de plage<\/li>\n<li>Salle de sport, sauna, jacuzzi, massages<\/li>\n<li>Programme d\u2019animations quotidiennes (aquagym, mini disco, jeux pour enfants, \u00e9v\u00e9nements en soir\u00e9e)<\/li>\n<li>Installations pour les enfants &#8211; Aires de jeux<\/li>\n<li>M\u00e9decin de garde<\/li>\n<li>Salon TV<\/li>\n<li>\u00c9quipements pour enfants\u00a0: poussettes, chaises hautes dans le restaurant, talkies walkies, baignoire pour b\u00e9b\u00e9 dans la chambre, lit pour b\u00e9b\u00e9 dans la chambre, st\u00e9rilisateurs<\/li>\n<li>Jardin<\/li>\n<li>Wi-Fi gratuit<\/li>\n<li>\u00c0 proximit\u00e9 des arr\u00eats de bus<\/li>\n<li>Service de check-out express<\/li>\n<li>Le petit-d\u00e9jeuner est servi entre 7\u00a0h 15 et 10\u00a0h 30<\/li>\n<li>Petit-d\u00e9jeuner avant l\u2019heure sur demande<\/li>\n<li>Location d\u2019ordinateur portable et de tablette pour une utilisation par les clients<\/li>\n<li>Coin Internet<\/li>\n<li>Service petit-d\u00e9jeuner en chambre contre frais suppl\u00e9mentaires<\/li>\n<li>Biblioth\u00e8que avec une large s\u00e9lection de livres et d\u2019imprim\u00e9s<\/li>\n<li>Transports priv\u00e9s vers et depuis les a\u00e9roports et les ports de Cr\u00e8te<\/li>\n<li>Service de chambre 24 heures sur 24 contre frais suppl\u00e9mentaires<\/li>\n<li>Service de m\u00e9nage en apr\u00e8s-midi<\/li>\n<li>Service de changement de serviette sur demande<\/li>\n<li>Centre d\u2019affaires avec services de secr\u00e9tariat sur demande<\/li>\n<li>Lit pour b\u00e9b\u00e9 sur demande<\/li>\n<li>Service de r\u00e9veil de l\u2019h\u00f4tel sur demande<\/li>\n<li>Salle de jeux avec billards et jeux contre frais suppl\u00e9mentaires<\/li>\n<li>Coffre-fort central \u00e0 la r\u00e9ception contre frais suppl\u00e9mentaires<\/li>\n<li>R\u00e9ception ouverte 24 heures sur 24<\/li>\n<li>Bagagerie<\/li>\n<li>Service de transfert de bagages<\/li>\n<li>Repas ou petit-d\u00e9jeuner pour les clients sous emballage sp\u00e9cial sur demande<\/li>\n<li>Service pressing contre frais suppl\u00e9mentaires<\/li>\n<\/ul>\n","protected":false},"excerpt":{"rendered":"<p>Installations du Kalyves Beach Hotel Kalyves Beach Hotel offre un havre de paix pour se relaxer et se ressourcer, pour <\/p>\n","protected":false},"author":1,"featured_media":0,"parent":57501,"menu_order":0,"comment_status":"closed","ping_status":"closed","template":"templates\/template--single.php","meta":[],"acf":[],"_links":{"self":[{"href":"https:\/\/old.seacretehotels.com\/fr\/wp-json\/wp\/v2\/pages\/57331"}],"collection":[{"href":"https:\/\/old.seacretehotels.com\/fr\/wp-json\/wp\/v2\/pages"}],"about":[{"href":"https:\/\/old.seacretehotels.com\/fr\/wp-json\/wp\/v2\/types\/page"}],"author":[{"embeddable":true,"href":"https:\/\/old.seacretehotels.com\/fr\/wp-json\/wp\/v2\/users\/1"}],"replies":[{"embeddable":true,"href":"https:\/\/old.seacretehotels.com\/fr\/wp-json\/wp\/v2\/comments?post=57331"}],"version-history":[{"count":4,"href":"https:\/\/old.seacretehotels.com\/fr\/wp-json\/wp\/v2\/pages\/57331\/revisions"}],"predecessor-version":[{"id":57440,"href":"https:\/\/old.seacretehotels.com\/fr\/wp-json\/wp\/v2\/pages\/57331\/revisions\/57440"}],"up":[{"embeddable":true,"href":"https:\/\/old.seacretehotels.com\/fr\/wp-json\/wp\/v2\/pages\/57501"}],"wp:attachment":[{"href":"https:\/\/old.seacretehotels.com\/fr\/wp-json\/wp\/v2\/media?parent=57331"}],"curies":[{"name":"wp","href":"https:\/\/api.w.org\/{rel}","templated":true}]}}