
  
{"id":57314,"date":"2021-10-19T14:36:40","date_gmt":"2021-10-19T11:36:40","guid":{"rendered":"https:\/\/old.seacretehotels.com\/?page_id=57314"},"modified":"2023-07-26T14:02:54","modified_gmt":"2023-07-26T11:02:54","slug":"wellness-center-spa","status":"publish","type":"page","link":"https:\/\/old.seacretehotels.com\/fr\/kalyvesbeachhotel\/wellness-center-spa\/","title":{"rendered":"Espace bien-\u00eatre et Spa"},"content":{"rendered":"<h1>Centre de bien-\u00eatre et spa<\/h1>\n<p><strong><a href=\"https:\/\/hotels.aegeospas.gr\/wp-content\/uploads\/PDFs\/Menu-Wet-ENG-DE-Desktop.pdf\" target=\"_blank\" rel=\"noopener\">Cliquez ici pour une description compl\u00e8te de notre menu et de nos soins SPA<\/a><\/strong><\/p>\n<p><strong><a href=\"https:\/\/old.seacretehotels.com\/wp-content\/uploads\/2023\/07\/pricelist-wet-medium.pdf\" target=\"_blank\" rel=\"noopener\">Cliquez ici pour nos tarifs SPA<\/a><\/strong><\/p>\n<p>Une v\u00e9ritable aventure cr\u00e9toise ne serait pas compl\u00e8te sans une exp\u00e9rience de spa, d&rsquo;autant plus que les traitements du Kalyves Beach Spa utilisent des ingr\u00e9dients locaux naturels purs, tels que l&rsquo;huile d&rsquo;olive, le miel et les extraits de raisin.<\/p>\n<p>Les plantes et herbes aromatiques fra\u00eeches telles que le romarin, la menthe poivr\u00e9e, la citronnelle et la camomille jouent un r\u00f4le majeur dans une s\u00e9rie de traitements sp\u00e9cialement formul\u00e9s dispens\u00e9s dans notre Kalyves Beach SPA. Exploitant les v\u00e9ritables pouvoirs de gu\u00e9rison des tr\u00e9sors cr\u00e9tois, nos th\u00e9rapeutes exp\u00e9riment\u00e9s vous offriront un traitement m\u00e9morable et relaxant adapt\u00e9 \u00e0 vos mesures. Profitez d&rsquo;une large gamme de soins holistiques pour le corps et l&rsquo;esprit, notamment des massages corporels, des soins du visage et du corps dans nos salles de soins sp\u00e9cialement con\u00e7ues. Pourquoi ne pas m\u00eame essayer notre sauna et notre bain \u00e0 remous apr\u00e8s un traitement pour une exp\u00e9rience encore plus rajeunissante.<\/p>\n<p><strong>Pour r\u00e9server ou obtenir de plus amples informations, veuillez contacter<\/strong> \u00a0T\u00e9l.\u00a0: +30 28250 31285 ou renseignez-vous aupr\u00e8s de notre r\u00e9ception.<\/p>\n","protected":false},"excerpt":{"rendered":"<p>Centre de bien-\u00eatre et spa Cliquez ici pour une description compl\u00e8te de notre menu et de nos soins SPA Cliquez <\/p>\n","protected":false},"author":1,"featured_media":100322,"parent":57501,"menu_order":0,"comment_status":"closed","ping_status":"closed","template":"templates\/template--single.php","meta":[],"acf":[],"_links":{"self":[{"href":"https:\/\/old.seacretehotels.com\/fr\/wp-json\/wp\/v2\/pages\/57314"}],"collection":[{"href":"https:\/\/old.seacretehotels.com\/fr\/wp-json\/wp\/v2\/pages"}],"about":[{"href":"https:\/\/old.seacretehotels.com\/fr\/wp-json\/wp\/v2\/types\/page"}],"author":[{"embeddable":true,"href":"https:\/\/old.seacretehotels.com\/fr\/wp-json\/wp\/v2\/users\/1"}],"replies":[{"embeddable":true,"href":"https:\/\/old.seacretehotels.com\/fr\/wp-json\/wp\/v2\/comments?post=57314"}],"version-history":[{"count":6,"href":"https:\/\/old.seacretehotels.com\/fr\/wp-json\/wp\/v2\/pages\/57314\/revisions"}],"predecessor-version":[{"id":105045,"href":"https:\/\/old.seacretehotels.com\/fr\/wp-json\/wp\/v2\/pages\/57314\/revisions\/105045"}],"up":[{"embeddable":true,"href":"https:\/\/old.seacretehotels.com\/fr\/wp-json\/wp\/v2\/pages\/57501"}],"wp:featuredmedia":[{"embeddable":true,"href":"https:\/\/old.seacretehotels.com\/fr\/wp-json\/wp\/v2\/media\/100322"}],"wp:attachment":[{"href":"https:\/\/old.seacretehotels.com\/fr\/wp-json\/wp\/v2\/media?parent=57314"}],"curies":[{"name":"wp","href":"https:\/\/api.w.org\/{rel}","templated":true}]}}