
  
{"id":57298,"date":"2021-10-19T14:30:14","date_gmt":"2021-10-19T11:30:14","guid":{"rendered":"https:\/\/old.seacretehotels.com\/?page_id=57298"},"modified":"2023-01-26T15:09:42","modified_gmt":"2023-01-26T13:09:42","slug":"dining-bars","status":"publish","type":"page","link":"https:\/\/old.seacretehotels.com\/fr\/kalyvesbeachhotel\/dining-bars\/","title":{"rendered":"Kalyves Restaurants et bars"},"content":{"rendered":"<h1>Kalyves Beach Restaurants et bars<\/h1>\n<h2>Une cuisine cr\u00e9toise et internationale savoureuse<\/h2>\n<p>Profitez des d\u00e9lices les plus succulents des cuisines cr\u00e9toise et internationale dans la v\u00e9randa en plein air de nos restaurants tout en appr\u00e9ciant la vue extraordinaire sur la rivi\u00e8re et la mer. Laissez nos chefs vous pr\u00e9parer les saveurs les plus exquises avec des ingr\u00e9dients produits localement et des inspirations de la cuisine internationale. Que vous souhaitiez profiter d\u2019un petit-d\u00e9jeuner bien garni avec un jus d\u2019orange frais gratuit et produit avec des oranges bio, d\u2019un d\u00e9licieux repas de midi ou d\u2019un d\u00eener aux chandelles sous les \u00e9toiles, le restaurant buffet du Kalyves Beach Hotel est ce qu\u2019il vous faut. Si vous avez envie d\u2019un l\u00e9ger en-cas, ou si vous souhaitez prendre votre repas sur la plage, choisissez votre option favorite dans notre menu \u00e0 la carte avec une boisson rafra\u00eechissante au bar et savourez votre journ\u00e9e en \u00e9coutant le bruit des vagues !<\/p>\n<h3>Tout inclus<\/h3>\n<p><strong>Au restaurant de Kalyves Beach<\/strong><br \/>\nPendant les repas, boissons locales \u00e0 volont\u00e9, dont : eau fra\u00eeche (fontaine \u00e0 eau disponible \u00e0 des endroits strat\u00e9giques<br \/>\ndu restaurant et du bar de plage), boissons non alcoolis\u00e9es (\u00e0 la fontaine \u00e0 soda), bi\u00e8re, vin de la maison (rouge et blanc), ouzo, raki, jus concentr\u00e9s ou jus d\u2019orange frais avec des oranges bio.<\/p>\n<h2>Au bar de la piscine du Kalyves Beach<\/h2>\n<p>Des boissons locales alcoolis\u00e9es et non alcoolis\u00e9es \u00e0 volont\u00e9, ainsi que du caf\u00e9 filtre, des tisanes et de l\u2019eau du robinet<br \/>\nseront propos\u00e9s<\/p>\n<p><em>HEURES D\u2019OUVERTURE DU BAR TOUT INCLUS<\/em><br \/>\nBar de la plage : 11 h \u2013 23 h. apr\u00e8s 23 h, toutes les boissons seront payantes sur la base d\u2019un tarif sp\u00e9cial pour nos clients.<\/p>\n","protected":false},"excerpt":{"rendered":"<p>Kalyves Beach Restaurants et bars Une cuisine cr\u00e9toise et internationale savoureuse Profitez des d\u00e9lices les plus succulents des cuisines cr\u00e9toise <\/p>\n","protected":false},"author":1,"featured_media":100235,"parent":57501,"menu_order":0,"comment_status":"closed","ping_status":"closed","template":"templates\/template--single.php","meta":[],"acf":[],"_links":{"self":[{"href":"https:\/\/old.seacretehotels.com\/fr\/wp-json\/wp\/v2\/pages\/57298"}],"collection":[{"href":"https:\/\/old.seacretehotels.com\/fr\/wp-json\/wp\/v2\/pages"}],"about":[{"href":"https:\/\/old.seacretehotels.com\/fr\/wp-json\/wp\/v2\/types\/page"}],"author":[{"embeddable":true,"href":"https:\/\/old.seacretehotels.com\/fr\/wp-json\/wp\/v2\/users\/1"}],"replies":[{"embeddable":true,"href":"https:\/\/old.seacretehotels.com\/fr\/wp-json\/wp\/v2\/comments?post=57298"}],"version-history":[{"count":5,"href":"https:\/\/old.seacretehotels.com\/fr\/wp-json\/wp\/v2\/pages\/57298\/revisions"}],"predecessor-version":[{"id":93956,"href":"https:\/\/old.seacretehotels.com\/fr\/wp-json\/wp\/v2\/pages\/57298\/revisions\/93956"}],"up":[{"embeddable":true,"href":"https:\/\/old.seacretehotels.com\/fr\/wp-json\/wp\/v2\/pages\/57501"}],"wp:featuredmedia":[{"embeddable":true,"href":"https:\/\/old.seacretehotels.com\/fr\/wp-json\/wp\/v2\/media\/100235"}],"wp:attachment":[{"href":"https:\/\/old.seacretehotels.com\/fr\/wp-json\/wp\/v2\/media?parent=57298"}],"curies":[{"name":"wp","href":"https:\/\/api.w.org\/{rel}","templated":true}]}}