
  
{"id":57287,"date":"2021-10-19T14:26:27","date_gmt":"2021-10-19T11:26:27","guid":{"rendered":"https:\/\/old.seacretehotels.com\/?page_id=57287"},"modified":"2023-01-24T12:07:26","modified_gmt":"2023-01-24T10:07:26","slug":"kalyves-beach-restaurant","status":"publish","type":"page","link":"https:\/\/old.seacretehotels.com\/fr\/kalyvesbeachhotel\/kalyves-beach-restaurant\/","title":{"rendered":"Kalyves Restaurant buffet"},"content":{"rendered":"<h1>Restaurant buffet sur la plage<\/h1>\n<p>Fusion de la cuisine authentique grecque et de la gastronomie internationale, l\u2019agr\u00e9able restaurant buffet de Kalyves Beach Hotel invite les clients \u00e0 venir titiller leur palais avec des plats succulents pr\u00e9par\u00e9s avec les ingr\u00e9dients locaux les plus frais. Accueillez la journ\u00e9e avec un copieux petit-d\u00e9jeuner au buffet am\u00e9ricain dans la v\u00e9randa au bord de la rivi\u00e8re, en contemplant la splendide vue sur la mer. Profitez de votre repas en \u00e9coutant les canards barboter dans la rivi\u00e8re et ravivez la flamme de votre amour lors d\u2019un d\u00eener aux chandelles accompagn\u00e9 d\u2019un vin p\u00e9tillant s\u00e9lectionn\u00e9 parmi notre longue liste de vins.<\/p>\n","protected":false},"excerpt":{"rendered":"<p>Restaurant buffet sur la plage Fusion de la cuisine authentique grecque et de la gastronomie internationale, l\u2019agr\u00e9able restaurant buffet de <\/p>\n","protected":false},"author":1,"featured_media":100247,"parent":57501,"menu_order":0,"comment_status":"closed","ping_status":"closed","template":"templates\/template--single.php","meta":[],"acf":[],"_links":{"self":[{"href":"https:\/\/old.seacretehotels.com\/fr\/wp-json\/wp\/v2\/pages\/57287"}],"collection":[{"href":"https:\/\/old.seacretehotels.com\/fr\/wp-json\/wp\/v2\/pages"}],"about":[{"href":"https:\/\/old.seacretehotels.com\/fr\/wp-json\/wp\/v2\/types\/page"}],"author":[{"embeddable":true,"href":"https:\/\/old.seacretehotels.com\/fr\/wp-json\/wp\/v2\/users\/1"}],"replies":[{"embeddable":true,"href":"https:\/\/old.seacretehotels.com\/fr\/wp-json\/wp\/v2\/comments?post=57287"}],"version-history":[{"count":5,"href":"https:\/\/old.seacretehotels.com\/fr\/wp-json\/wp\/v2\/pages\/57287\/revisions"}],"predecessor-version":[{"id":93877,"href":"https:\/\/old.seacretehotels.com\/fr\/wp-json\/wp\/v2\/pages\/57287\/revisions\/93877"}],"up":[{"embeddable":true,"href":"https:\/\/old.seacretehotels.com\/fr\/wp-json\/wp\/v2\/pages\/57501"}],"wp:featuredmedia":[{"embeddable":true,"href":"https:\/\/old.seacretehotels.com\/fr\/wp-json\/wp\/v2\/media\/100247"}],"wp:attachment":[{"href":"https:\/\/old.seacretehotels.com\/fr\/wp-json\/wp\/v2\/media?parent=57287"}],"curies":[{"name":"wp","href":"https:\/\/api.w.org\/{rel}","templated":true}]}}