
  
{"id":57274,"date":"2021-10-19T14:27:33","date_gmt":"2021-10-19T11:27:33","guid":{"rendered":"https:\/\/old.seacretehotels.com\/?page_id=57274"},"modified":"2023-01-24T11:59:00","modified_gmt":"2023-01-24T09:59:00","slug":"beach-bar","status":"publish","type":"page","link":"https:\/\/old.seacretehotels.com\/fr\/kalyvesbeachhotel\/beach-bar\/","title":{"rendered":"Kalyves Bar de plage"},"content":{"rendered":"<h1>Kalyves Bar de plage<\/h1>\n<p>Appr\u00e9ciez les saveurs les plus exquises de notre menu \u00e0 la carte juste au bord de la mer scintillante et de la piscine, d\u00e9tendez-vous avec les accords d\u2019une douce musique et \u00e9merveillez-vous devant la vue majestueuse sur la mer. Faites la f\u00eate avec un joli plat m\u00e9diterran\u00e9e et un verre de champagne ou offrez \u00e0 vos enfants un repas pour enfants sp\u00e9cialement pr\u00e9par\u00e9 pour eux et une d\u00e9licieuse glace au dessert.<\/p>\n<p>11:00h \u2013 23:00h<\/p>\n","protected":false},"excerpt":{"rendered":"<p>Kalyves Bar de plage Appr\u00e9ciez les saveurs les plus exquises de notre menu \u00e0 la carte juste au bord de <\/p>\n","protected":false},"author":1,"featured_media":100729,"parent":57501,"menu_order":0,"comment_status":"closed","ping_status":"closed","template":"templates\/template--single.php","meta":[],"acf":[],"_links":{"self":[{"href":"https:\/\/old.seacretehotels.com\/fr\/wp-json\/wp\/v2\/pages\/57274"}],"collection":[{"href":"https:\/\/old.seacretehotels.com\/fr\/wp-json\/wp\/v2\/pages"}],"about":[{"href":"https:\/\/old.seacretehotels.com\/fr\/wp-json\/wp\/v2\/types\/page"}],"author":[{"embeddable":true,"href":"https:\/\/old.seacretehotels.com\/fr\/wp-json\/wp\/v2\/users\/1"}],"replies":[{"embeddable":true,"href":"https:\/\/old.seacretehotels.com\/fr\/wp-json\/wp\/v2\/comments?post=57274"}],"version-history":[{"count":6,"href":"https:\/\/old.seacretehotels.com\/fr\/wp-json\/wp\/v2\/pages\/57274\/revisions"}],"predecessor-version":[{"id":93871,"href":"https:\/\/old.seacretehotels.com\/fr\/wp-json\/wp\/v2\/pages\/57274\/revisions\/93871"}],"up":[{"embeddable":true,"href":"https:\/\/old.seacretehotels.com\/fr\/wp-json\/wp\/v2\/pages\/57501"}],"wp:featuredmedia":[{"embeddable":true,"href":"https:\/\/old.seacretehotels.com\/fr\/wp-json\/wp\/v2\/media\/100729"}],"wp:attachment":[{"href":"https:\/\/old.seacretehotels.com\/fr\/wp-json\/wp\/v2\/media?parent=57274"}],"curies":[{"name":"wp","href":"https:\/\/api.w.org\/{rel}","templated":true}]}}