
  
{"id":57259,"date":"2021-10-19T14:18:49","date_gmt":"2021-10-19T11:18:49","guid":{"rendered":"https:\/\/old.seacretehotels.com\/?page_id=57259"},"modified":"2021-10-21T18:08:17","modified_gmt":"2021-10-21T15:08:17","slug":"traditional-holidays","status":"publish","type":"page","link":"https:\/\/old.seacretehotels.com\/fr\/kalyvesbeachhotel\/traditional-holidays\/","title":{"rendered":"La vie dans le village de Kalyves"},"content":{"rendered":"<h1>La vie locale dans le village de Kalyves dans La Can\u00e9e<\/h1>\n<p>Faites l\u2019exp\u00e9rience de l\u2019ambiance chaleureuse et de l\u2019hospitalit\u00e9 authentique r\u00e9put\u00e9e des cr\u00e9tois dans le village pittoresque de Kalyves, dans La Can\u00e9e. Vivez comme un habitant de ce village traditionnel de Cr\u00e8te et d\u00e9couvrez peu \u00e0 peu sa beaut\u00e9 en vous y promenant. Explorez le village de Kalyves \u00e0 pied en vous perdant dans ses rues et ses all\u00e9es, d\u00e9gustez votre caf\u00e9 selon la tradition dans l\u2019un des \u00ab kafeneion \u00bb locaux de la place centrale du village, et achetez des produits et des objets locaux et authentiques dans les boutiques sp\u00e9cialis\u00e9es du village, chez le boucher, \u00e0 la boulangerie, sur le march\u00e9, dans la boutique du fabricant de tonneaux traditionnels qui vend du vin et dans les boutiques de c\u00e9ramiques et de bijoux. M\u00ealez-vous aux locaux sur la place centrale tout en d\u00e9gustant un repas ou une boisson pr\u00e8s de l\u2019\u00e9glise de Agia Parakevi, et appr\u00e9ciez sa beaut\u00e9 authentique.<\/p>\n<h2>Village traditionnel de Kalyves en Cr\u00e8te<\/h2>\n<p>Avec son caract\u00e8re original inalt\u00e9r\u00e9 et son mode de vie local pr\u00e9serv\u00e9, le village de Kalyves est un choix id\u00e9al pour une \u00e9vasion en toute tranquillit\u00e9 sur l\u2019\u00eele de Cr\u00e8te. Promenez-vous sur la place principale du village et traversez le pont sur la rivi\u00e8re Xydas, \u00e9merveillez-vous devant la flore et la faune des berges de la rivi\u00e8re et regardez les canards qui se laissent emporter par l\u2019eau. Le village de Kalyves offre un point de d\u00e9part parfait pour des promenades vers les deux plages extraordinaires de la r\u00e9gion, pour des visites dans les villages voisins de Almyrida, Kalami, Armeni, Aptera avec son site arch\u00e9ologique, et Nio Horio, ainsi que des excursions touristiques dans la grande r\u00e9gion d\u2019Apokoronas, dans la Can\u00e9e. Magnifiquement situ\u00e9 au c\u0153ur du village de Kalyves, l`h\u00f4tel Kalyves Beach de la Can\u00e9e constitue le meilleur choix pour vos vacances en famille ou pour un s\u00e9jour romantiques en Cr\u00e8te, ainsi que la base parfaite pour vos explorations dans la r\u00e9gion d\u2019Apokoronas.<\/p>\n<h3>Des vacances inoubliables \u00e0 Kalyves<\/h3>\n<p>Le charmant village de Kalyves dans La Can\u00e9e est le village favori de beaucoup, car il offre une retraite tranquille, que ce soit pour des familles et pour des couples. Tranquille et pittoresque, le village offre tout ce qu\u2019un voyageur peut d\u00e9sirer pour un s\u00e9jour authentique \u00e0 Kalyves, y compris deux splendides plages Pavillon bleu aux eaux peu profondes et de nombreuses possibilit\u00e9s d\u2019excursions pour les passionn\u00e9s de nature, par exemple pour les ornithologues amateurs, car on y trouve un grand nombre d\u2019oiseaux migrateurs et d\u2019esp\u00e8ces end\u00e9miques qui valent la peine d\u2019\u00eatre d\u00e9couverts. Partez faire des balades relaxantes sur la plage et dans les environs luxuriantes, visitez les gorges de Diktamos et suivez les sentiers de campagne au milieu des plantations odorantes, des p\u00e2turages et des petits hameaux. Asseyez-vous quelques instants au bord des rivi\u00e8res Xidas ou Koiliaris et \u00e9merveillez-vous \u00e0 la vue de l\u2019imposante toile de fond que constituent les montagnes Blanches de Gr\u00e8ce, connues dans le monde entier. Profitez de vos vacances \u00e0 Kalyves et des <a href=\"https:\/\/old.seacretehotels.com\/fr\/chania-sightseeing\/\">meilleurs endroits touristiques de La Can\u00e9e<\/a> en logeant dans l\u2019un des meilleurs complexes h\u00f4teliers de bord de mer de Cr\u00e8te.<\/p>\n","protected":false},"excerpt":{"rendered":"<p>La vie locale dans le village de Kalyves dans La Can\u00e9e Faites l\u2019exp\u00e9rience de l\u2019ambiance chaleureuse et de l\u2019hospitalit\u00e9 authentique <\/p>\n","protected":false},"author":1,"featured_media":100586,"parent":57501,"menu_order":0,"comment_status":"closed","ping_status":"closed","template":"templates\/template--single.php","meta":[],"acf":[],"_links":{"self":[{"href":"https:\/\/old.seacretehotels.com\/fr\/wp-json\/wp\/v2\/pages\/57259"}],"collection":[{"href":"https:\/\/old.seacretehotels.com\/fr\/wp-json\/wp\/v2\/pages"}],"about":[{"href":"https:\/\/old.seacretehotels.com\/fr\/wp-json\/wp\/v2\/types\/page"}],"author":[{"embeddable":true,"href":"https:\/\/old.seacretehotels.com\/fr\/wp-json\/wp\/v2\/users\/1"}],"replies":[{"embeddable":true,"href":"https:\/\/old.seacretehotels.com\/fr\/wp-json\/wp\/v2\/comments?post=57259"}],"version-history":[{"count":3,"href":"https:\/\/old.seacretehotels.com\/fr\/wp-json\/wp\/v2\/pages\/57259\/revisions"}],"predecessor-version":[{"id":57273,"href":"https:\/\/old.seacretehotels.com\/fr\/wp-json\/wp\/v2\/pages\/57259\/revisions\/57273"}],"up":[{"embeddable":true,"href":"https:\/\/old.seacretehotels.com\/fr\/wp-json\/wp\/v2\/pages\/57501"}],"wp:featuredmedia":[{"embeddable":true,"href":"https:\/\/old.seacretehotels.com\/fr\/wp-json\/wp\/v2\/media\/100586"}],"wp:attachment":[{"href":"https:\/\/old.seacretehotels.com\/fr\/wp-json\/wp\/v2\/media?parent=57259"}],"curies":[{"name":"wp","href":"https:\/\/api.w.org\/{rel}","templated":true}]}}