
  
{"id":57236,"date":"2021-10-19T14:01:22","date_gmt":"2021-10-19T11:01:22","guid":{"rendered":"https:\/\/old.seacretehotels.com\/?page_id=57236"},"modified":"2023-05-19T18:41:53","modified_gmt":"2023-05-19T15:41:53","slug":"allinclusive-vip","status":"publish","type":"page","link":"https:\/\/old.seacretehotels.com\/fr\/kalyvesbeachhotel\/allinclusive-vip\/","title":{"rendered":"Forfait Tout Compris Plus"},"content":{"rendered":"<p>Kalyves VIP tout inclus<\/p>\n<p><a href=\"https:\/\/old.seacretehotels.com\/wp-content\/uploads\/2022\/11\/KBH_AI_PLUS_FRENCH.pdf\" target=\"_blank\" rel=\"noopener\"><strong>D\u00e9couvrez toutes les raisons de passer \u00e0 notre forfait All-Inclusive Plus<\/strong><\/a><\/p>\n<p><strong>Veuillez noter :<\/strong> Tous les clients adultes de chaque r\u00e9servation de chambre devront \u00eatre surclass\u00e9s.<\/p>\n<p>Si l&rsquo;offre All-Inclusive standard ne vous semble pas suffisante, profitez de notre forfait All-Inclusive Plus et surclassez vos vacances au Kalyves Beach Hotel. Profitez de tous les avantages de notre forfait tout compris standard avec des friandises de bienvenue sp\u00e9ciales dans votre chambre, de d\u00e9licieux suppl\u00e9ments de nourriture et de boissons, un acc\u00e8s gratuit \u00e0 la salle de sport et des r\u00e9ductions exclusives.<\/p>\n<p>Vous trouverez ci-dessous un aper\u00e7u des services suppl\u00e9mentaires disponibles pour nos clients. Pour 20\u20ac par adulte\/par jour, vous pouvez profiter de tous les services standard All Inclusive, notamment :<\/p>\n<p><strong>Compl\u00e9ments alimentaires et boissons:<\/strong><\/p>\n<ul>\n<li>Tous les repas et en-cas quotidiens<\/li>\n<li>Vin cr\u00e9tois local \u00e0 volont\u00e9 (rouge, blanc, ros\u00e9)<\/li>\n<li>Bi\u00e8re cr\u00e9toise locale \u00e0 volont\u00e9<\/li>\n<li>Spiritueux locaux (Ouzo, Raki)<\/li>\n<li>Spiritueux hors marques (Gin, T\u00e9quila, Rhum, Vodka, Brandy, Whisky)<\/li>\n<li>Boissons alcoolis\u00e9es de marque<\/li>\n<li>Cocktails alcoolis\u00e9s et non alcoolis\u00e9s<\/li>\n<li>Vin de la maison en bouteille 375\u00a0ml (2 bouteilles par personne\/jour)<\/li>\n<li>Bi\u00e8re haut de gamme<\/li>\n<li>Jus d\u2019orange frais<\/li>\n<li>Boissons gazeuses \u00e0 la fontaine \u00e0 soda et eau du robinet<\/li>\n<li>Caf\u00e9 filtre\/th\u00e9<\/li>\n<li>Caf\u00e9 du barrista (expresso, cappuccino, latte, chocolat chaud, etc.)<\/li>\n<\/ul>\n<p><strong>SERVICES DE CHAMBRE<\/strong><\/p>\n<ul>\n<li>Surclassement de la chambre (selon disponibilit\u00e9)<\/li>\n<li>Service de m\u00e9nage quotidien<\/li>\n<li>Service de m\u00e9nage en apr\u00e8s-midi (sur demande)<\/li>\n<li>Panier de bienvenue (vin de la maison, fruits et eau)<\/li>\n<li>Cadeau pour enfants<\/li>\n<li>D\u00e9part tardif gratuit jusqu\u2019\u00e0 14\u00a0h (selon disponibilit\u00e9)<\/li>\n<li>Utilisation quotidienne jusqu\u2019\u00e0 18\u00a0h (selon disponibilit\u00e9) \u2013 50\u00a0% de r\u00e9duction<\/li>\n<li>Machine expresso \u00e0 disposition (2 capsules GRATUITES \u00e0 l\u2019arriv\u00e9e)<\/li>\n<li>1 bouteille d\u2019eau remplac\u00e9e chaque jour<\/li>\n<\/ul>\n<p><strong>D\u00c9TENTE ET RELAXATION<\/strong><\/p>\n<ul>\n<li>Les parasols et les transats autour de la piscine sont \u00e0 la disposition de nos clients (gratuitement)<\/li>\n<li>Des serviettes de plage sont fournies dans chaque bar de plage.<\/li>\n<li>Internet deux fois plus rapide dans toutes les chambres, sur la plage et dans les parties communes de l\u2019h\u00f4tel<\/li>\n<li>G\u00e2teau gratuit pour les \u00e9v\u00e9nements sp\u00e9ciaux (par ex. anniversaires, etc.) &#8211; (sur demande)<\/li>\n<li>Coffre-fort<\/li>\n<li>Soir\u00e9es spectacle tous les jours<\/li>\n<\/ul>\n<p><strong>SPORT ET FITNESS<\/strong><\/p>\n<ul>\n<li>Sports gratuits\u00a0: Salle de fitness et tennis de table<\/li>\n<li>Utilisation gratuite de la piscine int\u00e9rieure chauff\u00e9e<\/li>\n<\/ul>\n<p><strong>SPA DU KALYVES BEACH HOTEL<\/strong><\/p>\n<ul>\n<li>Massages, soins et installations de spa\u00a0: 30\u00a0% de r\u00e9duction<\/li>\n<\/ul>\n","protected":false},"excerpt":{"rendered":"<p>Kalyves VIP tout inclus D\u00e9couvrez toutes les raisons de passer \u00e0 notre forfait All-Inclusive Plus Veuillez noter : Tous les <\/p>\n","protected":false},"author":1,"featured_media":57246,"parent":57501,"menu_order":0,"comment_status":"closed","ping_status":"closed","template":"templates\/template--single.php","meta":[],"acf":[],"_links":{"self":[{"href":"https:\/\/old.seacretehotels.com\/fr\/wp-json\/wp\/v2\/pages\/57236"}],"collection":[{"href":"https:\/\/old.seacretehotels.com\/fr\/wp-json\/wp\/v2\/pages"}],"about":[{"href":"https:\/\/old.seacretehotels.com\/fr\/wp-json\/wp\/v2\/types\/page"}],"author":[{"embeddable":true,"href":"https:\/\/old.seacretehotels.com\/fr\/wp-json\/wp\/v2\/users\/1"}],"replies":[{"embeddable":true,"href":"https:\/\/old.seacretehotels.com\/fr\/wp-json\/wp\/v2\/comments?post=57236"}],"version-history":[{"count":9,"href":"https:\/\/old.seacretehotels.com\/fr\/wp-json\/wp\/v2\/pages\/57236\/revisions"}],"predecessor-version":[{"id":101376,"href":"https:\/\/old.seacretehotels.com\/fr\/wp-json\/wp\/v2\/pages\/57236\/revisions\/101376"}],"up":[{"embeddable":true,"href":"https:\/\/old.seacretehotels.com\/fr\/wp-json\/wp\/v2\/pages\/57501"}],"wp:featuredmedia":[{"embeddable":true,"href":"https:\/\/old.seacretehotels.com\/fr\/wp-json\/wp\/v2\/media\/57246"}],"wp:attachment":[{"href":"https:\/\/old.seacretehotels.com\/fr\/wp-json\/wp\/v2\/media?parent=57236"}],"curies":[{"name":"wp","href":"https:\/\/api.w.org\/{rel}","templated":true}]}}