
  
{"id":57231,"date":"2021-10-19T13:57:35","date_gmt":"2021-10-19T10:57:35","guid":{"rendered":"https:\/\/old.seacretehotels.com\/?page_id=57231"},"modified":"2022-11-09T12:00:34","modified_gmt":"2022-11-09T10:00:34","slug":"allinclusive-holidays","status":"publish","type":"page","link":"https:\/\/old.seacretehotels.com\/fr\/kalyvesbeachhotel\/allinclusive-holidays\/","title":{"rendered":"Forfait Kalyves tout inclus"},"content":{"rendered":"<h1>Tout inclus<\/h1>\n<p>Les voyageurs qui recherchent des vacances tout inclus \u00e0 un prix int\u00e9ressant peuvent planifier leurs vacances \u00e0 l\u2019h\u00f4tel Kalyves Beach et b\u00e9n\u00e9ficier de nos forfaits \u00e9conomiques exclusifs. Profitez de d\u00e9licieux repas dans notre restaurant buffet, de sandwiches, de p\u00e2tisseries, de fruits, de salades, de snacks et de boissons tout au long de la journ\u00e9e, prenez un bain de soleil au bord de la piscine et assistez \u00e0 nos soir\u00e9es th\u00e9matiques, gratuitement, aux frais de l\u2019h\u00f4tel. Quel meilleur moyen y a-t-il, pour profiter de vacances sans soucis, que de ne pas avoir \u00e0 se pr\u00e9occuper des frais suppl\u00e9mentaires\u00a0? Enlevez ce poids de vos \u00e9paules et offrez-vous la possibilit\u00e9 de vous relaxer et de vous d\u00e9tendre \u00e0 votre aise.<\/p>\n<p><strong>Repas au restaurant buffet<\/strong><\/p>\n<p>Tous les repas sont servis sous la forme d\u2019un buffet bien garni, avec une grande vari\u00e9t\u00e9 de plats frais pr\u00e9par\u00e9s chaque jour par nos chefs talentueux avec des produits locaux. De jour comme de nuit, les clients peuvent admirer la vue magnifique sur la mer cr\u00e9toise tout en d\u00e9gustant les d\u00e9licieuses sp\u00e9cialit\u00e9s pr\u00e9par\u00e9es par notre chef.<\/p>\n<ul>\n<li>Petit d\u00e9jeuner 8 h 00 &#8211; 10 h 30 Buffet am\u00e9ricain<\/li>\n<li>D\u00e9jeuner 13 h &#8211; 15 h 00 Buffet complet<\/li>\n<li>D\u00eener 10 h 00 &#8211; 21 h 30 Buffet complet<\/li>\n<\/ul>\n<p>Code vestimentaire\u00a0: Au moment des repas, il est demand\u00e9 aux clients d\u2019avoir une tenue d\u00e9cente dans le restaurant principal.<\/p>\n<p><em><strong>Repas l\u00e9gers, snacks et caf\u00e9<\/strong><\/em><\/p>\n<p>Une grande vari\u00e9t\u00e9 d\u2019en-cas chauds et froids, de sandwichs et de p\u00e2tisseries, ainsi que des fruits et des salades de la production locale seront disponibles aux horaires suivants\u00a0: Milieu de matin\u00e9e (11\u00a0h \u2013 12\u00a0h) Apr\u00e8s-midi (16\u00a0h \u2013 17\u00a0h) Les glaces sont disponibles au d\u00e9jeuner et au d\u00eener (au buffet) et entre 11\u00a0h &#8211; 12\u00a0h et 16\u00a0h -17\u00a0h (au bar de la plage). Sandwichs pour les excursions\u00a0: disponibles sur demande \u00e0 la r\u00e9ception. Les clients doivent effectuer leurs r\u00e9servations un jour \u00e0 l\u2019avance avant 19\u00a0h.<\/p>\n<p><em><strong>Boissons au restaurant du Kalyves Beach Hotel<\/strong><\/em><\/p>\n<p>Au cours des repas, les boissons locales comme le vin cr\u00e9tois local sont \u00e0 volont\u00e9 (rouge, blanc, ros\u00e9). Bi\u00e8re cr\u00e9toise locale \u00e0 volont\u00e9, boissons gazeuses de la fontaine \u00e0 soda et eau du robinet, caf\u00e9 filtre\/th\u00e9.<\/p>\n<h2>Au bar de la piscine du Kalyves Beach Hotel<\/h2>\n<p>Un service \u00e0 volont\u00e9 de boissons locales alcoolis\u00e9es et non alcoolis\u00e9es, ainsi que de caf\u00e9 filtre, de tisanes et d\u2019eau du robinet y est propos\u00e9. Spiritueux locaux (Ouzo, Raki), spiritueux hors marques (Gin, T\u00e9quila, Rhum, Vodka, Brandy, Whisky), boissons gazeuses de la fontaine \u00e0 soda et eau du robinet, caf\u00e9 filtre\/th\u00e9.<\/p>\n<p>HEURES D\u2019OUVERTURE DU BAR TOUT INCLUS\u00a0: Bar de la plage\u00a0: 11\u00a0h \u2013 23\u00a0h.<\/p>\n<p><em><strong>Service de chambre\u00a0:<\/strong><\/em><\/p>\n<ul>\n<li>Service de m\u00e9nage quotidien<\/li>\n<li>Machine expresso \u00e0 disposition (2 capsules GRATUITES \u00e0 l\u2019arriv\u00e9e)<\/li>\n<\/ul>\n<p><em><strong>Pour nos jeunes clients<\/strong><\/em><\/p>\n<ul>\n<li>Aire de jeux pour enfants<\/li>\n<li>Chaises hautes dans le restaurant<\/li>\n<\/ul>\n<p><em><strong>D\u00e9tente et relaxation<\/strong><\/em><\/p>\n<ul>\n<li>Les parasols et les transats autour de la piscine et sur la plage sont \u00e0 la disposition de nos clients (gratuitement)<\/li>\n<li>WiFi gratuit dans toutes les chambres, sur la plage et dans les parties communes de l\u2019h\u00f4tel<\/li>\n<li>Soir\u00e9es spectacle tous les jours<\/li>\n<\/ul>\n<p><em><strong>Sport\u00a0et\u00a0fitness<\/strong><\/em><\/p>\n<ul>\n<li>Sports gratuits\u00a0: Salle de fitness et tennis de table<\/li>\n<li>Utilisation gratuite de la piscine int\u00e9rieure chauff\u00e9e<\/li>\n<\/ul>\n<h3>Services avec frais en suppl\u00e9ment (r\u00e9servations \u00e0 la r\u00e9ception)<\/h3>\n<ul>\n<li>Massages<\/li>\n<li>Utilisation quotidienne<\/li>\n<li>Sauna<\/li>\n<li>M\u00e9decin de garde<\/li>\n<li>Jacuzzi<\/li>\n<li>Service de taxi<\/li>\n<li>Billard et jeux \u00e9lectroniques<\/li>\n<li>Forfait b\u00e9b\u00e9 (lit b\u00e9b\u00e9, poussette, chaise b\u00e9b\u00e9)<\/li>\n<li>Serviettes de plage<\/li>\n<li>Location d\u2019ordinateur portable<\/li>\n<li>Coffre-fort dans la chambre<\/li>\n<\/ul>\n","protected":false},"excerpt":{"rendered":"<p>Tout inclus Les voyageurs qui recherchent des vacances tout inclus \u00e0 un prix int\u00e9ressant peuvent planifier leurs vacances \u00e0 l\u2019h\u00f4tel <\/p>\n","protected":false},"author":1,"featured_media":100756,"parent":57501,"menu_order":0,"comment_status":"closed","ping_status":"closed","template":"templates\/template--single.php","meta":[],"acf":[],"_links":{"self":[{"href":"https:\/\/old.seacretehotels.com\/fr\/wp-json\/wp\/v2\/pages\/57231"}],"collection":[{"href":"https:\/\/old.seacretehotels.com\/fr\/wp-json\/wp\/v2\/pages"}],"about":[{"href":"https:\/\/old.seacretehotels.com\/fr\/wp-json\/wp\/v2\/types\/page"}],"author":[{"embeddable":true,"href":"https:\/\/old.seacretehotels.com\/fr\/wp-json\/wp\/v2\/users\/1"}],"replies":[{"embeddable":true,"href":"https:\/\/old.seacretehotels.com\/fr\/wp-json\/wp\/v2\/comments?post=57231"}],"version-history":[{"count":7,"href":"https:\/\/old.seacretehotels.com\/fr\/wp-json\/wp\/v2\/pages\/57231\/revisions"}],"predecessor-version":[{"id":81540,"href":"https:\/\/old.seacretehotels.com\/fr\/wp-json\/wp\/v2\/pages\/57231\/revisions\/81540"}],"up":[{"embeddable":true,"href":"https:\/\/old.seacretehotels.com\/fr\/wp-json\/wp\/v2\/pages\/57501"}],"wp:featuredmedia":[{"embeddable":true,"href":"https:\/\/old.seacretehotels.com\/fr\/wp-json\/wp\/v2\/media\/100756"}],"wp:attachment":[{"href":"https:\/\/old.seacretehotels.com\/fr\/wp-json\/wp\/v2\/media?parent=57231"}],"curies":[{"name":"wp","href":"https:\/\/api.w.org\/{rel}","templated":true}]}}