
  
{"id":57217,"date":"2021-10-19T14:15:21","date_gmt":"2021-10-19T11:15:21","guid":{"rendered":"https:\/\/old.seacretehotels.com\/?page_id=57217"},"modified":"2022-11-09T12:03:50","modified_gmt":"2022-11-09T10:03:50","slug":"allinclusive-hotel","status":"publish","type":"page","link":"https:\/\/old.seacretehotels.com\/fr\/kalyvesbeachhotel\/allinclusive-hotel\/","title":{"rendered":"Kalyves Tout inclus"},"content":{"rendered":"<h1>Forfaits tout inclus Kalyves Beach Hotel<\/h1>\n<p>L\u2019h\u00f4tel Kalyves Beach offre un programme de vacances tout inclus, pour une exp\u00e9rience de vacances encore plus agr\u00e9able. Les clients qui s\u00e9journent dans notre h\u00f4tel sont invit\u00e9s \u00e0 profiter de repas succulents au restaurant buffet de l\u2019h\u00f4tel, avec du jus d\u2019oranges fra\u00eeches issues d\u2019une production biologique, des en-cas l\u00e9gers et des rafra\u00eechissements tout au long de la journ\u00e9e ainsi que des boissons \u00e0 volont\u00e9 offertes par l\u2019h\u00f4tel. L\u2019aire de jeux pour les enfants, les transats et les parasols ainsi que les soir\u00e9es \u00e0 th\u00e8me organis\u00e9es tout au long de l\u2019\u00e9t\u00e9 sont \u00e9galement inclus dans le programme. Les clients privil\u00e9gi\u00e9s ont aussi la possibilit\u00e9 d\u2019acheter le programme VIP tout inclus et de b\u00e9n\u00e9ficier de quelques services suppl\u00e9mentaires, de suppl\u00e9ments de repas et d\u2019activit\u00e9s sportives sans frais suppl\u00e9mentaires.<\/p>\n<p><strong>Repas au restaurant buffet<\/strong><\/p>\n<p>Tous les repas sont servis sous la forme d\u2019un buffet bien garni, avec une grande vari\u00e9t\u00e9 de plats frais pr\u00e9par\u00e9s chaque jour par nos chefs talentueux avec des produits locaux. De jour comme de nuit, les clients peuvent admirer la vue magnifique sur la mer cr\u00e9toise tout en d\u00e9gustant les d\u00e9licieuses sp\u00e9cialit\u00e9s pr\u00e9par\u00e9es par notre chef.<\/p>\n<ul>\n<li>Petit d\u00e9jeuner 08:00 &#8211; 10:30h Buffet am\u00e9ricain<\/li>\n<li>D\u00e9jeuner 13:00 &#8211; 15:00h Buffet complet<\/li>\n<li>D\u00eener 19:00 &#8211; 21:30h Buffet complet<\/li>\n<\/ul>\n<p>Code vestimentaire\u00a0: Au moment des repas, il est demand\u00e9 aux clients d\u2019avoir une tenue d\u00e9cente dans le restaurant principal.<\/p>\n<p><em><strong>Repas l\u00e9gers, snacks et caf\u00e9<\/strong><\/em><br \/>\nUne grande vari\u00e9t\u00e9 d\u2019en-cas chauds et froids, de sandwichs et de p\u00e2tisseries, ainsi que des fruits et des salades de la production locale seront disponibles aux horaires suivants : Milieu de matin\u00e9e (11 h \u2013 12 h) Apr\u00e8s-midi (16 h \u2013 17 h) Les glaces sont disponibles au d\u00e9jeuner et au d\u00eener (au buffet) et entre 11 h &#8211; 12 h et 16 h -17 h (au bar de la plage). Sandwichs pour les excursions : disponibles sur demande \u00e0 la r\u00e9ception. Les clients doivent effectuer leurs r\u00e9servations un jour \u00e0 l\u2019avance avant 19 h.<\/p>\n<p><em><strong>Boissons au restaurant du Kalyves Beach Hotel<\/strong><\/em><br \/>\nAu cours des repas, les boissons locales comme le vin cr\u00e9tois local sont \u00e0 volont\u00e9 (rouge, blanc, ros\u00e9). Bi\u00e8re cr\u00e9toise locale \u00e0 volont\u00e9, boissons gazeuses de la fontaine \u00e0 soda et eau du robinet, caf\u00e9 filtre\/th\u00e9.<\/p>\n<h2>Au bar de la piscine du Kalyves Beach Hotel<\/h2>\n<p>Un service \u00e0 volont\u00e9 de boissons locales alcoolis\u00e9es et non alcoolis\u00e9es, ainsi que de caf\u00e9 filtre, de tisanes et d\u2019eau du robinet y est propos\u00e9. Spiritueux locaux (Ouzo, Raki), spiritueux hors marques (Gin, T\u00e9quila, Rhum, Vodka, Brandy, Whisky), boissons gazeuses de la fontaine \u00e0 soda et eau du robinet, caf\u00e9 filtre\/th\u00e9.<\/p>\n<p>HEURES D\u2019OUVERTURE DU BAR TOUT INCLUS : Bar de la plage : 11 h \u2013 23 h.<\/p>\n<p><em><strong>Service de chambre\u00a0:<\/strong><\/em><\/p>\n<ul>\n<li>Service de m\u00e9nage quotidien<\/li>\n<li>Machine expresso \u00e0 disposition (2 capsules GRATUITES \u00e0 l\u2019arriv\u00e9e)<\/li>\n<\/ul>\n<p><em><strong>Pour nos jeunes clients<\/strong><\/em><\/p>\n<ul>\n<li>Aire de jeux pour enfants<\/li>\n<li>Chaises hautes dans le restaurant<\/li>\n<\/ul>\n<p><em><strong>D\u00e9tente et relaxation<\/strong><\/em><\/p>\n<ul>\n<li>Les parasols et les transats autour de la piscine et sur la plage sont \u00e0 la disposition de nos clients (gratuitement)<\/li>\n<li>WiFi gratuit dans toutes les chambres, sur la plage et dans les parties communes de l\u2019h\u00f4tel<\/li>\n<li>Soir\u00e9es spectacle tous les jours<\/li>\n<\/ul>\n<p><em><strong>Sport\u00a0et\u00a0fitness<\/strong><\/em><\/p>\n<ul>\n<li>Sports gratuits\u00a0: Salle de fitness et tennis de table<\/li>\n<li>Utilisation gratuite de la piscine int\u00e9rieure chauff\u00e9e<\/li>\n<\/ul>\n<h3>Services avec frais en suppl\u00e9ment (r\u00e9servations \u00e0 la r\u00e9ception)<\/h3>\n<ul>\n<li>Massages<\/li>\n<li>Utilisation quotidienne<\/li>\n<li>Sauna<\/li>\n<li>M\u00e9decin de garde<\/li>\n<li>Jacuzzi<\/li>\n<li>Service de taxi<\/li>\n<li>Billard et jeux \u00e9lectroniques<\/li>\n<li>Forfait b\u00e9b\u00e9 (lit b\u00e9b\u00e9, poussette, chaise b\u00e9b\u00e9)<\/li>\n<li>Serviettes de plage<\/li>\n<li>Location d\u2019ordinateur portable<\/li>\n<li>Coffre-fort dans la chambre<\/li>\n<\/ul>\n","protected":false},"excerpt":{"rendered":"<p>Forfaits tout inclus Kalyves Beach Hotel L\u2019h\u00f4tel Kalyves Beach offre un programme de vacances tout inclus, pour une exp\u00e9rience de <\/p>\n","protected":false},"author":1,"featured_media":100247,"parent":57501,"menu_order":0,"comment_status":"closed","ping_status":"closed","template":"templates\/template--single.php","meta":[],"acf":[],"_links":{"self":[{"href":"https:\/\/old.seacretehotels.com\/fr\/wp-json\/wp\/v2\/pages\/57217"}],"collection":[{"href":"https:\/\/old.seacretehotels.com\/fr\/wp-json\/wp\/v2\/pages"}],"about":[{"href":"https:\/\/old.seacretehotels.com\/fr\/wp-json\/wp\/v2\/types\/page"}],"author":[{"embeddable":true,"href":"https:\/\/old.seacretehotels.com\/fr\/wp-json\/wp\/v2\/users\/1"}],"replies":[{"embeddable":true,"href":"https:\/\/old.seacretehotels.com\/fr\/wp-json\/wp\/v2\/comments?post=57217"}],"version-history":[{"count":7,"href":"https:\/\/old.seacretehotels.com\/fr\/wp-json\/wp\/v2\/pages\/57217\/revisions"}],"predecessor-version":[{"id":81544,"href":"https:\/\/old.seacretehotels.com\/fr\/wp-json\/wp\/v2\/pages\/57217\/revisions\/81544"}],"up":[{"embeddable":true,"href":"https:\/\/old.seacretehotels.com\/fr\/wp-json\/wp\/v2\/pages\/57501"}],"wp:featuredmedia":[{"embeddable":true,"href":"https:\/\/old.seacretehotels.com\/fr\/wp-json\/wp\/v2\/media\/100247"}],"wp:attachment":[{"href":"https:\/\/old.seacretehotels.com\/fr\/wp-json\/wp\/v2\/media?parent=57217"}],"curies":[{"name":"wp","href":"https:\/\/api.w.org\/{rel}","templated":true}]}}