
  
{"id":56781,"date":"2021-10-19T12:55:24","date_gmt":"2021-10-19T09:55:24","guid":{"rendered":"https:\/\/old.seacretehotels.com\/?page_id=56781"},"modified":"2022-07-21T15:43:27","modified_gmt":"2022-07-21T12:43:27","slug":"accommodation","status":"publish","type":"page","link":"https:\/\/old.seacretehotels.com\/fr\/kianibeachresort\/accommodation\/","title":{"rendered":"Kiani Pr\u00e9sentation de l\u2019h\u00e9bergement"},"content":{"rendered":"<h5>H\u00e9bergement 5 \u00e9toiles \u00e0 La Can\u00e9e, Cr\u00e8te<\/h5>\n<h5>Heure d&rsquo;arriv\u00e9e : 15h00 | Heure de d\u00e9part : 11h00<\/h5>\n<p>Le Kiani Beach Resort offre une gamme incroyable d\u2019h\u00e9bergements de luxe dans la r\u00e9gion de La Can\u00e9e, en Cr\u00e8te, pour des vacances inoubliables sur la plage. Cet h\u00e9bergement 5 \u00e9toiles enchanteur de Cr\u00e8te comporte 115 chambres magnifiquement am\u00e9nag\u00e9es, pour garantir un s\u00e9jour qui d\u00e9passe tout ce que vous pouvez imaginer. Depuis les chambres doubles standard et les chambres familiales avec vue sur la mer jusqu\u2019aux suites, aux cottages et aux appartements de vacances somptueusement am\u00e9nag\u00e9s, cet h\u00e9bergement haut de gamme de la r\u00e9gion de La Can\u00e9e, en Cr\u00e8te, d\u00e9passera \u00e0 coup s\u00fbr toutes vos attentes.<\/p>\n<h2>H\u00e9bergement de luxe en bord de mer \u00e0 La Can\u00e9e<\/h2>\n<p>Situ\u00e9es juste au bord de la mer de Cr\u00e8te, toutes les chambres \u00e9l\u00e9gamment con\u00e7ues du Kiani Beach Resort de la r\u00e9gion de La Can\u00e9e reprennent le style et l\u2019ambiance d\u2019un environnement moderne \u00ab comme \u00e0 la maison \u00bb pour inviter les clients \u00e0 se r\u00e9fugier dans un luxe accueillant. Les couleurs vives, le verre et les finitions en bois ajoutent une touche de raffinement et de chic \u00e0 l\u2019ambiance, invitant les visiteurs \u00e0 succomber aux plaisirs de la vie insulaire sur l\u2019une des plus incroyables \u00eeles de Gr\u00e8ce.<\/p>\n<h3>H\u00e9bergement familial tout inclus en Cr\u00e8te<\/h3>\n<p>Associant le confort d\u2019un chez soi et les installations de luxe d\u2019un h\u00f4tel 5 \u00e9toiles, cette station baln\u00e9aire fascinante situ\u00e9e pr\u00e8s du village de Kalyves \u00e0 La Can\u00e9e offre une large gamme de chambres, suites, cottages et appartements avec vue sur la mer, tous enti\u00e8rement \u00e9quip\u00e9s pour offrir aux clients le meilleur des s\u00e9jours dans la r\u00e9gion de La Can\u00e9e, en Cr\u00e8te. Toutes les chambres sont climatis\u00e9es et comportent un espace salon avec un canap\u00e9-lit, une kitchenette enti\u00e8rement \u00e9quip\u00e9e et un balcon ou une terrasse avec vue sur la mer cr\u00e9toise ou les jardins. <a href=\"https:\/\/old.seacretehotels.com\/fr\/kianibeachresort\/allinclusive-hotel\/\">Cet h\u00e9bergement tout inclus \u00e0 La Can\u00e9e<\/a> est le choix parfait pour les familles qui recherchent un h\u00f4tel de luxe sur la plage \u00e0 La Can\u00e9e, en Cr\u00e8te, pour leurs vacances d\u2019\u00e9t\u00e9.<\/p>\n","protected":false},"excerpt":{"rendered":"<p>H\u00e9bergement 5 \u00e9toiles \u00e0 La Can\u00e9e, Cr\u00e8te Heure d&rsquo;arriv\u00e9e : 15h00 | Heure de d\u00e9part : 11h00 Le Kiani Beach <\/p>\n","protected":false},"author":1,"featured_media":56784,"parent":57567,"menu_order":0,"comment_status":"closed","ping_status":"closed","template":"templates\/template--rooms.php","meta":[],"acf":[],"_links":{"self":[{"href":"https:\/\/old.seacretehotels.com\/fr\/wp-json\/wp\/v2\/pages\/56781"}],"collection":[{"href":"https:\/\/old.seacretehotels.com\/fr\/wp-json\/wp\/v2\/pages"}],"about":[{"href":"https:\/\/old.seacretehotels.com\/fr\/wp-json\/wp\/v2\/types\/page"}],"author":[{"embeddable":true,"href":"https:\/\/old.seacretehotels.com\/fr\/wp-json\/wp\/v2\/users\/1"}],"replies":[{"embeddable":true,"href":"https:\/\/old.seacretehotels.com\/fr\/wp-json\/wp\/v2\/comments?post=56781"}],"version-history":[{"count":6,"href":"https:\/\/old.seacretehotels.com\/fr\/wp-json\/wp\/v2\/pages\/56781\/revisions"}],"predecessor-version":[{"id":75428,"href":"https:\/\/old.seacretehotels.com\/fr\/wp-json\/wp\/v2\/pages\/56781\/revisions\/75428"}],"up":[{"embeddable":true,"href":"https:\/\/old.seacretehotels.com\/fr\/wp-json\/wp\/v2\/pages\/57567"}],"wp:featuredmedia":[{"embeddable":true,"href":"https:\/\/old.seacretehotels.com\/fr\/wp-json\/wp\/v2\/media\/56784"}],"wp:attachment":[{"href":"https:\/\/old.seacretehotels.com\/fr\/wp-json\/wp\/v2\/media?parent=56781"}],"curies":[{"name":"wp","href":"https:\/\/api.w.org\/{rel}","templated":true}]}}