
  
{"id":56777,"date":"2021-10-19T12:51:52","date_gmt":"2021-10-19T09:51:52","guid":{"rendered":"https:\/\/old.seacretehotels.com\/?page_id=56777"},"modified":"2022-07-21T15:37:43","modified_gmt":"2022-07-21T12:37:43","slug":"accommodation","status":"publish","type":"page","link":"https:\/\/old.seacretehotels.com\/fr\/kalyvesbeachhotel\/accommodation\/","title":{"rendered":"Kalyves Pr\u00e9sentation de l\u2019h\u00e9bergement"},"content":{"rendered":"<h5>H\u00e9bergement \u00e0 La Can\u00e9e sur la plage<\/p>\n<p>Heure d&rsquo;arriv\u00e9e : 15h00 | Heure de d\u00e9part : 11h00<\/h5>\n<p>L\u2019h\u00f4tel Kalyves sur la plage de La Can\u00e9e vous garantit un s\u00e9jour au-del\u00e0 de toutes vos attentes dans ses charmantes chambres Double et Superior. Toutes les chambres ont \u00e9t\u00e9 con\u00e7ues en accordant une attention particuli\u00e8re \u00e0 leur confort et offrent une grande vari\u00e9t\u00e9 d\u2019\u00e9quipements modernes pour rendre votre s\u00e9jour encore plus agr\u00e9able. Am\u00e9nag\u00e9es et d\u00e9cor\u00e9es avec charme, ces pi\u00e8ces accueillantes invitent les clients \u00e0 se laisser aller dans un \u00e9crin de raffinement moderne et \u00e0 se d\u00e9tendre dans un univers de bonheur paisible. Magnifiquement agenc\u00e9es avec du mobilier moderne, toutes les pi\u00e8ces sont \u00e9quip\u00e9es des installations et commodit\u00e9s indispensables \u00e0 un s\u00e9jour vraiment relaxant. Les chambres Double et Superior comportent toutes les deux un balcon meubl\u00e9 avec une vue magnifique sur les montagnes Blanches, les jardins odorants, la mer de Cr\u00e8te, la rivi\u00e8re ou les piscines.<\/p>\n<h2>\u00c9quipement des chambres<\/h2>\n<ul>\n<li>TV satellite<\/li>\n<li>R\u00e9frig\u00e9rateur<\/li>\n<li>Bouilloire<\/li>\n<li>Coffre-fort<\/li>\n<li>S\u00e8che-cheveux<\/li>\n<li>Connexion WiFi gratuite<\/li>\n<li>Climatisation<\/li>\n<li>Balcon<\/li>\n<li>Douche ou baignoire<\/li>\n<li>Ligne t\u00e9l\u00e9phonique directe<\/li>\n<\/ul>\n","protected":false},"excerpt":{"rendered":"<p>H\u00e9bergement \u00e0 La Can\u00e9e sur la plage Heure d&rsquo;arriv\u00e9e : 15h00 | Heure de d\u00e9part : 11h00 L\u2019h\u00f4tel Kalyves sur <\/p>\n","protected":false},"author":1,"featured_media":0,"parent":57501,"menu_order":0,"comment_status":"closed","ping_status":"closed","template":"templates\/template--rooms.php","meta":[],"acf":[],"_links":{"self":[{"href":"https:\/\/old.seacretehotels.com\/fr\/wp-json\/wp\/v2\/pages\/56777"}],"collection":[{"href":"https:\/\/old.seacretehotels.com\/fr\/wp-json\/wp\/v2\/pages"}],"about":[{"href":"https:\/\/old.seacretehotels.com\/fr\/wp-json\/wp\/v2\/types\/page"}],"author":[{"embeddable":true,"href":"https:\/\/old.seacretehotels.com\/fr\/wp-json\/wp\/v2\/users\/1"}],"replies":[{"embeddable":true,"href":"https:\/\/old.seacretehotels.com\/fr\/wp-json\/wp\/v2\/comments?post=56777"}],"version-history":[{"count":6,"href":"https:\/\/old.seacretehotels.com\/fr\/wp-json\/wp\/v2\/pages\/56777\/revisions"}],"predecessor-version":[{"id":75421,"href":"https:\/\/old.seacretehotels.com\/fr\/wp-json\/wp\/v2\/pages\/56777\/revisions\/75421"}],"up":[{"embeddable":true,"href":"https:\/\/old.seacretehotels.com\/fr\/wp-json\/wp\/v2\/pages\/57501"}],"wp:attachment":[{"href":"https:\/\/old.seacretehotels.com\/fr\/wp-json\/wp\/v2\/media?parent=56777"}],"curies":[{"name":"wp","href":"https:\/\/api.w.org\/{rel}","templated":true}]}}