
  
{"id":55930,"date":"2021-10-18T17:56:20","date_gmt":"2021-10-18T14:56:20","guid":{"rendered":"https:\/\/old.seacretehotels.com\/?page_id=55930"},"modified":"2021-10-21T17:57:10","modified_gmt":"2021-10-21T14:57:10","slug":"about","status":"publish","type":"page","link":"https:\/\/old.seacretehotels.com\/fr\/about\/","title":{"rendered":"\u00c0 propos de nous"},"content":{"rendered":"<h1>\u00c0 propos des H\u00f4tels SeaCrete<\/h1>\n<p>Il est rare d\u2019avoir du temps, c\u2019est pourquoi les vacances doivent \u00eatre une exp\u00e9rience relaxante et sans inqui\u00e9tude, que ce soit pour les clients adultes que pour les plus jeunes. En gardant cela \u00e0 l\u2019esprit, les H\u00f4tels SeaCrete ont cr\u00e9\u00e9 deux superbes complexes h\u00f4teliers familiaux au bord de la mer entre 1992 et 2007, pour les vacanciers qui m\u00e9ritent mieux que l\u2019ordinaire.<\/p>\n<h2>Situ\u00e9s en plein sur le littoral de Kalyves, le Kiani Beach Resort et le Kalyves Beach Hotel portent les vacances \u00e0 La Can\u00e9e \u00e0 un tout autre niveau de plaisir.<\/h2>\n<p>Les deux complexes sur la plage ont \u00e9t\u00e9 con\u00e7us de mani\u00e8re \u00e0 combiner la qualit\u00e9 du service et la chaleur in\u00e9gal\u00e9e de la fameuse hospitalit\u00e9 cr\u00e9toise, garantissant un s\u00e9jour qui va au-del\u00e0 des attentes, dans un d\u00e9cor de bord de mer et une nature luxuriante. Les h\u00f4tels SeaCrete proposent \u00e0 leurs clients un large \u00e9ventail d\u2019h\u00e9bergements spacieux avec vue sur la mer cr\u00e9toise aux reflets d\u2019azur et les montagnes, ainsi qu\u2019une incroyable diversit\u00e9 d\u2019installations et services de luxe pour satisfaire le moindre de vos d\u00e9sirs.<\/p>\n<p style=\"text-align: center;\">Le personnel attentionn\u00e9 est pr\u00eat \u00e0 combler tous vos besoins et \u00e0 transformer vos r\u00eaves en une r\u00e9alit\u00e9 que vous ch\u00e9rirez pour les ann\u00e9es \u00e0 venir.<br \/>\nPr\u00e9parez-vous \u00e0 vivre l\u2019exp\u00e9rience de vacances r\u00e9ellement agr\u00e9ables \u00e0 La Can\u00e9e, en profitant des nombreuses installations et du choix de divertissement haut de gamme qui vous sont propos\u00e9s dans nos h\u00f4tels.<\/p>\n<p style=\"text-align: center;\"><em><strong>Explorez, d\u00e9couvrez et exp\u00e9rimentez le meilleur de la Cr\u00e8te dans nos h\u00f4tels SeaCrete !<\/strong><\/em><\/p>\n","protected":false},"excerpt":{"rendered":"<p>\u00c0 propos des H\u00f4tels SeaCrete Il est rare d\u2019avoir du temps, c\u2019est pourquoi les vacances doivent \u00eatre une exp\u00e9rience relaxante <\/p>\n","protected":false},"author":1,"featured_media":0,"parent":0,"menu_order":0,"comment_status":"closed","ping_status":"closed","template":"templates\/template--experience.php","meta":[],"acf":[],"_links":{"self":[{"href":"https:\/\/old.seacretehotels.com\/fr\/wp-json\/wp\/v2\/pages\/55930"}],"collection":[{"href":"https:\/\/old.seacretehotels.com\/fr\/wp-json\/wp\/v2\/pages"}],"about":[{"href":"https:\/\/old.seacretehotels.com\/fr\/wp-json\/wp\/v2\/types\/page"}],"author":[{"embeddable":true,"href":"https:\/\/old.seacretehotels.com\/fr\/wp-json\/wp\/v2\/users\/1"}],"replies":[{"embeddable":true,"href":"https:\/\/old.seacretehotels.com\/fr\/wp-json\/wp\/v2\/comments?post=55930"}],"version-history":[{"count":3,"href":"https:\/\/old.seacretehotels.com\/fr\/wp-json\/wp\/v2\/pages\/55930\/revisions"}],"predecessor-version":[{"id":55934,"href":"https:\/\/old.seacretehotels.com\/fr\/wp-json\/wp\/v2\/pages\/55930\/revisions\/55934"}],"wp:attachment":[{"href":"https:\/\/old.seacretehotels.com\/fr\/wp-json\/wp\/v2\/media?parent=55930"}],"curies":[{"name":"wp","href":"https:\/\/api.w.org\/{rel}","templated":true}]}}