
  
{"id":55921,"date":"2021-10-18T17:52:48","date_gmt":"2021-10-18T14:52:48","guid":{"rendered":"https:\/\/old.seacretehotels.com\/?page_id=55921"},"modified":"2021-10-21T17:54:46","modified_gmt":"2021-10-21T14:54:46","slug":"discover-kalyves","status":"publish","type":"page","link":"https:\/\/old.seacretehotels.com\/fr\/discover-kalyves\/","title":{"rendered":"D\u00e9couvrez Kalyves"},"content":{"rendered":"<h1 style=\"text-align: center;\">D\u00e9couvrez Kalyves<\/h1>\n<p style=\"text-align: center;\">Il est impossible de visiter La Can\u00e9e en passant \u00e0 c\u00f4t\u00e9 de l\u2019authentique hospitalit\u00e9 cr\u00e9toise et du charme de ses nombreux villages.<br \/>\nLe <a href=\"https:\/\/old.seacretehotels.com\/fr\/kianibeachresort\/\">Kiani Beach<\/a> est situ\u00e9 juste \u00e0 la sortie du village de Kalyves, tandis que le <a href=\"https:\/\/old.seacretehotels.com\/fr\/kalyvesbeachhotel\/\">Kalyves Beach Hotel<\/a> est situ\u00e9 en plein sur la plage du village de Kalyves, qui offre une ligne c\u00f4ti\u00e8re de 4 km \u00e0 la beaut\u00e9 intacte et une mer spectaculaire. <a href=\"https:\/\/old.seacretehotels.com\/fr\/kalyvesbeachhotel\/traditional-holidays\/\">Le village de Kalyves<\/a> a pr\u00e9serv\u00e9 le mode de vie traditionnel et de qualit\u00e9 des cr\u00e9tois, et vous \u00eates invit\u00e9 \u00e0 faire l\u2019exp\u00e9rience de ce mode de vie authentique.<br \/>\n\u00c0 votre porte, appr\u00e9ciez de vivre parmi les habitants cr\u00e9tois, de go\u00fbter la nourriture locale, de nager dans des eaux cristallines, et de participer aux diverses festivit\u00e9s que propose le village.<\/p>\n<h2>Des excursions incroyables \u00e0 la journ\u00e9e en Cr\u00e8te<\/h2>\n<p>Le village de Kalyves constitue le point de d\u00e9part id\u00e9al pour des excursions dans la grande r\u00e9gion de la pr\u00e9fecture de La Can\u00e9e ainsi que dans la partie ouest de la pr\u00e9fecture de Rethymno. Si vous souhaitez explorer la r\u00e9gion plus en profondeur, partez pour une journ\u00e9e d\u2019aventure dans la r\u00e9gion d\u2019Apkoronas, visitez la ville de La Can\u00e9e, la plage exotique de Balos avec ses eaux turquoises scintillantes, la plage de conte de f\u00e9e d\u2019Elafonisi et les gorges de renomm\u00e9e mondiale de Samaria. \u00c0 seulement 20 minutes du centre de La Can\u00e9e, les voyageurs peuvent constater la magnificence de l\u2019\u00e9poque m\u00e9di\u00e9vale, visiter l\u2019antique cit\u00e9 v\u00e9nitienne et marcher le long du vieux port.<\/p>\n<p style=\"text-align: center;\">Parmi les nombreux sites \u00e0 visiter autour de Kalyves, dont des \u00e9glises et des ch\u00e2teaux de l\u2019\u00e9poque byzantine, vous pouvez aussi visiter les charmants villages voisins d\u2019Almyrida, Armeni, Nio Chorio, Stylos, Machairoi, Ramni, Cares, Tsivaras, Provarma, Samona, Farragi, Chiliomoudou et Kyriakoselia, qui ont chacun leur caract\u00e8re unique.<\/p>\n<p style=\"text-align: center;\">\u00c0 Kalyves et dans ses environs, faites une balade nature le long des rivi\u00e8res et des sources ou partez en voiture visiter les villages voisins avec de nombreuses expositions culturelles et historiques couvrant la p\u00e9riode de 1 500 avant notre \u00e8re \u00e0 l\u2019an 1 900 de notre \u00e8re.<\/p>\n<p style=\"text-align: center;\"><em>Elles incluent :<\/em><\/p>\n<p>\u2022 Stylos, o\u00f9 les visiteurs peuvent voir des tombes en d\u00f4mes datant de la p\u00e9riode post-minoenne (1 000 avant notre \u00e8re)<br \/>\n\u2022 Sternaki, qui abrite plusieurs \u00e9glises byzantines telles que Byzantine Panagia Monastira ou Zerviotissa, qui datent du 11e ou 12e si\u00e8cle avant notre \u00e8re, ainsi que la petite \u00e9glise de St John Theologos, proche du square de Stylos, construite au 12e si\u00e8cle avant notre \u00e8re<br \/>\n\u2022 Samona, \u00e0 Kylintra, o\u00f9 se trouvait une acropole myc\u00e9nienne, o\u00f9 les arch\u00e9ologues ont d\u00e9couvert l\u2019existence d\u2019une colonie minoenne, qui a \u00e9t\u00e9 abandonn\u00e9e au cours de la p\u00e9riode post-minoenne entre 1 100 et 1 000 avant notre \u00e8re.<br \/>\n\u2022 L\u2019antique Aptera, une perle historique impr\u00e9gn\u00e9e d\u2019histoire et de l\u00e9gende, qui fut l\u2019une des plus importantes cit\u00e9-\u00c9tats de toute la Cr\u00e8te et qui \u00e9tait totalement autonome du 6e si\u00e8cle au 4e si\u00e8cle avant notre \u00e8re, avec la frappe de sa propre monnaie.<\/p>\n","protected":false},"excerpt":{"rendered":"<p>D\u00e9couvrez Kalyves Il est impossible de visiter La Can\u00e9e en passant \u00e0 c\u00f4t\u00e9 de l\u2019authentique hospitalit\u00e9 cr\u00e9toise et du charme <\/p>\n","protected":false},"author":1,"featured_media":0,"parent":0,"menu_order":0,"comment_status":"closed","ping_status":"closed","template":"templates\/template--experience.php","meta":[],"acf":[],"_links":{"self":[{"href":"https:\/\/old.seacretehotels.com\/fr\/wp-json\/wp\/v2\/pages\/55921"}],"collection":[{"href":"https:\/\/old.seacretehotels.com\/fr\/wp-json\/wp\/v2\/pages"}],"about":[{"href":"https:\/\/old.seacretehotels.com\/fr\/wp-json\/wp\/v2\/types\/page"}],"author":[{"embeddable":true,"href":"https:\/\/old.seacretehotels.com\/fr\/wp-json\/wp\/v2\/users\/1"}],"replies":[{"embeddable":true,"href":"https:\/\/old.seacretehotels.com\/fr\/wp-json\/wp\/v2\/comments?post=55921"}],"version-history":[{"count":3,"href":"https:\/\/old.seacretehotels.com\/fr\/wp-json\/wp\/v2\/pages\/55921\/revisions"}],"predecessor-version":[{"id":55929,"href":"https:\/\/old.seacretehotels.com\/fr\/wp-json\/wp\/v2\/pages\/55921\/revisions\/55929"}],"wp:attachment":[{"href":"https:\/\/old.seacretehotels.com\/fr\/wp-json\/wp\/v2\/media?parent=55921"}],"curies":[{"name":"wp","href":"https:\/\/api.w.org\/{rel}","templated":true}]}}