
  
{"id":55912,"date":"2021-10-18T17:49:14","date_gmt":"2021-10-18T14:49:14","guid":{"rendered":"https:\/\/old.seacretehotels.com\/?page_id=55912"},"modified":"2021-10-22T10:51:29","modified_gmt":"2021-10-22T07:51:29","slug":"chania-sightseeing","status":"publish","type":"page","link":"https:\/\/old.seacretehotels.com\/fr\/chania-sightseeing\/","title":{"rendered":"D\u00e9couvrez La Can\u00e9e"},"content":{"rendered":"<h1 style=\"text-align: center;\">Sites touristiques de La Can\u00e9e<\/h1>\n<p style=\"text-align: center;\">Les H\u00f4tels SeaCrete constituent la base id\u00e9ale pour explorer la Cr\u00e8te, et en particulier les meilleurs sites touristiques de <a href=\"https:\/\/www.youtube.com\/watch?v=sKumaIgs8fs\" target=\"_blank\" rel=\"noopener\">La Can\u00e9e<\/a>.<br \/>\nLa charmante ville de La Can\u00e9e, construite sur les ruines de l\u2019ancienne cit\u00e9 de Kydonia, a une population de 60 000 habitants et est consid\u00e9r\u00e9e comme l\u2019une des plus belles villes de Gr\u00e8ce, et l\u2019une des villes les plus pittoresques de l\u2019\u00eele de Cr\u00e8te pour un s\u00e9jour m\u00e9morable en famille et des vacances agr\u00e9ables.<br \/>\nDepuis les temps anciens, la ville a \u00e9t\u00e9 confront\u00e9e aux conqu\u00e9rants et aux influences de nombreuses civilisations, dont on retrouve des traces \u00e9videntes dans la richesse de sa culture et de son architecture ainsi que dans les divers endroits touristiques de La Can\u00e9e. Aujourd\u2019hui, La Can\u00e9e a merveilleusement bien r\u00e9ussi \u00e0 pr\u00e9server sa couleur d\u2019origine et son caract\u00e8re historique, malgr\u00e9 le d\u00e9veloppement rapide de l\u2019industrie du tourisme depuis plusieurs ann\u00e9es. Les h\u00f4tels SeaCrete vous permettent de profiter des vacances tout inclus les plus relaxantes dans la r\u00e9gion de La Can\u00e9e et d\u2019explorer la partie la plus envo\u00fbtante de la Cr\u00e8te.<\/p>\n<h2 style=\"text-align: center;\">\u00c0 faire et \u00e0 voir pendant vos vacances \u00e0 La Can\u00e9e<\/h2>\n<p style=\"text-align: center;\">On trouve \u00e0 La Can\u00e9e un a\u00e9roport et le port de Souda, le plus grand port naturel de la M\u00e9diterran\u00e9e. Le march\u00e9 municipal est l\u2019un des points centraux de la ville, tout comme le jardin municipal. C\u2019est l\u00e0 qu\u2019une multitude d\u2019\u00e9v\u00e9nements culturels sont organis\u00e9s chaque ann\u00e9e, tels que des expositions, des festivals, des repr\u00e9sentations th\u00e9\u00e2trales et musicales et bien plus encore.<\/p>\n<p style=\"text-align: center;\">Le noble port v\u00e9nitien antique offre une promenade agr\u00e9able \u00e0 travers les rues et les all\u00e9es pittoresques parsem\u00e9es d\u2019\u00e9choppes, de caf\u00e9s et de restaurants. Les passages \u00e9troits entour\u00e9s d\u2019\u00e9l\u00e9gants b\u00e2timents \u00e0 l\u2019architecture n\u00e9o-classique construits \u00e0 diff\u00e9rentes p\u00e9riodes de l\u2019histoire invitent les voyageurs \u00e0 d\u00e9couvrir des itin\u00e9raires agr\u00e9ables pendant leur s\u00e9jour \u00e0 La Can\u00e9e.<br \/>\nAvec ses plages de sable \u00e0 perte de vue, ses gorges sauvages, ses grottes, ses plantes et animaux end\u00e9miques, ses vastes plantations d\u2019oliviers et d\u2019orangers et l\u2019association d\u2019un paysage d\u00e9sertique et de la mer, La Can\u00e9e passionne les plus voyageurs les plus exigeants.<\/p>\n<p style=\"text-align: center;\">La r\u00e9gion int\u00e9rieure montagneuse abrite des villages que le temps a oubli\u00e9, des \u00e9glises et des monast\u00e8res \u00e9parpill\u00e9s, des tours et des ch\u00e2teaux. Toute la r\u00e9gion est un site arch\u00e9ologique et un paradis pour la balade, la randonn\u00e9e et le sport. Les fouilles r\u00e9alis\u00e9es dans la ville de La Can\u00e9e et dans la campagne environnante ont mis \u00e0 jour l\u2019existence d\u2019un peuplement depuis l\u2019\u00e8re pr\u00e9historique jusqu\u2019\u00e0 nos jours. Les h\u00f4tels SeaCrete offrent une base parfaite pour des vacances tout inclus en Cr\u00e8te, en raison de leur situation privil\u00e9gi\u00e9e pour des excursions palpitantes dans l\u2019\u00eele et des aventures passionnantes dans la r\u00e9gion. Planifiez <a href=\"https:\/\/old.seacretehotels.com\/fr\/kalyvesbeachhotel\/traditional-holidays\/\">les vacances tout inclus les plus exceptionnelles dans le village de Kalyves<\/a> et d\u00e9couvrez les merveilles de La Can\u00e9e.<\/p>\n","protected":false},"excerpt":{"rendered":"<p>Sites touristiques de La Can\u00e9e Les H\u00f4tels SeaCrete constituent la base id\u00e9ale pour explorer la Cr\u00e8te, et en particulier les <\/p>\n","protected":false},"author":1,"featured_media":55919,"parent":0,"menu_order":0,"comment_status":"closed","ping_status":"closed","template":"templates\/template--experience.php","meta":[],"acf":[],"_links":{"self":[{"href":"https:\/\/old.seacretehotels.com\/fr\/wp-json\/wp\/v2\/pages\/55912"}],"collection":[{"href":"https:\/\/old.seacretehotels.com\/fr\/wp-json\/wp\/v2\/pages"}],"about":[{"href":"https:\/\/old.seacretehotels.com\/fr\/wp-json\/wp\/v2\/types\/page"}],"author":[{"embeddable":true,"href":"https:\/\/old.seacretehotels.com\/fr\/wp-json\/wp\/v2\/users\/1"}],"replies":[{"embeddable":true,"href":"https:\/\/old.seacretehotels.com\/fr\/wp-json\/wp\/v2\/comments?post=55912"}],"version-history":[{"count":4,"href":"https:\/\/old.seacretehotels.com\/fr\/wp-json\/wp\/v2\/pages\/55912\/revisions"}],"predecessor-version":[{"id":58633,"href":"https:\/\/old.seacretehotels.com\/fr\/wp-json\/wp\/v2\/pages\/55912\/revisions\/58633"}],"wp:featuredmedia":[{"embeddable":true,"href":"https:\/\/old.seacretehotels.com\/fr\/wp-json\/wp\/v2\/media\/55919"}],"wp:attachment":[{"href":"https:\/\/old.seacretehotels.com\/fr\/wp-json\/wp\/v2\/media?parent=55912"}],"curies":[{"name":"wp","href":"https:\/\/api.w.org\/{rel}","templated":true}]}}