
  
{"id":55901,"date":"2021-10-18T17:45:53","date_gmt":"2021-10-18T14:45:53","guid":{"rendered":"https:\/\/old.seacretehotels.com\/?page_id=55901"},"modified":"2021-10-21T17:53:46","modified_gmt":"2021-10-21T14:53:46","slug":"cretan-nature","status":"publish","type":"page","link":"https:\/\/old.seacretehotels.com\/fr\/cretan-nature\/","title":{"rendered":"Nature cr\u00e9toise"},"content":{"rendered":"<h1 style=\"text-align: center;\">Nature cr\u00e9toise<\/h1>\n<h2>Flore et faune sauvages<\/h2>\n<p>Pour vous donner une id\u00e9e de la richesse de la biodiversit\u00e9 de la Cr\u00e8te, consid\u00e9rez simplement que la Cr\u00e8te contient presque autant d\u2019esp\u00e8ces et de sous-esp\u00e8ces de plantes (environ 1 750) que toute la Grande-Bretagne (1 450), bien que ce soit une \u00eele 35 fois plus petite. Cette diversit\u00e9 se refl\u00e8te non seulement dans le nombre total d\u2019esp\u00e8ces, mais aussi dans le nombre des esp\u00e8ces end\u00e9miques, qui augmente seulement en Cr\u00e8te et nulle part ailleurs dans le monde.<br \/>\nEn Cr\u00e8te, il existe environ 160 esp\u00e8ces et sous-esp\u00e8ces end\u00e9miques, ce qui signifie que 9 % des esp\u00e8ces de plantes de Cr\u00e8te n\u2019existent nulle part ailleurs dans le monde. \u00c9tonnamment, la flore cr\u00e9toise s\u2019est adapt\u00e9e pour r\u00e9sister aux interventions humaines, et particuli\u00e8rement au p\u00e2turage libre, une pratique traditionnelle en Cr\u00e8te qui a cours depuis des milliers d\u2019ann\u00e9es. Les plantes ont d\u00e9velopp\u00e9 une r\u00e9sistance \u00e0 cette pratique, au moyen d\u2019\u00e9pines ou d\u2019un go\u00fbt amer et d\u00e9sagr\u00e9able. Les plantes les plus caract\u00e9ristiques de l\u2019\u00eele sont les herbes aromatiques qui y prosp\u00e8rent. En raison des huiles essentielles qu\u2019elles contiennent, elles sont utilis\u00e9es comme ingr\u00e9dients en cuisine, dans la pr\u00e9paration de th\u00e9s et comme m\u00e9dicaments. Parmi ces herbes, on trouve le thym sauvage, la sauge, l\u2019origan, le th\u00e9 de montagne et la marjolaine sauvage.<\/p>\n<h3>Paysages naturels<\/h3>\n<p>La Can\u00e9e est divis\u00e9e par les montagnes Lefka Ori, pour former deux paysages naturels compl\u00e8tement diff\u00e9rents. La zone littorale, avec des 415 km de plages, est plus riche et plus dens\u00e9ment peupl\u00e9e. L\u2019autre zone est un territoire int\u00e9rieur faiblement peupl\u00e9 et consid\u00e9r\u00e9 comme l\u2019une des parties les plus authentiques de Cr\u00e8te.<\/p>\n<p style=\"text-align: center;\"><strong>Explorez la nature<\/strong><br \/>\nTous les jours, de plus en plus de promeneurs explorent les parties int\u00e9rieures \u00e0 pied, en jeep, \u00e0 cheval ou \u00e0 v\u00e9lo. Dans des endroits comme Vamos, Milia, Keramia, Kasteli, Askifou, et Spilia, on peut appr\u00e9cier le \u00ab mode de vie simple et naturel \u00bb de Cr\u00e8te, avec un verre de vin ou de tsikoudia et un grand choix d\u2019aliments naturels bio et succulents. Dans la r\u00e9gion de La Can\u00e9e, il y a pr\u00e8s de 60 gorges, les plus renomm\u00e9es \u00e9tant les gorges de Samaria, qui ont \u00e9t\u00e9 d\u00e9clar\u00e9es r\u00e9serve naturelle en 1962. Ce sont les gorges les plus \u00e9tendues d\u2019Europe, avec 16 km de long. Les gorges abritent des esp\u00e8ces rares de la faune et de la flore, telles que la ch\u00e8vre sauvage de Cr\u00e8te (ou kri-kri comme l\u2019appellent les locaux), ainsi que des esp\u00e8ces rares d\u2019aigles et d\u2019oiseaux sauvages, tous prot\u00e9g\u00e9s par des trait\u00e9s internationaux.<\/p>\n","protected":false},"excerpt":{"rendered":"<p>Nature cr\u00e9toise Flore et faune sauvages Pour vous donner une id\u00e9e de la richesse de la biodiversit\u00e9 de la Cr\u00e8te, <\/p>\n","protected":false},"author":1,"featured_media":0,"parent":0,"menu_order":0,"comment_status":"closed","ping_status":"closed","template":"templates\/template--experience.php","meta":[],"acf":[],"_links":{"self":[{"href":"https:\/\/old.seacretehotels.com\/fr\/wp-json\/wp\/v2\/pages\/55901"}],"collection":[{"href":"https:\/\/old.seacretehotels.com\/fr\/wp-json\/wp\/v2\/pages"}],"about":[{"href":"https:\/\/old.seacretehotels.com\/fr\/wp-json\/wp\/v2\/types\/page"}],"author":[{"embeddable":true,"href":"https:\/\/old.seacretehotels.com\/fr\/wp-json\/wp\/v2\/users\/1"}],"replies":[{"embeddable":true,"href":"https:\/\/old.seacretehotels.com\/fr\/wp-json\/wp\/v2\/comments?post=55901"}],"version-history":[{"count":3,"href":"https:\/\/old.seacretehotels.com\/fr\/wp-json\/wp\/v2\/pages\/55901\/revisions"}],"predecessor-version":[{"id":55908,"href":"https:\/\/old.seacretehotels.com\/fr\/wp-json\/wp\/v2\/pages\/55901\/revisions\/55908"}],"wp:attachment":[{"href":"https:\/\/old.seacretehotels.com\/fr\/wp-json\/wp\/v2\/media?parent=55901"}],"curies":[{"name":"wp","href":"https:\/\/api.w.org\/{rel}","templated":true}]}}