
  
{"id":55889,"date":"2021-10-18T17:44:02","date_gmt":"2021-10-18T14:44:02","guid":{"rendered":"https:\/\/old.seacretehotels.com\/?page_id=55889"},"modified":"2021-10-21T17:53:31","modified_gmt":"2021-10-21T14:53:31","slug":"cretan-cuisine","status":"publish","type":"page","link":"https:\/\/old.seacretehotels.com\/fr\/cretan-cuisine\/","title":{"rendered":"Cuisine cr\u00e9toise"},"content":{"rendered":"<h1 style=\"text-align: center;\">La l\u00e9gendaire gastronomie cr\u00e9toise<\/h1>\n<h2>Faites l\u2019exp\u00e9rience du meilleur de la cuisine cr\u00e9toise dans les H\u00f4tels SeaCrete !<\/h2>\n<p>La cuisine cr\u00e9toise traditionnelle est consid\u00e9r\u00e9e comme l\u2019une des plus saines au monde. La richesse et la qualit\u00e9 de la terre de Cr\u00e8te fournit une large vari\u00e9t\u00e9 de produits et ingr\u00e9dients locaux, savamment utilis\u00e9s pour cr\u00e9er les plus d\u00e9licieuses recettes, connues pour leur saveur, leurs ar\u00f4mes, leur fra\u00eecheur et par-dessus tout leur qualit\u00e9. Les plats sont pr\u00e9par\u00e9s avec de nombreux ingr\u00e9dients et une g\u00e9n\u00e9reuse dose d\u2019huile d\u2019olive, qui n\u2019est pas alt\u00e9r\u00e9e par une trop grande quantit\u00e9 d\u2019\u00e9pices. Les principaux ingr\u00e9dients du r\u00e9gime cr\u00e9tois sont l\u2019huile d\u2019olive vierge, les herbes sauvages, les l\u00e9gumes, les haricots, les lentilles, le poisson, la viande, les fruits de mer, les aromates, le vin et la tsikoudia. Une large vari\u00e9t\u00e9 de fromages, en particulier le graviera, l\u2019athotiro et le mizithra, est \u00e9galement \u00e0 la base du le r\u00e9gime cr\u00e9tois, ainsi que des produits locaux comme le yaourt, le miel et divers fruits qui compl\u00e8tent et agr\u00e9mentent cette cuisine inestimable. Le r\u00e9gime cr\u00e9tois est \u00e0 pr\u00e9sent reconnu par la communaut\u00e9 scientifique internationale comme \u00e9tant l\u2019exemple le plus repr\u00e9sentatif et le plus qualitatif du r\u00e9gime m\u00e9diterran\u00e9en. \u00c0 une \u00e9poque o\u00f9 le d\u00e9bat fait rage sur ce qui d\u00e9finit un r\u00e9gime \u00e9quilibr\u00e9 permettant une vie plus longue et en meilleure sant\u00e9, les cr\u00e9tois sont fiers de leur tradition alimentaire et de sa r\u00e9ussite. Les habitudes alimentaires de l\u2019\u00eele les ont conduits \u00e0 d\u00e9tenir l\u2019esp\u00e9rance de vie la plus \u00e9lev\u00e9e du monde (environ 90 ans), et l\u2019un des taux d\u2019incidences les plus faibles sur les maladies cardiaques et autres affections chroniques dans le monde entier. Selon les recherches scientifiques et les analyses statistiques r\u00e9alis\u00e9es depuis les ann\u00e9es 1960, il a \u00e9t\u00e9 d\u00e9montr\u00e9 que le r\u00e9gime cr\u00e9tois favorise la sant\u00e9 et la long\u00e9vit\u00e9. Savourez les bienfaits de la Cr\u00e8te dans les H\u00f4tels SeaCrete et go\u00fbtez par vous-m\u00eame au num\u00e9ro un de la cuisine m\u00e9diterran\u00e9enne.<\/p>\n","protected":false},"excerpt":{"rendered":"<p>La l\u00e9gendaire gastronomie cr\u00e9toise Faites l\u2019exp\u00e9rience du meilleur de la cuisine cr\u00e9toise dans les H\u00f4tels SeaCrete ! La cuisine cr\u00e9toise <\/p>\n","protected":false},"author":1,"featured_media":55899,"parent":0,"menu_order":0,"comment_status":"closed","ping_status":"closed","template":"templates\/template--experience.php","meta":[],"acf":[],"_links":{"self":[{"href":"https:\/\/old.seacretehotels.com\/fr\/wp-json\/wp\/v2\/pages\/55889"}],"collection":[{"href":"https:\/\/old.seacretehotels.com\/fr\/wp-json\/wp\/v2\/pages"}],"about":[{"href":"https:\/\/old.seacretehotels.com\/fr\/wp-json\/wp\/v2\/types\/page"}],"author":[{"embeddable":true,"href":"https:\/\/old.seacretehotels.com\/fr\/wp-json\/wp\/v2\/users\/1"}],"replies":[{"embeddable":true,"href":"https:\/\/old.seacretehotels.com\/fr\/wp-json\/wp\/v2\/comments?post=55889"}],"version-history":[{"count":3,"href":"https:\/\/old.seacretehotels.com\/fr\/wp-json\/wp\/v2\/pages\/55889\/revisions"}],"predecessor-version":[{"id":55900,"href":"https:\/\/old.seacretehotels.com\/fr\/wp-json\/wp\/v2\/pages\/55889\/revisions\/55900"}],"wp:featuredmedia":[{"embeddable":true,"href":"https:\/\/old.seacretehotels.com\/fr\/wp-json\/wp\/v2\/media\/55899"}],"wp:attachment":[{"href":"https:\/\/old.seacretehotels.com\/fr\/wp-json\/wp\/v2\/media?parent=55889"}],"curies":[{"name":"wp","href":"https:\/\/api.w.org\/{rel}","templated":true}]}}