
  
{"id":55877,"date":"2021-10-18T17:42:19","date_gmt":"2021-10-18T14:42:19","guid":{"rendered":"https:\/\/old.seacretehotels.com\/?page_id=55877"},"modified":"2021-10-22T10:49:15","modified_gmt":"2021-10-22T07:49:15","slug":"cretan-experience","status":"publish","type":"page","link":"https:\/\/old.seacretehotels.com\/fr\/cretan-experience\/","title":{"rendered":"Cretan Experience Overview"},"content":{"rendered":"<h1 style=\"text-align: center;\">Le mode de vie authentique \u00e0 la cr\u00e9toise<\/h1>\n<p style=\"text-align: center;\">S\u2019il fallait choisir un mot pour d\u00e9crire la Cr\u00e8te, ce serait le mot \u00ab Hospitalit\u00e9 \u00bb, parce que vous n\u2019\u00eates jamais un \u00e9tranger ici.<br \/>\nLa Cr\u00e8te est la plus grande \u00eele de Gr\u00e8ce et la cinqui\u00e8me en taille de toutes les \u00eeles m\u00e9diterran\u00e9ennes, offrant un paradis sur terre \u00e0 vous couper le souffle.<\/p>\n<p style=\"text-align: center;\">Faites un tour du monde au sein m\u00eame de la Cr\u00e8te, savourez la cuisine cr\u00e9toise de renomm\u00e9e mondiale et familiarisez-vous avec les coutumes r\u00e9gionales exceptionnelles qui sont toujours \u00e0 l\u2019honneur \u00e0 ce jour. M\u00ealez-vous \u00e0 la population locale, plongez dans les profondeurs de la tradition et d\u00e9couvrez le berceau de la civilisation occidentale avec les H\u00f4tels SeaCrete. Regardez, ressentez, go\u00fbtez, \u00e9coutez et sentez&#8230; la Cr\u00e8te !<\/p>\n<p style=\"text-align: center;\"><strong>Les sons<\/strong><\/p>\n<p style=\"text-align: center;\">\u00c0 SeaCrete, nous vous offrons le mode de vie cr\u00e9tois le plus authentique avec l\u2019organisation de soir\u00e9es grecques, de spectacles de danses traditionnelles et bien plus encore. Notre groupe d\u2019h\u00f4tels s\u2019assure que chacun de nos clients, quel que soit son \u00e2ge, puisse percevoir l\u2019\u00e9cho de l\u2019h\u00e9ritage cr\u00e9tois pendant son s\u00e9jour<\/p>\n<p style=\"text-align: center;\"><strong>Les saveurs<\/strong><br \/>\nGo\u00fbtez l\u2019essence de la Cr\u00e8te et d\u00e9gustez les app\u00e9tissantes saveurs de la l\u00e9gendaire cuisine cr\u00e9toise. Savourez des repas d\u00e9licieux dans le restaurant de notre h\u00f4tel, pr\u00e9par\u00e9s avec le meilleur des ingr\u00e9dients locaux, parmi lesquels de l\u2019huile d\u2019olive de qualit\u00e9.<\/p>\n<h2>Sites touristiques<\/h2>\n<p>Laissez-nous organiser pour vous les visites guid\u00e9es et les excursions \u00e0 la journ\u00e9e les plus passionnantes dans toute la r\u00e9gion de La Can\u00e9e et au-del\u00e0. Visitez les sites arch\u00e9ologiques et les attractions, les monuments historiques et les mus\u00e9es cr\u00e9tois de renomm\u00e9e mondiale.<\/p>\n<h3>Les plus beaux mus\u00e9es<\/h3>\n<p>\u2022 Le mus\u00e9e arch\u00e9ologique de La Can\u00e9e<br \/>\n\u2022 Le mus\u00e9e nautique de Cr\u00e8te<br \/>\n\u2022 Le mus\u00e9e de la guerre de La Can\u00e9e<br \/>\n\u2022 La maison d\u2019Eleftherios Venizelos<br \/>\n\u2022 Le mus\u00e9e de la typographie<\/p>\n<p><strong>Les odeurs<\/strong><\/p>\n<p>Pr\u00e9parez-vous \u00e0 nager dans des eaux exotiques, \u00e0 marcher dans des gorges et des grottes, \u00e0 grimper jusqu\u2019en haut des montagnes, \u00e0 suivre le parfum des plantations d\u2019oliviers et d\u2019orangers au gr\u00e9 des for\u00eats et des rivi\u00e8res et \u00e0 d\u00e9couvrir les sentiers d\u00e9rob\u00e9s de l\u2019histoire en remontant les traces de la civilisation minoenne.<\/p>\n<p style=\"text-align: center;\"><strong>L\u2019ambiance<\/strong><br \/>\nVisitez les plus traditionnels villages de Cr\u00e8te et sentez la chaleur de ses habitants, contemplez ce vieil homme qui d\u00e9guste toujours son caf\u00e9 avec ses amis dans l\u2019authentique \u00ab kafeneia \u00bb du coin, et les femmes r\u00e9unies \u00e0 l\u2019ext\u00e9rieur de leurs maisons pour faire du crochet. Vivez l\u2019authentique vie cr\u00e9toise au quotidien et m\u00ealez-vous \u00e0 la population locale.<\/p>\n<p style=\"text-align: center;\">Consultez notre <a href=\"\/fr\/chania-excursions\">section Excursions<\/a> pour avoir un avant-go\u00fbt de ce que La Can\u00e9e peut vous offrir !<\/p>\n","protected":false},"excerpt":{"rendered":"<p>Le mode de vie authentique \u00e0 la cr\u00e9toise S\u2019il fallait choisir un mot pour d\u00e9crire la Cr\u00e8te, ce serait le <\/p>\n","protected":false},"author":1,"featured_media":0,"parent":0,"menu_order":0,"comment_status":"closed","ping_status":"closed","template":"templates\/template--experience.php","meta":[],"acf":[],"_links":{"self":[{"href":"https:\/\/old.seacretehotels.com\/fr\/wp-json\/wp\/v2\/pages\/55877"}],"collection":[{"href":"https:\/\/old.seacretehotels.com\/fr\/wp-json\/wp\/v2\/pages"}],"about":[{"href":"https:\/\/old.seacretehotels.com\/fr\/wp-json\/wp\/v2\/types\/page"}],"author":[{"embeddable":true,"href":"https:\/\/old.seacretehotels.com\/fr\/wp-json\/wp\/v2\/users\/1"}],"replies":[{"embeddable":true,"href":"https:\/\/old.seacretehotels.com\/fr\/wp-json\/wp\/v2\/comments?post=55877"}],"version-history":[{"count":4,"href":"https:\/\/old.seacretehotels.com\/fr\/wp-json\/wp\/v2\/pages\/55877\/revisions"}],"predecessor-version":[{"id":58632,"href":"https:\/\/old.seacretehotels.com\/fr\/wp-json\/wp\/v2\/pages\/55877\/revisions\/58632"}],"wp:attachment":[{"href":"https:\/\/old.seacretehotels.com\/fr\/wp-json\/wp\/v2\/media?parent=55877"}],"curies":[{"name":"wp","href":"https:\/\/api.w.org\/{rel}","templated":true}]}}