
  
{"id":55846,"date":"2021-10-18T17:11:19","date_gmt":"2021-10-18T14:11:19","guid":{"rendered":"https:\/\/old.seacretehotels.com\/?page_id=55846"},"modified":"2021-10-21T17:52:58","modified_gmt":"2021-10-21T14:52:58","slug":"chania-activities","status":"publish","type":"page","link":"https:\/\/old.seacretehotels.com\/fr\/chania-activities\/","title":{"rendered":"Activit\u00e9s"},"content":{"rendered":"<h1 style=\"text-align: center;\">Des activit\u00e9s agr\u00e9ables et divertissantes dans la r\u00e9gion de La Can\u00e9e<\/h1>\n<p>Les H\u00f4tels SeaCrete proposent toutes sortes de divertissements ainsi qu\u2019une large gamme d\u2019activit\u00e9s agr\u00e9ables et amusantes pour tous les visiteurs. Pour un s\u00e9jour d\u2019une plus grande qualit\u00e9 encore pour tous nos clients, nous avons \u00e9galement mis au point une s\u00e9lection incroyable d\u2019activit\u00e9s dans la r\u00e9gion de La Can\u00e9e ainsi que d\u2019autres choses \u00e0 faire en Cr\u00e8te avec les enfants, pour faire de vos vacances sur la magnifique \u00eele grecque de Cr\u00e8te un r\u00eave devenu r\u00e9alit\u00e9. Ainsi, que vous soyez en vacances en famille ou en s\u00e9jour romantique dans la r\u00e9gion de La Can\u00e9e, laissez monter l\u2019adr\u00e9naline tandis que vous \u00eates sur le point d\u2019essayer certaines des activit\u00e9s les plus populaires de La Can\u00e9e et les incontournables de l\u2019\u00eele de Cr\u00e8te.<\/p>\n<h2 style=\"text-align: center;\">\u00c0 d\u00e9couvrir \u00e0 La Can\u00e9e, Cr\u00e8te<\/h2>\n<p style=\"text-align: center;\">Que vous soyez un passionn\u00e9 de sports nautiques, un amoureux de la nature, \u00e0 la recherche d\u2019aventure, un \u00e9ternel romantique ou un parent d\u00e9sireux de passer des moments palpitants avec ses enfants, notre \u00e9ventail d\u2019activit\u00e9s dans la r\u00e9gion de La Can\u00e9e comblera certainement tous vos souhaits. Pr\u00e9parez-vous \u00e0 faire de la plong\u00e9e et du snorkeling sur le fond marin cr\u00e9tois, \u00e0 embarquer pour un tour en bateau et \u00e0 plonger depuis le bateau, ou simplement \u00e0 vivre l\u2019exp\u00e9rience d\u2019une aventure \u00e0 bord d\u2019un voilier. Commencez votre journ\u00e9e par une visite aux toboggans aquatiques de Limnoupolis et poursuivez-la avec un safari en jeep Emmenez votre moiti\u00e9 faire une promenade en cal\u00e8che ou \u00e0 cheval sur la plage en profitant des paysages idylliques des environs.<\/p>\n<h3 style=\"text-align: center;\">Activit\u00e9s en ext\u00e9rieur dans La Can\u00e9e<\/h3>\n<p>\u2022 Plong\u00e9e et snorkeling<br \/>\n\u2022 Excursion en bateau et snorkeling<br \/>\n\u2022 Promenade \u00e0 cheval<br \/>\n\u2022 Safari en jeep<br \/>\n\u2022 Promenade en voilier<br \/>\n\u2022 Promenades en cal\u00e8che<br \/>\n\u2022 Toboggans aquatiques de Limnoupolis<\/p>\n<h3>Plong\u00e9e et snorkeling<\/h3>\n<p>D\u00e9couvrez la plong\u00e9e, notre activit\u00e9 la plus c\u00e9l\u00e8bre. Elle est pr\u00e9vue pour les personnes curieuses de d\u00e9couvrir la plong\u00e9e qui voudraient tenter l\u2019exp\u00e9rience dans un environnement s\u00e9curis\u00e9 et convivial. Le cours dure environ trois heures, pendant lesquelles le d\u00e9butant apprend les techniques et la th\u00e9orie de base de la plong\u00e9e avant de plonger r\u00e9ellement pendant 45 minutes sous la supervision directe de nos instructeurs PADI. M\u00eame si la plong\u00e9e est consid\u00e9r\u00e9e comme un sport amusant, la s\u00e9curit\u00e9 est essentielle, et nos instructeurs comp\u00e9tents veillent \u00e0 la s\u00e9curit\u00e9 \u00e0 tout moment, m\u00eame quand il s\u2019agit de plonger \u00e0 une profondeur de six m\u00e8tres, avec un instructeur pour deux \u00e9l\u00e8ves.<\/p>\n<h3>Excursion en bateau et snorkel<\/h3>\n<p>C\u2019est un programme pour ceux qui pr\u00e9f\u00e8rent rester \u00e0 la surface de l\u2019eau.<br \/>\nNous proposons une sortie de snorkeling avec l\u2019\u00e9quipement professionnel, les masques, les palmes, ainsi qu\u2019une combinaison de plong\u00e9e si vous le souhaitez. L\u2019assurance d\u2019avoir des instructeurs certifi\u00e9s pour vous guider pendant tout votre temps pass\u00e9 dans l\u2019eau au cours de l\u2019excursion est \u00e9galement possible. Nous visiterons des sites int\u00e9ressants et magnifiques, parfaits pour nager et faire du snorkeling, uniquement accessibles par bateau. Une compagnie agr\u00e9able et 3 heures d\u2019excursion dans des endroits inconnus vous feront oublier la banalit\u00e9 du quotidien. Explorez le monde sous-marin en l\u2019admirant d\u2019en haut !<\/p>\n<h3>Plong\u00e9e au Kiani Beach Resort avec Omega Divers<\/h3>\n<p>Depuis le grand d\u00e9butant qui s\u2019aventure sous l\u2019eau jusqu\u2019au plongeur exp\u00e9riment\u00e9, nous pouvons vous offrir en Cr\u00e8te une exp\u00e9rience qui vous change une vie. Si vous voulez essayer le snorkeling ou la plong\u00e9e, contactez-nous. Si vous \u00eates un plongeur qualifi\u00e9, nous pouvons vous offrir les meilleures plong\u00e9es de la r\u00e9gion de La Can\u00e9e, y compris une plong\u00e9e dans l\u2019incroyable grotte de l\u2019\u00e9l\u00e9phant !<\/p>\n<h3>Promenade \u00e0 cheval<\/h3>\n<p>Faites l\u2019exp\u00e9rience de la Cr\u00e8te diff\u00e9remment \u00e0 dos de cheval !<br \/>\nPour de magnifiques souvenirs de vacances, partez pour une formidable chevauch\u00e9e sur la plage, un mini-safari magnifique et une journ\u00e9e d\u2019excursion relaxante \u00e0 dos de cheval ! Des balades faciles pour d\u00e9butants pour les cavaliers non exp\u00e9riment\u00e9s sont \u00e9galement possibles.<br \/>\nDes collines verdoyantes, des sentiers de ch\u00e8vres, des plantations d\u2019oliviers, des plantes aromatiques et des fleurs sauvages, le lac unique de Kournas, les chutes d\u2019eau d\u2019Argiroupoli, de nombreux petits villages chaleureux et de superbes plages s\u2019associent pour faire de cette balade \u00e0 cheval une exp\u00e9rience de vie unique !<br \/>\nLa Cr\u00e8te offre de magnifiques possibilit\u00e9s de balades \u00e0 cheval et de chevauch\u00e9es palpitantes le long de la mer cr\u00e9toise. Il y a des balades t\u00f4t le matin et le soir pour 3 niveaux diff\u00e9rents : d\u00e9butants, interm\u00e9diaire et avanc\u00e9. Il y a aussi un programme sp\u00e9cial pour les enfants, dont des balades guid\u00e9es dans la nature.<\/p>\n<h3>Safari en jeep<\/h3>\n<p>Partez en visite guid\u00e9e ou en excursion \u00e0 la journ\u00e9e dans la campagne cr\u00e9toise pour un safari en jeep !<br \/>\nAventurez-vous dans des territoires intacts et pr\u00e9serv\u00e9s et des paysages uniques de la Cr\u00e8te dans votre propre jeep et cr\u00e9ez une journ\u00e9e m\u00e9morable pour vous et votre famille !<\/p>\n<h3>Promenade en voilier<\/h3>\n<p>Explorez la magnifique \u00eele de Cr\u00e8te, les endroits sublimes inaccessibles en voiture et les plages de La Can\u00e9e en mettant les voiles. Notre skipper professionnel vous offre une exp\u00e9rience unique sur les eaux bleues de la mer M\u00e9diterran\u00e9e. Tout ce que vous avez \u00e0 faire, c\u2019est profiter de la vue ! Les excursions en bateau partent g\u00e9n\u00e9ralement du vieux port. Nos destinations comprennent des plages isol\u00e9es et de petites \u00eeles autour de la baie de La Can\u00e9e. C\u2019est la m\u00e9t\u00e9o qui d\u00e9termine la direction \u00e0 prendre.<\/p>\n<p>Pendant nos excursions, nous faisons plusieurs arr\u00eats pour nager et nous proposons des snacks l\u00e9gers, des bouteilles de vin, de la bi\u00e8re et des boissons non alcoolis\u00e9es.<\/p>\n<h3>Promenades en cal\u00e8che<\/h3>\n<p>Faites une balade en cal\u00e8che dans le village et appr\u00e9ciez le sentiment de vous trouver<br \/>\ndans une ancienne ville traditionnelle en vous d\u00e9pla\u00e7ant \u00e0 cheval !<\/p>\n<h3>Excursions vers les toboggans aquatiques de Limnoupolis<\/h3>\n<p>Prenez les enfants et partez pour une bonne journ\u00e9e d\u2019aventures aquatiques avec les toboggans aquatiques de Limnoupolis ! Beaucoup d\u2019excitation, de folie, de remous, d\u2019\u00e9claboussures et de rires vous attendent pour votre visite aux toboggans aquatiques de Limnoupolis. \u00c0 seulement 8 km de la ville de La Can\u00e9e se trouve toute une zone de \u00ab fun \u00bb dans un d\u00e9cor luxuriant, remplie de jeux aquatiques fascinants. \u00c0 Limnoupoli, tout le monde retombe en enfance !<\/p>\n","protected":false},"excerpt":{"rendered":"<p>Des activit\u00e9s agr\u00e9ables et divertissantes dans la r\u00e9gion de La Can\u00e9e Les H\u00f4tels SeaCrete proposent toutes sortes de divertissements ainsi <\/p>\n","protected":false},"author":1,"featured_media":0,"parent":0,"menu_order":0,"comment_status":"closed","ping_status":"closed","template":"templates\/template--experience.php","meta":[],"acf":[],"_links":{"self":[{"href":"https:\/\/old.seacretehotels.com\/fr\/wp-json\/wp\/v2\/pages\/55846"}],"collection":[{"href":"https:\/\/old.seacretehotels.com\/fr\/wp-json\/wp\/v2\/pages"}],"about":[{"href":"https:\/\/old.seacretehotels.com\/fr\/wp-json\/wp\/v2\/types\/page"}],"author":[{"embeddable":true,"href":"https:\/\/old.seacretehotels.com\/fr\/wp-json\/wp\/v2\/users\/1"}],"replies":[{"embeddable":true,"href":"https:\/\/old.seacretehotels.com\/fr\/wp-json\/wp\/v2\/comments?post=55846"}],"version-history":[{"count":3,"href":"https:\/\/old.seacretehotels.com\/fr\/wp-json\/wp\/v2\/pages\/55846\/revisions"}],"predecessor-version":[{"id":55859,"href":"https:\/\/old.seacretehotels.com\/fr\/wp-json\/wp\/v2\/pages\/55846\/revisions\/55859"}],"wp:attachment":[{"href":"https:\/\/old.seacretehotels.com\/fr\/wp-json\/wp\/v2\/media?parent=55846"}],"curies":[{"name":"wp","href":"https:\/\/api.w.org\/{rel}","templated":true}]}}