
  
{"id":55834,"date":"2021-10-18T17:37:10","date_gmt":"2021-10-18T14:37:10","guid":{"rendered":"https:\/\/old.seacretehotels.com\/?page_id=55834"},"modified":"2022-08-08T11:55:38","modified_gmt":"2022-08-08T08:55:38","slug":"chania-excursions","status":"publish","type":"page","link":"https:\/\/old.seacretehotels.com\/fr\/chania-excursions\/","title":{"rendered":"Excursions"},"content":{"rendered":"<h1 style=\"text-align: center;\">Incroyables excursions dans la r\u00e9gion de La Can\u00e9e<\/h1>\n<p>Aux H\u00f4tels SeaCrete, nous esp\u00e9rons que vous ferez l\u2019exp\u00e9rience de bien plus que des vacances dans la r\u00e9gion enchanteresse de La Can\u00e9e, c\u2019est pourquoi nous avons mis en place pour vous une large gamme d\u2019excursions enthousiasmantes, d\u2019activit\u00e9s palpitantes et de circuits touristiques dans La Can\u00e9e, pour vous offrir le meilleur de la Cr\u00e8te. Pr\u00e9parez-vous \u00e0 partir pour les excursions les plus fabuleuses dans la r\u00e9gion de La Can\u00e9e et \u00e0 explorer la Cr\u00e8te pendant vos vacances. Nous avons r\u00e9uni les meilleures excursions de Cr\u00e8te et nous vous invitons \u00e0 d\u00e9couvrir la cave \u00e0 vin de Dourakis, la plage enchanteresse de Elafonisi, l\u2019\u00eele aux pirates de Gramvousa et le splendide lagon de Balos, les fameuses gorges de Samaria, le Palais de Cnossos et l\u2019\u00eele volcanique de Santorini. Les h\u00f4tels SeaCrete constituent la base parfaite pour faire du tourisme dans la r\u00e9gion de La Can\u00e9e ou <a href=\"https:\/\/old.seacretehotels.com\/fr\/chania-sightseeing\/\" target=\"_blank\" rel=\"noopener\">les sites et attractions<\/a> \u00e0 proximit\u00e9, ainsi que pour certaines des plus remarquables <a href=\"https:\/\/www.youtube.com\/watch?v=sKumaIgs8fs\" target=\"_blank\" rel=\"noopener\">excursions<\/a> dans les \u00eeles grecques. Voici une petite s\u00e9lection de nos excursions.<\/p>\n<h2>Excursions:<\/h2>\n<p>\u2022 D\u00e9gustation de vin \u2022 Elafonisi \u2022 Gramvous-Balos \u2022 Gorges de Samaria \u2022 Cnossos \u2022 Santorini Des offres sp\u00e9ciales sur les excursions sont disponibles pour les clients qui ont r\u00e9serv\u00e9 leur s\u00e9jour directement avec nous sur www.seacretehotels.com. Pour plus d\u2019informations, veuillez contacter : <a href=\"mailto:reservations@kianibeach.com\">reservations@kianibeach.com<\/a><\/p>\n","protected":false},"excerpt":{"rendered":"<p>Incroyables excursions dans la r\u00e9gion de La Can\u00e9e Aux H\u00f4tels SeaCrete, nous esp\u00e9rons que vous ferez l\u2019exp\u00e9rience de bien plus <\/p>\n","protected":false},"author":1,"featured_media":55845,"parent":0,"menu_order":0,"comment_status":"closed","ping_status":"closed","template":"templates\/template--experience.php","meta":[],"acf":[],"_links":{"self":[{"href":"https:\/\/old.seacretehotels.com\/fr\/wp-json\/wp\/v2\/pages\/55834"}],"collection":[{"href":"https:\/\/old.seacretehotels.com\/fr\/wp-json\/wp\/v2\/pages"}],"about":[{"href":"https:\/\/old.seacretehotels.com\/fr\/wp-json\/wp\/v2\/types\/page"}],"author":[{"embeddable":true,"href":"https:\/\/old.seacretehotels.com\/fr\/wp-json\/wp\/v2\/users\/1"}],"replies":[{"embeddable":true,"href":"https:\/\/old.seacretehotels.com\/fr\/wp-json\/wp\/v2\/comments?post=55834"}],"version-history":[{"count":6,"href":"https:\/\/old.seacretehotels.com\/fr\/wp-json\/wp\/v2\/pages\/55834\/revisions"}],"predecessor-version":[{"id":76710,"href":"https:\/\/old.seacretehotels.com\/fr\/wp-json\/wp\/v2\/pages\/55834\/revisions\/76710"}],"wp:featuredmedia":[{"embeddable":true,"href":"https:\/\/old.seacretehotels.com\/fr\/wp-json\/wp\/v2\/media\/55845"}],"wp:attachment":[{"href":"https:\/\/old.seacretehotels.com\/fr\/wp-json\/wp\/v2\/media?parent=55834"}],"curies":[{"name":"wp","href":"https:\/\/api.w.org\/{rel}","templated":true}]}}