
  
{"id":55794,"date":"2021-10-18T17:00:35","date_gmt":"2021-10-18T14:00:35","guid":{"rendered":"https:\/\/old.seacretehotels.com\/?page_id=55794"},"modified":"2021-12-17T15:17:05","modified_gmt":"2021-12-17T13:17:05","slug":"health-safety","status":"publish","type":"page","link":"https:\/\/old.seacretehotels.com\/fr\/health-safety\/","title":{"rendered":"Sant\u00e9 et s\u00e9curit\u00e9"},"content":{"rendered":"<p>Tr\u00e8s cher client,<\/p>\n<p>Dans un effort pour stopper la propagation du coronavirus (COVID-19), le gouvernement grec a pris toutes les mesures n\u00e9cessaires concernant les h\u00f4tels et complexes h\u00f4teliers saisonniers en Gr\u00e8ce &#8211; y compris pour les H\u00f4tels SeaCrete. Nous mettons en \u0153uvre les mesures strictes en mati\u00e8re de sant\u00e9 et de s\u00e9curit\u00e9 d\u00e9crites ci-dessous.<\/p>\n","protected":false},"excerpt":{"rendered":"<p>Tr\u00e8s cher client, Dans un effort pour stopper la propagation du coronavirus (COVID-19), le gouvernement grec a pris toutes les <\/p>\n","protected":false},"author":1,"featured_media":0,"parent":0,"menu_order":0,"comment_status":"closed","ping_status":"closed","template":"templates\/template--health-measures.php","meta":[],"acf":[],"_links":{"self":[{"href":"https:\/\/old.seacretehotels.com\/fr\/wp-json\/wp\/v2\/pages\/55794"}],"collection":[{"href":"https:\/\/old.seacretehotels.com\/fr\/wp-json\/wp\/v2\/pages"}],"about":[{"href":"https:\/\/old.seacretehotels.com\/fr\/wp-json\/wp\/v2\/types\/page"}],"author":[{"embeddable":true,"href":"https:\/\/old.seacretehotels.com\/fr\/wp-json\/wp\/v2\/users\/1"}],"replies":[{"embeddable":true,"href":"https:\/\/old.seacretehotels.com\/fr\/wp-json\/wp\/v2\/comments?post=55794"}],"version-history":[{"count":4,"href":"https:\/\/old.seacretehotels.com\/fr\/wp-json\/wp\/v2\/pages\/55794\/revisions"}],"predecessor-version":[{"id":55833,"href":"https:\/\/old.seacretehotels.com\/fr\/wp-json\/wp\/v2\/pages\/55794\/revisions\/55833"}],"wp:attachment":[{"href":"https:\/\/old.seacretehotels.com\/fr\/wp-json\/wp\/v2\/media?parent=55794"}],"curies":[{"name":"wp","href":"https:\/\/api.w.org\/{rel}","templated":true}]}}