
  
{"id":101812,"date":"2023-05-25T13:58:28","date_gmt":"2023-05-25T10:58:28","guid":{"rendered":"https:\/\/old.seacretehotels.com\/?page_id=101812"},"modified":"2023-11-01T10:55:08","modified_gmt":"2023-11-01T08:55:08","slug":"group-homepage-new","status":"publish","type":"page","link":"https:\/\/old.seacretehotels.com\/fr\/","title":{"rendered":"Group Homepage"},"content":{"rendered":"<h2 style=\"text-align: center;\">Les offres de r\u00e9servation anticip\u00e9e sont disponibles ! (annulation gratuite 14 jours avant l\u2019arriv\u00e9e)<\/h2>\n<p>H\u00f4tels en bord de mer en Cr\u00e8te<\/p>\n<p>SeaCrete vous propose deux h\u00f4tels de plage en Cr\u00e8te dans la r\u00e9gion pittoresque de Kalyves, dans le district de La Can\u00e9e (Chania), le complexe h\u00f4telier Kiani Beach Resort et l\u2019h\u00f4tel Kalyves Beach, tout inclus. Install\u00e9s dans l\u2019un des plus beaux endroits de La Can\u00e9e, sur le littoral de Kalyves, ces h\u00f4tels exceptionnels avec vue sur la mer constituent un havre de relaxation et de paix pour les vacances. Dans un fascinant d\u00e9cor de petites collines luxuriantes, nos h\u00f4tels de Cr\u00e8te sur la plage combinent brillamment une architecture unique et un large \u00e9ventail d\u2019installations haut de gamme et d\u2019options d\u2019h\u00e9bergements spacieux, pour composer, en plus du service soign\u00e9 du personnel, le cadre id\u00e9al pour d\u2019incroyables vacances en familles, un interlude romantique ou des vacances inoubliables sur cette \u00eele grecque \u00e9blouissante.<\/p>\n","protected":false},"excerpt":{"rendered":"<p>Les offres de r\u00e9servation anticip\u00e9e sont disponibles ! (annulation gratuite 14 jours avant l\u2019arriv\u00e9e) H\u00f4tels en bord de mer en <\/p>\n","protected":false},"author":1,"featured_media":0,"parent":0,"menu_order":0,"comment_status":"closed","ping_status":"closed","template":"templates\/template--home.php","meta":[],"acf":[],"_links":{"self":[{"href":"https:\/\/old.seacretehotels.com\/fr\/wp-json\/wp\/v2\/pages\/101812"}],"collection":[{"href":"https:\/\/old.seacretehotels.com\/fr\/wp-json\/wp\/v2\/pages"}],"about":[{"href":"https:\/\/old.seacretehotels.com\/fr\/wp-json\/wp\/v2\/types\/page"}],"author":[{"embeddable":true,"href":"https:\/\/old.seacretehotels.com\/fr\/wp-json\/wp\/v2\/users\/1"}],"replies":[{"embeddable":true,"href":"https:\/\/old.seacretehotels.com\/fr\/wp-json\/wp\/v2\/comments?post=101812"}],"version-history":[{"count":6,"href":"https:\/\/old.seacretehotels.com\/fr\/wp-json\/wp\/v2\/pages\/101812\/revisions"}],"predecessor-version":[{"id":108404,"href":"https:\/\/old.seacretehotels.com\/fr\/wp-json\/wp\/v2\/pages\/101812\/revisions\/108404"}],"wp:attachment":[{"href":"https:\/\/old.seacretehotels.com\/fr\/wp-json\/wp\/v2\/media?parent=101812"}],"curies":[{"name":"wp","href":"https:\/\/api.w.org\/{rel}","templated":true}]}}