
  
{"id":61346,"date":"2022-02-21T10:39:31","date_gmt":"2022-02-21T08:39:31","guid":{"rendered":"https:\/\/old.seacretehotels.com\/?page_id=61346"},"modified":"2023-06-06T09:48:18","modified_gmt":"2023-06-06T06:48:18","slug":"rooftop-restaurant","status":"publish","type":"page","link":"https:\/\/old.seacretehotels.com\/de\/kianibeachresort\/rooftop-restaurant\/","title":{"rendered":"Roof Top Restaurant"},"content":{"rendered":"<h1>Kiani Beach Resort Roof Top Restaurant<\/h1>\n<p><strong>Weinen und speisen Sie romantisch unter den kretischen Sternen in unserem Dachrestaurant im S\u00fcdfl\u00fcgel des Kiani Beach Resort.<\/strong><\/p>\n<p><strong>\u00d6ffnungszeiten des Dachrestaurants:<\/strong> Freitag Samstag Sonntag: 19:00 &#8211; 21:30 Uhr<\/p>\n<p>W\u00e4hlen Sie aus einer Auswahl von vier wunderbaren Men\u00fcs (gegen Geb\u00fchr) und probieren Sie die authentische und weltber\u00fchmte kretische K\u00fcche. Warum kombinieren Sie es nicht mit einer wunderbaren Flasche Wein aus der Region f\u00fcr einen gro\u00dfartigen Abend!<\/p>\n<p>Men\u00fc 1: Ein Vorgeschmack auf Griechenland<\/p>\n<p>Men\u00fc 2: Traditionelles kretisches Men\u00fc<\/p>\n<p>Men\u00fc 3: Ein Vorgeschmack auf die \u00c4g\u00e4is \u2013 Meeresfr\u00fcchte-Men\u00fc<\/p>\n<p>Men\u00fc 4: Vegetarisches Men\u00fc<\/p>\n<p><strong><a href=\"https:\/\/old.seacretehotels.com\/wp-content\/uploads\/2022\/06\/rooftop_menu.pdf\" target=\"_blank\" rel=\"noopener\">Laden Sie hier die vollst\u00e4ndige Speisekarte herunter<\/a><\/strong><\/p>\n<p><strong>Reservierung erforderlich.<\/strong><br \/>\nUm Ihren Tisch zu reservieren, nehmen Sie bitte Ihre Reservierung an der Hauptrezeption vor.<\/p>\n<p>&nbsp;<\/p>\n","protected":false},"excerpt":{"rendered":"<p>Kiani Beach Resort Roof Top Restaurant Weinen und speisen Sie romantisch unter den kretischen Sternen in unserem Dachrestaurant im S\u00fcdfl\u00fcgel <\/p>\n","protected":false},"author":1,"featured_media":76154,"parent":48656,"menu_order":0,"comment_status":"closed","ping_status":"closed","template":"templates\/template--single.php","meta":[],"acf":[],"_links":{"self":[{"href":"https:\/\/old.seacretehotels.com\/de\/wp-json\/wp\/v2\/pages\/61346"}],"collection":[{"href":"https:\/\/old.seacretehotels.com\/de\/wp-json\/wp\/v2\/pages"}],"about":[{"href":"https:\/\/old.seacretehotels.com\/de\/wp-json\/wp\/v2\/types\/page"}],"author":[{"embeddable":true,"href":"https:\/\/old.seacretehotels.com\/de\/wp-json\/wp\/v2\/users\/1"}],"replies":[{"embeddable":true,"href":"https:\/\/old.seacretehotels.com\/de\/wp-json\/wp\/v2\/comments?post=61346"}],"version-history":[{"count":11,"href":"https:\/\/old.seacretehotels.com\/de\/wp-json\/wp\/v2\/pages\/61346\/revisions"}],"predecessor-version":[{"id":102473,"href":"https:\/\/old.seacretehotels.com\/de\/wp-json\/wp\/v2\/pages\/61346\/revisions\/102473"}],"up":[{"embeddable":true,"href":"https:\/\/old.seacretehotels.com\/de\/wp-json\/wp\/v2\/pages\/48656"}],"wp:featuredmedia":[{"embeddable":true,"href":"https:\/\/old.seacretehotels.com\/de\/wp-json\/wp\/v2\/media\/76154"}],"wp:attachment":[{"href":"https:\/\/old.seacretehotels.com\/de\/wp-json\/wp\/v2\/media?parent=61346"}],"curies":[{"name":"wp","href":"https:\/\/api.w.org\/{rel}","templated":true}]}}