
  
{"id":52365,"date":"2021-04-20T11:40:47","date_gmt":"2021-04-20T08:40:47","guid":{"rendered":"https:\/\/old.seacretehotels.com\/belive-family-sports-club\/"},"modified":"2021-04-29T09:38:11","modified_gmt":"2021-04-29T06:38:11","slug":"belive-family-sports-club","status":"publish","type":"page","link":"https:\/\/old.seacretehotels.com\/de\/kianibeachresort\/belive-family-sports-club\/","title":{"rendered":"BeLive Familiensportverein"},"content":{"rendered":"<p>Zus\u00e4tzliche Fitnesseinrichtungen f\u00fcr die ganze Familie w\u00e4hrend Ihres Aufenthalts im Kiani Beach Resort!<\/p>\n<p>Wir freuen uns sehr \u00fcber die Zusammenarbeit mit dem BeLive Family Sports Club in Chania, wo unsere G\u00e4ste w\u00e4hrend ihres Aufenthalts im Kiani Beach Resort zus\u00e4tzliche Fitness- und Freizeitaktivit\u00e4ten genie\u00dfen k\u00f6nnen.<\/p>\n<p>Der Fitnesskomplex beherbergt:<\/p>\n<ul>\n<li>Eine Turnhalle<\/li>\n<li>Gruppenfitnesseinrichtungen<\/li>\n<li>Ein Kinderspielplatz im Innen- und Au\u00dfenbereich<\/li>\n<li>6 hochmoderne Tennispl\u00e4tze<\/li>\n<li>2 Squashpl\u00e4tze<\/li>\n<li>Mentales Leistungstraining<\/li>\n<li>Restaurant und Bars<\/li>\n<\/ul>\n<p>Wenn Sie die oben genannten Einrichtungen nutzen m\u00f6chten, erkundigen Sie sich bitte an der Hauptrezeption. Bitte beachten Sie, dass die oben genannten Dienstleistungen gegen Aufpreis angeboten werden.<\/p>\n<p>F\u00fcr weitere Informationen und Fotos des BeLive Family Sportclubs klicken Sie auf <a href=\"https:\/\/www.belive.gr\/\" target=\"_blank\" rel=\"noopener noreferrer\">hier<\/a><br \/>\nF\u00fcr Standortinformationen klicken Sie bitte <a href=\"https:\/\/www.google.gr\/maps\/dir\/Kiani+Beach+Resort,+Chania\/BeLive+Family+Sports+Club,+Daratsos+731+00\/@35.4881831,23.9994666,12z\/data=!3m1!4b1!4m13!4m12!1m5!1m1!1s0x149b80032ecf2d49:0x3481d5bc7c15d52b!2m2!1d24.1551147!2d35.4660385!1m5!1m1!1s0x149c8710c1bd63bf:0xc75e2fd4a322ffaa!2m2!1d23.9838986!2d35.5024927?hl=en\" target=\"_blank\" rel=\"noopener noreferrer\">hier<\/a><\/p>\n<p><img decoding=\"async\" loading=\"lazy\" class=\"alignnone size-medium wp-image-52276\" src=\"https:\/\/old.seacretehotels.com\/wp-content\/uploads\/2021\/04\/image-1557813012469-800x533.jpg\" alt=\"\" width=\"800\" height=\"533\" srcset=\"https:\/\/old.seacretehotels.com\/wp-content\/uploads\/2021\/04\/image-1557813012469-800x533.jpg 800w, https:\/\/old.seacretehotels.com\/wp-content\/uploads\/2021\/04\/image-1557813012469-600x400.jpg 600w, https:\/\/old.seacretehotels.com\/wp-content\/uploads\/2021\/04\/image-1557813012469.jpg 900w\" sizes=\"(max-width: 800px) 100vw, 800px\" \/><\/p>\n<p><img decoding=\"async\" loading=\"lazy\" class=\"size-medium wp-image-52270\" src=\"https:\/\/old.seacretehotels.com\/wp-content\/uploads\/2021\/04\/image-1557813078257-800x533.jpg\" alt=\"BeLive family sports club Chania\" width=\"800\" height=\"533\" srcset=\"https:\/\/old.seacretehotels.com\/wp-content\/uploads\/2021\/04\/image-1557813078257-800x533.jpg 800w, https:\/\/old.seacretehotels.com\/wp-content\/uploads\/2021\/04\/image-1557813078257-600x400.jpg 600w, https:\/\/old.seacretehotels.com\/wp-content\/uploads\/2021\/04\/image-1557813078257.jpg 900w\" sizes=\"(max-width: 800px) 100vw, 800px\" \/><\/p>\n<p><img decoding=\"async\" loading=\"lazy\" class=\"size-medium wp-image-52273\" src=\"https:\/\/old.seacretehotels.com\/wp-content\/uploads\/2021\/04\/image-1557813105413-800x533.jpg\" alt=\"BeLive family sports club Chania\" width=\"800\" height=\"533\" srcset=\"https:\/\/old.seacretehotels.com\/wp-content\/uploads\/2021\/04\/image-1557813105413-800x533.jpg 800w, https:\/\/old.seacretehotels.com\/wp-content\/uploads\/2021\/04\/image-1557813105413-600x400.jpg 600w, https:\/\/old.seacretehotels.com\/wp-content\/uploads\/2021\/04\/image-1557813105413.jpg 900w\" sizes=\"(max-width: 800px) 100vw, 800px\" \/><\/p>\n<p><img decoding=\"async\" loading=\"lazy\" class=\"size-medium wp-image-52267\" src=\"https:\/\/old.seacretehotels.com\/wp-content\/uploads\/2021\/04\/image-1557813057584-800x533.jpg\" alt=\"BeLive family sports club Chania\" width=\"800\" height=\"533\" srcset=\"https:\/\/old.seacretehotels.com\/wp-content\/uploads\/2021\/04\/image-1557813057584-800x533.jpg 800w, https:\/\/old.seacretehotels.com\/wp-content\/uploads\/2021\/04\/image-1557813057584-600x400.jpg 600w, https:\/\/old.seacretehotels.com\/wp-content\/uploads\/2021\/04\/image-1557813057584.jpg 900w\" sizes=\"(max-width: 800px) 100vw, 800px\" \/><\/p>\n<p><img decoding=\"async\" loading=\"lazy\" class=\"size-medium wp-image-52264\" src=\"https:\/\/old.seacretehotels.com\/wp-content\/uploads\/2021\/04\/image-1557813038526-800x533.jpg\" alt=\"BeLive family sports club Chania\" width=\"800\" height=\"533\" srcset=\"https:\/\/old.seacretehotels.com\/wp-content\/uploads\/2021\/04\/image-1557813038526-800x533.jpg 800w, https:\/\/old.seacretehotels.com\/wp-content\/uploads\/2021\/04\/image-1557813038526-600x400.jpg 600w, https:\/\/old.seacretehotels.com\/wp-content\/uploads\/2021\/04\/image-1557813038526.jpg 900w\" sizes=\"(max-width: 800px) 100vw, 800px\" \/><\/p>\n<p><img decoding=\"async\" loading=\"lazy\" class=\"size-medium wp-image-52261\" src=\"https:\/\/old.seacretehotels.com\/wp-content\/uploads\/2021\/04\/image-1557813027868-800x533.jpg\" alt=\"BeLive family sports club Chania\" width=\"800\" height=\"533\" srcset=\"https:\/\/old.seacretehotels.com\/wp-content\/uploads\/2021\/04\/image-1557813027868-800x533.jpg 800w, https:\/\/old.seacretehotels.com\/wp-content\/uploads\/2021\/04\/image-1557813027868-600x400.jpg 600w, https:\/\/old.seacretehotels.com\/wp-content\/uploads\/2021\/04\/image-1557813027868.jpg 900w\" sizes=\"(max-width: 800px) 100vw, 800px\" \/><\/p>\n","protected":false},"excerpt":{"rendered":"<p>Zus\u00e4tzliche Fitnesseinrichtungen f\u00fcr die ganze Familie w\u00e4hrend Ihres Aufenthalts im Kiani Beach Resort! Wir freuen uns sehr \u00fcber die Zusammenarbeit <\/p>\n","protected":false},"author":3,"featured_media":52273,"parent":48656,"menu_order":0,"comment_status":"closed","ping_status":"closed","template":"templates\/template--single.php","meta":[],"acf":[],"_links":{"self":[{"href":"https:\/\/old.seacretehotels.com\/de\/wp-json\/wp\/v2\/pages\/52365"}],"collection":[{"href":"https:\/\/old.seacretehotels.com\/de\/wp-json\/wp\/v2\/pages"}],"about":[{"href":"https:\/\/old.seacretehotels.com\/de\/wp-json\/wp\/v2\/types\/page"}],"author":[{"embeddable":true,"href":"https:\/\/old.seacretehotels.com\/de\/wp-json\/wp\/v2\/users\/3"}],"replies":[{"embeddable":true,"href":"https:\/\/old.seacretehotels.com\/de\/wp-json\/wp\/v2\/comments?post=52365"}],"version-history":[{"count":4,"href":"https:\/\/old.seacretehotels.com\/de\/wp-json\/wp\/v2\/pages\/52365\/revisions"}],"predecessor-version":[{"id":52421,"href":"https:\/\/old.seacretehotels.com\/de\/wp-json\/wp\/v2\/pages\/52365\/revisions\/52421"}],"up":[{"embeddable":true,"href":"https:\/\/old.seacretehotels.com\/de\/wp-json\/wp\/v2\/pages\/48656"}],"wp:featuredmedia":[{"embeddable":true,"href":"https:\/\/old.seacretehotels.com\/de\/wp-json\/wp\/v2\/media\/52273"}],"wp:attachment":[{"href":"https:\/\/old.seacretehotels.com\/de\/wp-json\/wp\/v2\/media?parent=52365"}],"curies":[{"name":"wp","href":"https:\/\/api.w.org\/{rel}","templated":true}]}}