
  
{"id":50922,"date":"2021-02-18T11:46:53","date_gmt":"2021-02-18T09:46:53","guid":{"rendered":"https:\/\/old.seacretehotels.com\/?page_id=50922"},"modified":"2023-09-12T12:38:08","modified_gmt":"2023-09-12T09:38:08","slug":"sustainability-2","status":"publish","type":"page","link":"https:\/\/old.seacretehotels.com\/de\/kianibeachresort\/sustainability-2\/","title":{"rendered":"Kiani &#8211; Nachhaltigkeit"},"content":{"rendered":"<h1>Kiani Nachhaltigkeit<\/h1>\n<p>Eines der Dinge, die das Kalyves Beach Hotel so einzigartig machen, ist seine Umgebung. Ob es das klare blaue Meer, die goldene K\u00fcste, die gr\u00fcnen H\u00fcgel oder das herrliche Sonnenlicht von Kreta ist, man wird vollkommen von der exquisiten Natur um das Resort herum bezaubert. Welchen gr\u00f6\u00dferen Schatz kann es geben als die Umwelt selbst.<\/p>\n<p>Als umweltfreundliches Hotel f\u00fcgt sich das Kalyves Beach Hotel in die nat\u00fcrliche Umgebung ein und respektiert die Umwelt nicht nur durch seine Architektur, sondern auch durch seine starke Philosophie des \u00f6kologischen Gewissens und der t\u00e4glichen Umweltfreundlichkeit, Daf\u00fcr wurden wir auch mit dem \u201eHACCP &amp; TRAVELIFE\u201c-Award ausgezeichnet. Im Folgenden finden Sie eine Auswahl einiger unserer bewussten Praktiken:<\/p>\n<p><a href=\"https:\/\/old.seacretehotels.com\/wp-content\/uploads\/2021\/04\/SeaCrete-Children-Policy_March2021_EN.pdf\" target=\"_blank\" rel=\"nofollow noopener noreferrer\">Kinderschutzrichtlinie<\/a><\/p>\n<p><a href=\"https:\/\/old.seacretehotels.com\/wp-content\/uploads\/2021\/04\/SeaCrete-Local-Community-Policy_March2021_EN.pdf\" target=\"_blank\" rel=\"nofollow noopener noreferrer\">Richtlinien f\u00fcr Mitarbeiter und lokale Gemeinschaften<\/a><\/p>\n<p><a href=\"https:\/\/old.seacretehotels.com\/wp-content\/uploads\/2021\/04\/SeaCrete-Environmental-Policy-March2021_EN.pdf\" target=\"_blank\" rel=\"noopener noreferrer\">Umweltpolitik<\/a><\/p>\n<p><a href=\"https:\/\/old.seacretehotels.com\/wp-content\/uploads\/2021\/04\/SeaCrete-HealthSafety-Policy_March2021_EN.pdf\" target=\"_blank\" rel=\"nofollow noopener noreferrer\">Gesundheits- und Sicherheitspolitik<\/a><\/p>\n<p><a href=\"https:\/\/old.seacretehotels.com\/wp-content\/uploads\/2021\/04\/SeaCrete-Human-Rights-and-employees_March2021_EN.pdf\" target=\"_blank\" rel=\"noopener noreferrer\">Menschenrechte &amp; Mitarbeiter<\/a><\/p>\n<p><a href=\"https:\/\/old.seacretehotels.com\/wp-content\/uploads\/2021\/04\/SeaCrete-Quality-policy_March2021_EN.pdf\" target=\"_blank\" rel=\"noopener noreferrer\">Qualit\u00e4tssicherungsrichtlinie <\/a><\/p>\n<p><a href=\"https:\/\/old.seacretehotels.com\/wp-content\/uploads\/2023\/09\/2023_KIANI-SUSTAIN-REPORT-2021-2022_Final.pdf\" target=\"_blank\" rel=\"nofollow noopener noreferrer\">Nachhaltigkeitsbericht<\/a><\/p>\n<p><a href=\"https:\/\/old.seacretehotels.com\/wp-content\/uploads\/2022\/12\/\u0395\u039d\u0397\u039c\u0395\u03a1\u03a9\u03a3\u0397-\u0392-\u0395\u03a0\u0399\u03a0\u0395\u0394\u039f\u03a5-\u039a\u0391\u039c\u0395\u03a1\u0395\u03a3.pdf\" target=\"_blank\" rel=\"noopener\">Kamerainformationen<\/a><\/p>\n<p><strong><a href=\"https:\/\/old.seacretehotels.com\/wp-content\/uploads\/2021\/10\/SeaCreteHotels_Sustainability.pdf\" target=\"_blank\" rel=\"noopener noreferrer\">Laden Sie hier unsere vollst\u00e4ndige Pr\u00e4sentation zur Nachhaltigkeit von SeaCrete Hotels herunter<\/a><\/strong><\/p>\n","protected":false},"excerpt":{"rendered":"<p>Kiani Nachhaltigkeit Eines der Dinge, die das Kalyves Beach Hotel so einzigartig machen, ist seine Umgebung. Ob es das klare <\/p>\n","protected":false},"author":1,"featured_media":0,"parent":48656,"menu_order":0,"comment_status":"closed","ping_status":"closed","template":"templates\/template--hotel.php","meta":[],"acf":[],"_links":{"self":[{"href":"https:\/\/old.seacretehotels.com\/de\/wp-json\/wp\/v2\/pages\/50922"}],"collection":[{"href":"https:\/\/old.seacretehotels.com\/de\/wp-json\/wp\/v2\/pages"}],"about":[{"href":"https:\/\/old.seacretehotels.com\/de\/wp-json\/wp\/v2\/types\/page"}],"author":[{"embeddable":true,"href":"https:\/\/old.seacretehotels.com\/de\/wp-json\/wp\/v2\/users\/1"}],"replies":[{"embeddable":true,"href":"https:\/\/old.seacretehotels.com\/de\/wp-json\/wp\/v2\/comments?post=50922"}],"version-history":[{"count":15,"href":"https:\/\/old.seacretehotels.com\/de\/wp-json\/wp\/v2\/pages\/50922\/revisions"}],"predecessor-version":[{"id":107014,"href":"https:\/\/old.seacretehotels.com\/de\/wp-json\/wp\/v2\/pages\/50922\/revisions\/107014"}],"up":[{"embeddable":true,"href":"https:\/\/old.seacretehotels.com\/de\/wp-json\/wp\/v2\/pages\/48656"}],"wp:attachment":[{"href":"https:\/\/old.seacretehotels.com\/de\/wp-json\/wp\/v2\/media?parent=50922"}],"curies":[{"name":"wp","href":"https:\/\/api.w.org\/{rel}","templated":true}]}}