
  
{"id":49031,"date":"2021-01-07T13:10:26","date_gmt":"2021-01-07T11:10:26","guid":{"rendered":"https:\/\/old.seacretehotels.com\/?page_id=49031\/"},"modified":"2021-01-07T16:49:03","modified_gmt":"2021-01-07T14:49:03","slug":"baby-care","status":"publish","type":"page","link":"https:\/\/old.seacretehotels.com\/de\/kianibeachresort\/baby-care\/","title":{"rendered":"Kiani Kinderklub, Alter 0-4 &#038; 4-12"},"content":{"rendered":"<h1>Kinderklub, Alter 0-4 &amp; 4-12 Jahre<\/h1>\n<p>Im Kiani Beach Hotel verstehen wir, dass ein Familienurlaub, wenn man mit einem Baby oder einem Kleinkind verreist, eher anstrengend als entspannend sein kann. Trotz der Tatsache, dass Sie immer in Alarmbereitschaft sein m\u00fcssen, m\u00fcssen Sie eine Vielzahl von Dingen mitnehmen, um den Bed\u00fcrfnissen Ihrer Kleinen gerecht zu werden. In Anbetracht dessen sind wir bereit, Ihnen alles zur Verf\u00fcgung zu stellen, was Ihr Baby im Urlaub m\u00f6glicherweise ben\u00f6tigt, um einen sorgenfreien Aufenthalt f\u00fcr die ganze Familie zu gew\u00e4hrleisten. Ihr Komfort und das Wohlbefinden Ihres Kindes ist f\u00fcr uns sehr wichtig. Deshalb haben wir alle Ma\u00dfnahmen ergriffen, um das L\u00e4cheln sowohl auf dem Gesicht Ihres Kindes als auch auf Ihrem zu bewahren. Genie\u00dfen Sie Ihren Urlaub ohne jegliche \u00c4ngste und lassen Sie auch Ihr Kind den gemeinsamen Urlaub genie\u00dfen! Wir haben alles, was Sie ben\u00f6tigen, einschlie\u00dflich:<\/p>\n<ul>\n<li>Kinderwagen<\/li>\n<li>Hochst\u00fchle im Restaurant<\/li>\n<li>Babyphones<\/li>\n<li>Baby-Badewanne im Zimmer<\/li>\n<li>Babybett im Zimmer<\/li>\n<li>Sterilisatoren<\/li>\n<\/ul>\n","protected":false},"excerpt":{"rendered":"<p>Kinderklub, Alter 0-4 &amp; 4-12 Jahre Im Kiani Beach Hotel verstehen wir, dass ein Familienurlaub, wenn man mit einem Baby <\/p>\n","protected":false},"author":1,"featured_media":65458,"parent":48656,"menu_order":0,"comment_status":"closed","ping_status":"closed","template":"templates\/template--single.php","meta":[],"acf":[],"_links":{"self":[{"href":"https:\/\/old.seacretehotels.com\/de\/wp-json\/wp\/v2\/pages\/49031"}],"collection":[{"href":"https:\/\/old.seacretehotels.com\/de\/wp-json\/wp\/v2\/pages"}],"about":[{"href":"https:\/\/old.seacretehotels.com\/de\/wp-json\/wp\/v2\/types\/page"}],"author":[{"embeddable":true,"href":"https:\/\/old.seacretehotels.com\/de\/wp-json\/wp\/v2\/users\/1"}],"replies":[{"embeddable":true,"href":"https:\/\/old.seacretehotels.com\/de\/wp-json\/wp\/v2\/comments?post=49031"}],"version-history":[{"count":4,"href":"https:\/\/old.seacretehotels.com\/de\/wp-json\/wp\/v2\/pages\/49031\/revisions"}],"predecessor-version":[{"id":49038,"href":"https:\/\/old.seacretehotels.com\/de\/wp-json\/wp\/v2\/pages\/49031\/revisions\/49038"}],"up":[{"embeddable":true,"href":"https:\/\/old.seacretehotels.com\/de\/wp-json\/wp\/v2\/pages\/48656"}],"wp:featuredmedia":[{"embeddable":true,"href":"https:\/\/old.seacretehotels.com\/de\/wp-json\/wp\/v2\/media\/65458"}],"wp:attachment":[{"href":"https:\/\/old.seacretehotels.com\/de\/wp-json\/wp\/v2\/media?parent=49031"}],"curies":[{"name":"wp","href":"https:\/\/api.w.org\/{rel}","templated":true}]}}