
  
{"id":48671,"date":"2021-01-05T13:45:24","date_gmt":"2021-01-05T11:45:24","guid":{"rendered":"https:\/\/old.seacretehotels.com\/?page_id=48671\/"},"modified":"2022-04-01T12:50:31","modified_gmt":"2022-04-01T09:50:31","slug":"family-holidays","status":"publish","type":"page","link":"https:\/\/old.seacretehotels.com\/de\/kianibeachresort\/family-holidays\/","title":{"rendered":"Kiani Familienurlaub"},"content":{"rendered":"<h1>Unvergesslicher Familienurlaub auf Kreta<\/h1>\n<p>Das Kiani Beach Resort in Chania bietet eine gro\u00dfe Auswahl an Einrichtungen f\u00fcr die Kinderbetreuung, die Ihren Familienurlaub auf Kreta zu einer bleibenden Erinnerung machen. In einem der besten Familienresorts auf Kreta k\u00f6nnen die Eltern ein entspannendes Bad genie\u00dfen, w\u00e4hrend die Kinder vollkommen sicher im speziell entworfenen Kinderpool planschen oder Zeit am sonnenverw\u00f6hnten Strand verbringen. Das Kiani Beach Resort ist ideal f\u00fcr einen aufregenden Familienurlaub in Chania und bietet alles, was Sie f\u00fcr einen angenehmen, luxuri\u00f6sen Familienurlaub in Chania ben\u00f6tigen.<\/p>\n<h2>5-Sterne-Strandhotel mit Kinderklub in Chania<\/h2>\n<p>Dieses bezaubernde, kinderfreundliche Resort im Dorf Kalyves auf Kreta bietet ein vielseitiges Angebot an Unterhaltungsm\u00f6glichkeiten, Sport- und Wassersportabenteuern sowie Freizeitaktivit\u00e4ten f\u00fcr Kinder und Erwachsene an. Kinder sind herzlich eingeladen, den fantastischen<a href=\"https:\/\/old.seacretehotels.com\/de\/kianibeachresort\/kids-club-outdoors\/\"> Kids Club des Hotels in Chania<\/a>, Kreta und der Mini-Disco zu nutzen und ihren Urlaub am Strand zu genie\u00dfen. Das erfahrene und professionelle Animationsteam des Hotels sorgt daf\u00fcr, dass alle Kinder den ganzen Tag \u00fcber bestens unterhalten werden. Von unterhaltsamen Aktivit\u00e4ten im speziell gestalteten Kinderbecken bis hin zu Abenteuern beim Malen und Schatzsuchen, Filmzeit und Tanzstunden in unserer Mini-Disco werden sich die kleinen G\u00e4ste wie im Paradies f\u00fchlen.<\/p>\n<h3>Au\u00dfergew\u00f6hnliche Kreta-Familienurlaube<\/h3>\n<p>Familien, die im Kiani Beach Resort \u00fcbernachten, sind herzlich eingeladen, den besten Familienurlaub in Chania in einem der au\u00dfergew\u00f6hnlichsten Familienresorts auf der griechischen Insel Kreta zu erleben. Genie\u00dfen Sie den erholsamen Urlaub mit Ihrem Partner, w\u00e4hrend Ihre Kinder ihren eigenen Spa\u00df haben oder verbringen Sie zusammen mit Ihrer Familie hochwertige Zeit direkt am Strand. Das Kiani Beach Resort bietet einen Indoor- und Outdoor-Kinderklub sowie verschiedene Kindereinrichtungen und Dienstleistungen f\u00fcr Kleinkinder und Babys, damit Ihr Familienurlaub in Chania nicht nur eine Sammlung von Erinnerungen wird.<\/p>\n<h4>Einrichtungen &amp; Dienstleistungen<\/h4>\n<ul>\n<li>2 Kinderspielpl\u00e4tze<\/li>\n<li>2 Kinderbecken<\/li>\n<li>Aufblasbare H\u00fcpfburg<\/li>\n<li>Hochst\u00fchle im Restaurant<\/li>\n<li>Animationsprogramm und Kinderklub, 6 Tage in der Woche<\/li>\n<li>Mini-Disco<\/li>\n<li>Eselreiten<\/li>\n<li>Gesichtsbemalung<\/li>\n<\/ul>\n","protected":false},"excerpt":{"rendered":"<p>Unvergesslicher Familienurlaub auf Kreta Das Kiani Beach Resort in Chania bietet eine gro\u00dfe Auswahl an Einrichtungen f\u00fcr die Kinderbetreuung, die <\/p>\n","protected":false},"author":1,"featured_media":65476,"parent":48656,"menu_order":0,"comment_status":"closed","ping_status":"closed","template":"templates\/template--single.php","meta":[],"acf":[],"_links":{"self":[{"href":"https:\/\/old.seacretehotels.com\/de\/wp-json\/wp\/v2\/pages\/48671"}],"collection":[{"href":"https:\/\/old.seacretehotels.com\/de\/wp-json\/wp\/v2\/pages"}],"about":[{"href":"https:\/\/old.seacretehotels.com\/de\/wp-json\/wp\/v2\/types\/page"}],"author":[{"embeddable":true,"href":"https:\/\/old.seacretehotels.com\/de\/wp-json\/wp\/v2\/users\/1"}],"replies":[{"embeddable":true,"href":"https:\/\/old.seacretehotels.com\/de\/wp-json\/wp\/v2\/comments?post=48671"}],"version-history":[{"count":6,"href":"https:\/\/old.seacretehotels.com\/de\/wp-json\/wp\/v2\/pages\/48671\/revisions"}],"predecessor-version":[{"id":63452,"href":"https:\/\/old.seacretehotels.com\/de\/wp-json\/wp\/v2\/pages\/48671\/revisions\/63452"}],"up":[{"embeddable":true,"href":"https:\/\/old.seacretehotels.com\/de\/wp-json\/wp\/v2\/pages\/48656"}],"wp:featuredmedia":[{"embeddable":true,"href":"https:\/\/old.seacretehotels.com\/de\/wp-json\/wp\/v2\/media\/65476"}],"wp:attachment":[{"href":"https:\/\/old.seacretehotels.com\/de\/wp-json\/wp\/v2\/media?parent=48671"}],"curies":[{"name":"wp","href":"https:\/\/api.w.org\/{rel}","templated":true}]}}