
  
{"id":48667,"date":"2021-01-05T13:38:54","date_gmt":"2021-01-05T11:38:54","guid":{"rendered":"https:\/\/old.seacretehotels.com\/?page_id=48667\/"},"modified":"2023-05-18T09:01:54","modified_gmt":"2023-05-18T06:01:54","slug":"kids-club-outdoors","status":"publish","type":"page","link":"https:\/\/old.seacretehotels.com\/de\/kianibeachresort\/kids-club-outdoors\/","title":{"rendered":"Kinderklub-Aktivit\u00e4ten im Au\u00dfenbereich"},"content":{"rendered":"<h1>Hotel mit Kinderklub auf Kreta<\/h1>\n<p><strong>Betriebsstunden:<\/strong><br \/>\n\u00d6ffnungszeiten: (vormittags von 10:30 bis 13:00 Uhr, nachmittags von 15:30 to 17:30 Uhr, 6 Tage die Woche, Mittwoch geschlossen.)<br \/>\n<strong>Kinderabendshows<\/strong> 21:00 &#8211; 22:00<\/p>\n<p><strong>Unser Kiani Kids Club bietet:<\/strong><\/p>\n<ul>\n<li>Unterhaltsame Aktivit\u00e4ten, die von Animateuren organisiert werden<\/li>\n<li>Aufblasbare H\u00fcpfburg<\/li>\n<li>Eselreiten mit Herkules<\/li>\n<li>Begegnung mit unserem Maskottchen<\/li>\n<li>Mini-Disco<\/li>\n<li>Umwelttage<\/li>\n<li>Kinderkinoabende<\/li>\n<\/ul>\n<p><strong>Altersbeschr\u00e4nkungen im Kiani Kids Club:<\/strong><br \/>\nAltersbeschr\u00e4nkungen: Der Kinderclub ist f\u00fcr Kinder im Alter von 4-8 Jahren. Eltern k\u00f6nnen ihre Kinder zwischen 4 und 8 Jahren unter der Aufsicht unserer Animateure lassen. Eltern m\u00fcssen au\u00dferdem ein Anmeldeformular ausf\u00fcllen, wenn sie ihr Kind im Kiani Kids Club abgeben. Kinder unter 4 Jahren d\u00fcrfen in unserem Kinderclub nicht unbeaufsichtigt gelassen werden. Wenn ein Kind unter 4 Jahren an Aktivit\u00e4ten teilnehmen m\u00f6chte, muss es von einem Familienmitglied begleitet werden.<\/p>\n<p><strong>Elterliche Einschr\u00e4nkungen:<\/strong><br \/>\nEltern d\u00fcrfen das Gel\u00e4nde des Kiani Beach Resort nicht verlassen, w\u00e4hrend ihre Kinder an kostenlosen Spielen oder Aktivit\u00e4ten in unserem Kiani Kids Club teilnehmen.<\/p>\n<p><strong>Aktivit\u00e4ten im Kinderclub:<\/strong><br \/>\nDer Kids Club bietet unz\u00e4hlige Stunden Spa\u00df und Unterhaltung f\u00fcr Ihre Kinder. Ob Planschen im Pool oder Angeln im Meer, Maskenherstellung oder das beliebte Gesicht- oder T-Shirt-Bemalen, Entdecken der Welt durch verschiedene Spiele und Aktivit\u00e4ten, Ihre Kleinen k\u00f6nnen sich f\u00fcr eine aktive Woche im Kiani Kids entscheiden Verein.<\/p>\n<p>Da die Covid-19-Beschr\u00e4nkungen aufgehoben werden, nutzen wir gerne wieder unseren Indoor-Kinderclubraum, haupts\u00e4chlich f\u00fcr die Aktivit\u00e4ten in den Nachmittagsstunden. Das Zimmer des Kiani Kids Club befindet sich im Nordfl\u00fcgel des Kiani Beach Resort, folgen Sie einfach den Stufen am Boden vom Aufzug im ersten Stock, neben unserem Restaurant, um es zu finden.<\/p>\n<p><strong>Spielzimmer 0-4 Jahre alt:<\/strong> Unser Babyspielzimmer befindet sich im S\u00fcdfl\u00fcgel des Kiani Beach Resort, hinter dem Hallenbad. Der Raum ist f\u00fcr Eltern mit kleinen Kindern reserviert, wenn sie alleine spielen m\u00f6chten, und ist w\u00e4hrend der Animationszeiten von 10:30 bis 13:00 Uhr und von 16:00 bis 18:00 Uhr ge\u00f6ffnet. Es gibt keine organisierten Aktivit\u00e4ten. Es ist notwendig, den Raum mit Animateuren zu buchen.<\/p>\n<p><strong>F\u00fcr Ihre Kleinen bietet das Kiani Beach Resort au\u00dferdem:<\/strong><\/p>\n<ul>\n<li>Zwei Kinderbecken (eines davon mit Rutschen)<\/li>\n<li>Eine aufblasbare H\u00fcpfburg. Altersbeschr\u00e4nkungen: 4 \u2013 13 Jahre alt<\/li>\n<li>Zwei gro\u00dfe Kinderspielpl\u00e4tze mit Schaukeln, Kletterhindernissen und mehr, 7 Tage die Woche ganzt\u00e4gig ge\u00f6ffnet<\/li>\n<li>Eselreiten 12:30-13:00, 6 mal pro Woche (au\u00dfer Mittwoch)<\/li>\n<li>Interaktion mit unserem freundlichen Maskottchen Figlo, das vor der Kids Disco kommt, um Kinder jeden Alters zum Mitmachen zu animieren<\/li>\n<li>Kids Disco 20:30-21:00, 6 mal pro Woche (au\u00dfer Mittwoch) f\u00fcr Kinder jeden Alters<\/li>\n<li>Kids Evening Shows 21:00 \u2013 ca. 22:00, 6 Mal pro Woche (au\u00dfer Mittwoch) f\u00fcr Kinder jeden Alters<\/li>\n<\/ul>\n<p>Wenn Sie mit der Familie verreisen, gibt es keinen besseren Ort f\u00fcr einen Familienurlaub als einem 5-Sterne-Strandhotel mit einem Kinderklub auf Kreta. Das Kiani Beach Resort, optimal im Dorf Kalyves, in der N\u00e4he von Chania gelegen, ist ein g\u00fcnstiges, kinderfreundliches Hotel auf Kreta, das einen angenehmen Familienurlaub am Strand garantiert. Seine idyllische Lage zusammen mit den au\u00dfergew\u00f6hnlichen speziellen Kinder-Dienstleistungen, Babybetreuungseinrichtungen und Einrichtungen f\u00fcr Kinder erm\u00f6glichen einen lustigen, unbeschwerten und unvergesslichen Urlaub auf der Insel Kreta in Griechenland.<\/p>\n<h2>Kinderfreundliches Hotel in Chania<\/h2>\n<p>Dieses kinderfreundliche Hotel in Chania befindet sich in einem bezaubernden Familienresort am Meer und bietet eine Vielzahl von Einrichtungen und Dienstleistungen, um sicherzustellen, dass Ihr Urlaub auf Kreta mit Ihren Kindern eine unvergessliche Erinnerung f\u00fcrs Leben wird. Von den speziell entworfenen Kindermen\u00fcs, dem voll ausgestatteten Kinderklub im Freien und der gro\u00dfen Auswahl an Kinderaktivit\u00e4ten bis hin zu den vielf\u00e4ltigen Unterhaltungsm\u00f6glichkeiten f\u00fcr die ganze Familie, zeichnet sich das Kiani Beach Resort als das ultimative Familienhotel mit Kinderklub auf Kreta aus. Wenn Sie einen Urlaub in Chania mit Ihren Kindern planen, ist dies die beste Wahl f\u00fcr alle. Lassen Sie, dass sich Ihre Kinder gut am\u00fcsieren, w\u00e4hrend Sie sich am Strand entspannen.<\/p>\n<p>&nbsp;<\/p>\n<p>&nbsp;<\/p>\n","protected":false},"excerpt":{"rendered":"<p>Hotel mit Kinderklub auf Kreta Betriebsstunden: \u00d6ffnungszeiten: (vormittags von 10:30 bis 13:00 Uhr, nachmittags von 15:30 to 17:30 Uhr, 6 <\/p>\n","protected":false},"author":1,"featured_media":65559,"parent":48656,"menu_order":0,"comment_status":"closed","ping_status":"closed","template":"templates\/template--single.php","meta":[],"acf":[],"_links":{"self":[{"href":"https:\/\/old.seacretehotels.com\/de\/wp-json\/wp\/v2\/pages\/48667"}],"collection":[{"href":"https:\/\/old.seacretehotels.com\/de\/wp-json\/wp\/v2\/pages"}],"about":[{"href":"https:\/\/old.seacretehotels.com\/de\/wp-json\/wp\/v2\/types\/page"}],"author":[{"embeddable":true,"href":"https:\/\/old.seacretehotels.com\/de\/wp-json\/wp\/v2\/users\/1"}],"replies":[{"embeddable":true,"href":"https:\/\/old.seacretehotels.com\/de\/wp-json\/wp\/v2\/comments?post=48667"}],"version-history":[{"count":10,"href":"https:\/\/old.seacretehotels.com\/de\/wp-json\/wp\/v2\/pages\/48667\/revisions"}],"predecessor-version":[{"id":101257,"href":"https:\/\/old.seacretehotels.com\/de\/wp-json\/wp\/v2\/pages\/48667\/revisions\/101257"}],"up":[{"embeddable":true,"href":"https:\/\/old.seacretehotels.com\/de\/wp-json\/wp\/v2\/pages\/48656"}],"wp:featuredmedia":[{"embeddable":true,"href":"https:\/\/old.seacretehotels.com\/de\/wp-json\/wp\/v2\/media\/65559"}],"wp:attachment":[{"href":"https:\/\/old.seacretehotels.com\/de\/wp-json\/wp\/v2\/media?parent=48667"}],"curies":[{"name":"wp","href":"https:\/\/api.w.org\/{rel}","templated":true}]}}