
  
{"id":48663,"date":"2021-01-05T13:34:01","date_gmt":"2021-01-05T11:34:01","guid":{"rendered":"https:\/\/old.seacretehotels.com\/?page_id=48663\/"},"modified":"2023-05-18T09:05:42","modified_gmt":"2023-05-18T06:05:42","slug":"kids-club-indoors","status":"publish","type":"page","link":"https:\/\/old.seacretehotels.com\/de\/kianibeachresort\/kids-club-indoors\/","title":{"rendered":"Kinderaktivit\u00e4ten im Innenbereich"},"content":{"rendered":"<h1>Kid&#8217;s Club im Innenbereich<\/h1>\n<p><strong>\u00d6ffnungszeiten:<\/strong><br \/>\n10:30 bis 13:00 Uhr Nachmittag: 15:30 to 17:30 Uhr (6 Tage die Woche)<\/p>\n<p><strong>Altersbeschr\u00e4nkungen:<\/strong><br \/>\nDer Indoor Kids Club ist f\u00fcr Kinder im Alter von 0-4 Jahren und 4-8 Jahren.<\/p>\n<p><strong>Indoor-Club 4-8 Jahre alt<\/strong><br \/>\nEltern k\u00f6nnen ihre Kinder zwischen 4 und 8 Jahren unter der Obhut unserer professionellen Animateure lassen. Eltern m\u00fcssen auch ein Formular ausf\u00fcllen, wenn sie ihr Kind verlassen, mit dem Namen des Kindes, den Kontaktdaten der Eltern und mehr. Kinder unter 4 Jahren d\u00fcrfen in unserem Kinderclub nicht unbeaufsichtigt gelassen werden. Wenn ein Kind unter 4 Jahren den Indoor Kids Club besuchen oder an Indoor-Aktivit\u00e4ten teilnehmen m\u00f6chte, muss es von einem oder beiden Elternteilen begleitet werden.<\/p>\n<p><strong>Indoor-Spielzimmer 0-4 Jahre alt<\/strong><br \/>\nUnser Babyspielzimmer befindet sich im S\u00fcdfl\u00fcgel des Kiani Beach Resort, hinter dem Hallenbad. Der Raum ist f\u00fcr Eltern mit kleinen Kindern reserviert, wenn sie alleine spielen m\u00f6chten, und ist w\u00e4hrend der Animationszeiten von 10:30 bis 13:00 Uhr und von 15:00 to 17:00 Uhr ge\u00f6ffnet. Es gibt keine organisierten Aktivit\u00e4ten. Es ist notwendig, den Raum mit Animateuren zu buchen.<\/p>\n<p><strong>Elterliche Einschr\u00e4nkungen:<\/strong><br \/>\nEltern d\u00fcrfen das Gel\u00e4nde des Kiani Beach Resort nicht verlassen, w\u00e4hrend ihre Kinder an kostenlosen Spielen oder Aktivit\u00e4ten in unserem Kiani Kids Club teilnehmen.<\/p>\n<p><strong>Aktivit\u00e4ten<\/strong><br \/>\nDer Indoors Kids Club des Hotels bietet unz\u00e4hlige Stunden Spa\u00df und Unterhaltung f\u00fcr Kinder jeden Alters. Kinder sind herzlich eingeladen, ihre Kreativit\u00e4t mit Kunst-, Design- und Malsitzungen zu f\u00f6rdern, frei mit all unseren Spielsachen und Spielen zu spielen sowie an Kunst und Kunsthandwerk teilzunehmen und vieles mehr.<\/p>\n","protected":false},"excerpt":{"rendered":"<p>Kid&#8217;s Club im Innenbereich \u00d6ffnungszeiten: 10:30 bis 13:00 Uhr Nachmittag: 15:30 to 17:30 Uhr (6 Tage die Woche) Altersbeschr\u00e4nkungen: Der <\/p>\n","protected":false},"author":1,"featured_media":49353,"parent":48656,"menu_order":0,"comment_status":"closed","ping_status":"closed","template":"templates\/template--single.php","meta":[],"acf":[],"_links":{"self":[{"href":"https:\/\/old.seacretehotels.com\/de\/wp-json\/wp\/v2\/pages\/48663"}],"collection":[{"href":"https:\/\/old.seacretehotels.com\/de\/wp-json\/wp\/v2\/pages"}],"about":[{"href":"https:\/\/old.seacretehotels.com\/de\/wp-json\/wp\/v2\/types\/page"}],"author":[{"embeddable":true,"href":"https:\/\/old.seacretehotels.com\/de\/wp-json\/wp\/v2\/users\/1"}],"replies":[{"embeddable":true,"href":"https:\/\/old.seacretehotels.com\/de\/wp-json\/wp\/v2\/comments?post=48663"}],"version-history":[{"count":16,"href":"https:\/\/old.seacretehotels.com\/de\/wp-json\/wp\/v2\/pages\/48663\/revisions"}],"predecessor-version":[{"id":101264,"href":"https:\/\/old.seacretehotels.com\/de\/wp-json\/wp\/v2\/pages\/48663\/revisions\/101264"}],"up":[{"embeddable":true,"href":"https:\/\/old.seacretehotels.com\/de\/wp-json\/wp\/v2\/pages\/48656"}],"wp:featuredmedia":[{"embeddable":true,"href":"https:\/\/old.seacretehotels.com\/de\/wp-json\/wp\/v2\/media\/49353"}],"wp:attachment":[{"href":"https:\/\/old.seacretehotels.com\/de\/wp-json\/wp\/v2\/media?parent=48663"}],"curies":[{"name":"wp","href":"https:\/\/api.w.org\/{rel}","templated":true}]}}