
  
{"id":48656,"date":"2021-01-05T13:27:57","date_gmt":"2021-01-05T11:27:57","guid":{"rendered":"https:\/\/old.seacretehotels.com\/?page_id=48656\/"},"modified":"2023-10-30T15:56:49","modified_gmt":"2023-10-30T13:56:49","slug":"kianibeachresort","status":"publish","type":"page","link":"https:\/\/old.seacretehotels.com\/de\/kianibeachresort\/","title":{"rendered":"Kiani Startseite"},"content":{"rendered":"<p><strong>Das Kiani Beach Resort <\/strong>wurde zu den Top 10 All-Inclusive-Resorts in Griechenland f\u00fcr 2022 und den Top 25 All-Inclusive-Resorts in Europa f\u00fcr 2022 gew\u00e4hlt<\/p>\n<p>All-Inclusive Familienresort in Chania, Kreta<\/p>\n<p>Das Kiani Beach Resort ist ein <a href=\"https:\/\/old.seacretehotels.com\/de\/kianibeachresort\/allinclusive-hotel\/\">All-Inclusive-Familienresort in Chania<\/a> direkt am preisgekr\u00f6nten, mit der Blauen Flagge ausgezeichneten Strand von Kiani Akti und in der N\u00e4he des Dorfes Kalyves. Diese au\u00dfergew\u00f6hnliche Ferienwohnungsanlage am Meer von Chania ist der ideale Zufluchtsort f\u00fcr Familien mit kleinen Kindern, da sie vor allem die komfortable Unterkunft von Erwachsenen und Kindern ber\u00fccksichtigt. Die gro\u00dfe Auswahl an au\u00dferordentlichen Einrichtungen und Dienstleistungen f\u00fcr alle Altersgruppen sorgen f\u00fcr einen wirklich entspannten Familienurlaub auf Kreta. Bereiten Sie sich darauf vor, in eine Welt des Luxus einzutauchen und Ihren Urlaub in einem der besten Strandresorts in Griechenland zu genie\u00dfen.<\/p>\n<h2><strong>Family-Resort in Chania<\/strong><\/h2>\n<p>Im Laufe Ihres Besuchs in diesem au\u00dferordentlichen Familienresort k\u00f6nnen Sie im kristallklaren Wasser des kretischen Meeres oder im Swimmingpool schwimmen, erfrischende Cocktails und k\u00f6stliche Mahlzeiten genie\u00dfen, an einer Reihe von Freizeit- und Unterhaltungsprogrammen teilnehmen oder sich in der bezauberndsten aller Umgebungen vollkommen entspannen. Was auch immer Ihr Alter ist, geben Sie sich der gl\u00fcckseligen Atmosph\u00e4re dieses luxuri\u00f6sen 5-Sterne-Resorts in Chania hin und bereiten Sie sich darauf vor, Unerwartetes zu erleben.<\/p>\n","protected":false},"excerpt":{"rendered":"<p>Das Kiani Beach Resort wurde zu den Top 10 All-Inclusive-Resorts in Griechenland f\u00fcr 2022 und den Top 25 All-Inclusive-Resorts in <\/p>\n","protected":false},"author":1,"featured_media":48658,"parent":0,"menu_order":0,"comment_status":"closed","ping_status":"closed","template":"templates\/template--hotel.php","meta":[],"acf":[],"_links":{"self":[{"href":"https:\/\/old.seacretehotels.com\/de\/wp-json\/wp\/v2\/pages\/48656"}],"collection":[{"href":"https:\/\/old.seacretehotels.com\/de\/wp-json\/wp\/v2\/pages"}],"about":[{"href":"https:\/\/old.seacretehotels.com\/de\/wp-json\/wp\/v2\/types\/page"}],"author":[{"embeddable":true,"href":"https:\/\/old.seacretehotels.com\/de\/wp-json\/wp\/v2\/users\/1"}],"replies":[{"embeddable":true,"href":"https:\/\/old.seacretehotels.com\/de\/wp-json\/wp\/v2\/comments?post=48656"}],"version-history":[{"count":28,"href":"https:\/\/old.seacretehotels.com\/de\/wp-json\/wp\/v2\/pages\/48656\/revisions"}],"predecessor-version":[{"id":108349,"href":"https:\/\/old.seacretehotels.com\/de\/wp-json\/wp\/v2\/pages\/48656\/revisions\/108349"}],"wp:featuredmedia":[{"embeddable":true,"href":"https:\/\/old.seacretehotels.com\/de\/wp-json\/wp\/v2\/media\/48658"}],"wp:attachment":[{"href":"https:\/\/old.seacretehotels.com\/de\/wp-json\/wp\/v2\/media?parent=48656"}],"curies":[{"name":"wp","href":"https:\/\/api.w.org\/{rel}","templated":true}]}}